{"id":1017,"date":"2019-07-07T17:02:55","date_gmt":"2019-07-07T15:02:55","guid":{"rendered":"https:\/\/vojnakrajina.ffzg.unizg.hr\/?page_id=1017"},"modified":"2022-07-05T15:37:03","modified_gmt":"2022-07-05T13:37:03","slug":"vinodol","status":"publish","type":"page","link":"https:\/\/vojnakrajina.ffzg.unizg.hr\/en\/vinodol\/","title":{"rendered":"Vinodol-hrvatska"},"content":{"rendered":"<div data-elementor-type=\"wp-post\" data-elementor-id=\"1017\" class=\"elementor elementor-1017\">\n\t\t\t\t\t\t<section class=\"elementor-section elementor-top-section elementor-element elementor-element-3844cfe elementor-section-boxed elementor-section-height-default elementor-section-height-default\" data-id=\"3844cfe\" data-element_type=\"section\" data-settings=\"{&quot;background_background&quot;:&quot;classic&quot;}\">\n\t\t\t\t\t\t<div class=\"elementor-container elementor-column-gap-default\">\n\t\t\t\t\t<div class=\"elementor-column elementor-col-100 elementor-top-column elementor-element elementor-element-4f8f9ad5\" data-id=\"4f8f9ad5\" data-element_type=\"column\">\n\t\t\t<div class=\"elementor-widget-wrap elementor-element-populated\">\n\t\t\t\t\t\t<div class=\"elementor-element elementor-element-3bc14595 elementor-widget elementor-widget-heading\" data-id=\"3bc14595\" data-element_type=\"widget\" data-widget_type=\"heading.default\">\n\t\t\t\t<div class=\"elementor-widget-container\">\n\t\t\t\t\t<h2 class=\"elementor-heading-title elementor-size-default\"><font color=\"#943616\"><span style=\"font-size: 40px\">(Novi) Vinodol<\/span><\/font><\/h2>\t\t\t\t<\/div>\n\t\t\t\t<\/div>\n\t\t\t\t<div class=\"elementor-element elementor-element-6d10e784 elementor-widget elementor-widget-heading\" data-id=\"6d10e784\" data-element_type=\"widget\" data-widget_type=\"heading.default\">\n\t\t\t\t<div class=\"elementor-widget-container\">\n\t\t\t\t\t<h2 class=\"elementor-heading-title elementor-size-default\">Croatian Frontier<\/h2>\t\t\t\t<\/div>\n\t\t\t\t<\/div>\n\t\t\t\t<div class=\"elementor-element elementor-element-a969d9f elementor-widget elementor-widget-text-editor\" data-id=\"a969d9f\" data-element_type=\"widget\" data-widget_type=\"text-editor.default\">\n\t\t\t\t<div class=\"elementor-widget-container\">\n\t\t\t\t\t\t\t\t\t<p><strong>Author:\u00a0<\/strong>Karlo Rukavina<br \/>(\u00a92019.)<\/p>\t\t\t\t\t\t\t\t<\/div>\n\t\t\t\t<\/div>\n\t\t\t\t\t<\/div>\n\t\t<\/div>\n\t\t\t\t\t<\/div>\n\t\t<\/section>\n\t\t\t\t<section class=\"elementor-section elementor-top-section elementor-element elementor-element-531a5c87 elementor-section-boxed elementor-section-height-default elementor-section-height-default\" data-id=\"531a5c87\" data-element_type=\"section\" data-settings=\"{&quot;background_background&quot;:&quot;classic&quot;}\">\n\t\t\t\t\t\t<div class=\"elementor-container elementor-column-gap-default\">\n\t\t\t\t\t<div class=\"elementor-column elementor-col-66 elementor-top-column elementor-element elementor-element-3c9625d6\" data-id=\"3c9625d6\" data-element_type=\"column\">\n\t\t\t<div class=\"elementor-widget-wrap elementor-element-populated\">\n\t\t\t\t\t\t<div class=\"elementor-element elementor-element-5bc76fde elementor-widget elementor-widget-heading\" data-id=\"5bc76fde\" data-element_type=\"widget\" data-widget_type=\"heading.default\">\n\t\t\t\t<div class=\"elementor-widget-container\">\n\t\t\t\t\t<h2 class=\"elementor-heading-title elementor-size-default\">Vinodol<\/h2>\t\t\t\t<\/div>\n\t\t\t\t<\/div>\n\t\t\t\t<div class=\"elementor-element elementor-element-589939d4 elementor-drop-cap-yes elementor-drop-cap-view-default elementor-widget elementor-widget-text-editor\" data-id=\"589939d4\" data-element_type=\"widget\" data-settings=\"{&quot;drop_cap&quot;:&quot;yes&quot;}\" data-widget_type=\"text-editor.default\">\n\t\t\t\t<div class=\"elementor-widget-container\">\n\t\t\t\t\t\t\t\t\t<p>Povijest samog Vinodola prije rimskog doba gotovo nam je nepoznata, a sama rimska kultura je na tom podru\u010dju ostavila mnoge tragove. Vinodol je u to vrijeme bio cestovno povezan s ostalim naseljima u okolici poput Tarsatice, Senije i Ad Turres. Dolaskom Hrvata nastaje nova postojbina koja se prozvala Vinodolom ili Vallis vinaria ili Valdevino. Najstariji spomen Vinodola nalazimo u Ljetopisu Popa Dukljanina iz 12. stolje\u0107a, kao i u spisima splitske sinode iz 1185. godine. U srednjem vijeku, to jest 1260. godine hrvatsko \u2013 ugarski kralj Andrija II. Arpadovi\u0107 daruje Kr\u010dkim knezovima, napose Gvidu Frankopanu Vinodol i Modru\u0161. Tijekom 13. stolje\u0107a na podru\u010dju Vinodola se pro\u0161irila glagoljica i u\u0161la u crkvenu liturgiju. Frankopani su tako\u0111er u 13. stolje\u0107u sagradili Novigrad, danas Novi Vinodolski. Neminovno va\u017ena godina za Vinodol je upravo 1288., ne samo za Vinodol nego i za kulturnu historiju hrvatskog naroda. Te godine je sastavljen Vinodolski zakon, pod predsjedavanjem Leonarda Frankopana, to jest pravni spomenik kojim su Vinodolci izabrali od svakog grada po nekoliko iskusnih ljudi, da potpi\u0161u stari obi\u010dajni zakon kojim se vladalo u Vinodolu.<\/p><p>Veliki potres razorio je sam Vinodol 1321. godine, a o samoj va\u017enosti tog grada za obitelj Frankopan govori i \u010dinjenica da je grad vrlo brzo obnovljen. Frankopani su tako\u0111er sagradili u 14. i 15. stolje\u0107u pavlinske samostane u Crikvenici i Novigradu te ka\u0161tele u Kraljevici i Belgradu. Jedan dio Vinodola 1479. godine dolazi pod vlast kralja Matije Korvina i njegovih kapetana, no nakon njegove smrti Frankopani vra\u0107aju svoj utjecaj u tom dijelu grada. Tijekom \u017eivota Matije Korvina dolazi do velikih borbi izme\u0111u Frankopana i njega samog \u0161to je skoro izazvalo i oru\u017eani sukob. Taj sukob je bio najvi\u0161e iniciran upravo radi upravljanja odre\u0111enih gradova, poput Senja i Vinodola. Tako\u0111er se u tu politiku uplela i Mleta\u010dka republika koja je poku\u0161ala na razli\u010dite na\u010dine iskoristiti sukob Frankopana i Korvina. Vinodol u 16. stolje\u0107u ulazi u \u0161ire ra\u0161irenu pri\u010du ratova protiv Osmanlija, a radi ugroze od Osmanlija u Novigrad se preselilo sredi\u0161te Modru\u0161ke biskupije.<\/p><p>Vinodol je tako\u0111er stradao u epidemiji kuge 1496. godine, a 1522. godine Osmanlije plja\u010dkaju Novigrad. U narednih nekoliko stolje\u0107a Vinodl mijenja svoje gospodare, a najvi\u0161e izme\u0111u Frankopana i Zrinskih, a nakon zrinsko \u2013 frankopanske urote 1670. godine Vinodol kona\u010dno pada pod upravu ugarske komore, a 1692. godine pod upravu austrijske komore koja je tamo gospodarila svojim upraviteljima. Podjelom 1786. godine Vinodol ulazi u sastav Ugarskog primorja sa sjedi\u0161tem u Rijeci, a imenovanjem Josipa Jela\u010di\u0107a guvernerom Rijeke 1848. godine, Vinodol postaje sastavni dio hrvatskog dr\u017eavnog teritorija.<\/p>\t\t\t\t\t\t\t\t<\/div>\n\t\t\t\t<\/div>\n\t\t\t\t<div class=\"elementor-element elementor-element-d9c2ce5 elementor-drop-cap-yes elementor-drop-cap-view-default elementor-widget elementor-widget-text-editor\" data-id=\"d9c2ce5\" data-element_type=\"widget\" data-settings=\"{&quot;drop_cap&quot;:&quot;yes&quot;}\" data-widget_type=\"text-editor.default\">\n\t\t\t\t<div class=\"elementor-widget-container\">\n\t\t\t\t\t\t\t\t\t<p><span style=\"text-decoration: underline;\"><strong>Literatura:<\/strong><\/span><\/p><ul><li>Grgin, Borislav. \u201eSenj i Vinodol izme\u0111u kralja Matija\u0161a Korvina, Frankopana i Venecije.\u201c Radovi 28 (1995): 61 \u2013 70.\u00a0<\/li><li>Laszowski, Emilij. Gorski kotar i Vinodol. Zagreb: Matica Hrvatska, 1921.<\/li><\/ul>\t\t\t\t\t\t\t\t<\/div>\n\t\t\t\t<\/div>\n\t\t\t\t\t<\/div>\n\t\t<\/div>\n\t\t\t\t<div class=\"elementor-column elementor-col-33 elementor-top-column elementor-element elementor-element-58c9c5bc\" data-id=\"58c9c5bc\" data-element_type=\"column\">\n\t\t\t<div class=\"elementor-widget-wrap elementor-element-populated\">\n\t\t\t\t\t\t<section class=\"elementor-section elementor-inner-section elementor-element elementor-element-647ea1fd elementor-section-boxed elementor-section-height-default elementor-section-height-default\" data-id=\"647ea1fd\" data-element_type=\"section\">\n\t\t\t\t\t\t<div class=\"elementor-container elementor-column-gap-default\">\n\t\t\t\t\t<div class=\"elementor-column elementor-col-100 elementor-inner-column elementor-element elementor-element-1cb624b1\" data-id=\"1cb624b1\" data-element_type=\"column\">\n\t\t\t<div class=\"elementor-widget-wrap elementor-element-populated\">\n\t\t\t\t\t\t<div class=\"elementor-element elementor-element-2c3df599 elementor-widget elementor-widget-image\" data-id=\"2c3df599\" data-element_type=\"widget\" data-widget_type=\"image.default\">\n\t\t\t\t<div class=\"elementor-widget-container\">\n\t\t\t\t\t\t\t\t\t\t\t\t\t\t\t\t<a href=\"https:\/\/vojnakrajina.ffzg.unizg.hr\/wp-content\/uploads\/2019\/07\/Vinodol-graf.jpg\" data-elementor-open-lightbox=\"yes\" data-elementor-lightbox-title=\"Vinodol\" data-e-action-hash=\"#elementor-action%3Aaction%3Dlightbox%26settings%3DeyJpZCI6MTAxOSwidXJsIjoiaHR0cHM6XC9cL3Zvam5ha3JhamluYS5mZnpnLnVuaXpnLmhyXC93cC1jb250ZW50XC91cGxvYWRzXC8yMDE5XC8wN1wvVmlub2RvbC1ncmFmLmpwZyJ9\">\n\t\t\t\t\t\t\t<img fetchpriority=\"high\" decoding=\"async\" width=\"865\" height=\"73\" src=\"https:\/\/vojnakrajina.ffzg.unizg.hr\/wp-content\/uploads\/2019\/07\/Vinodol-graf.jpg\" class=\"attachment-large size-large wp-image-1019\" alt=\"Vinodol\" srcset=\"https:\/\/vojnakrajina.ffzg.unizg.hr\/wp-content\/uploads\/2019\/07\/Vinodol-graf.jpg 865w, https:\/\/vojnakrajina.ffzg.unizg.hr\/wp-content\/uploads\/2019\/07\/Vinodol-graf-300x25.jpg 300w, https:\/\/vojnakrajina.ffzg.unizg.hr\/wp-content\/uploads\/2019\/07\/Vinodol-graf-768x65.jpg 768w\" sizes=\"(max-width: 865px) 100vw, 865px\" \/>\t\t\t\t\t\t\t\t<\/a>\n\t\t\t\t\t\t\t\t\t\t\t\t\t\t\t<\/div>\n\t\t\t\t<\/div>\n\t\t\t\t<div class=\"elementor-element elementor-element-75705956 elementor-widget elementor-widget-text-editor\" data-id=\"75705956\" data-element_type=\"widget\" data-widget_type=\"text-editor.default\">\n\t\t\t\t<div class=\"elementor-widget-container\">\n\t\t\t\t\t\t\t\t\t<p>Kretanje broja kraji\u0161kih postrojbi u Vinodolu<\/p>\t\t\t\t\t\t\t\t<\/div>\n\t\t\t\t<\/div>\n\t\t\t\t\t<\/div>\n\t\t<\/div>\n\t\t\t\t\t<\/div>\n\t\t<\/section>\n\t\t\t\t<section class=\"elementor-section elementor-inner-section elementor-element elementor-element-78993813 elementor-section-boxed elementor-section-height-default elementor-section-height-default\" data-id=\"78993813\" data-element_type=\"section\">\n\t\t\t\t\t\t<div class=\"elementor-container elementor-column-gap-default\">\n\t\t\t\t\t<div class=\"elementor-column elementor-col-100 elementor-inner-column elementor-element elementor-element-5104eab1\" data-id=\"5104eab1\" data-element_type=\"column\">\n\t\t\t<div class=\"elementor-widget-wrap elementor-element-populated\">\n\t\t\t\t\t\t<div class=\"elementor-element elementor-element-65659974 elementor-widget elementor-widget-image\" data-id=\"65659974\" data-element_type=\"widget\" data-widget_type=\"image.default\">\n\t\t\t\t<div class=\"elementor-widget-container\">\n\t\t\t\t\t\t\t\t\t\t\t\t\t\t\t\t<a href=\"https:\/\/vojnakrajina.ffzg.unizg.hr\/wp-content\/uploads\/2019\/07\/Laszowski-Emilij.-Gorski-kotar-i-Vinodol.-Zagreb-Matica-Hrvatska-1921.-str.-233.jpg\" data-elementor-open-lightbox=\"yes\" data-elementor-lightbox-title=\"Vinodol\" data-e-action-hash=\"#elementor-action%3Aaction%3Dlightbox%26settings%3DeyJpZCI6MTAyMCwidXJsIjoiaHR0cHM6XC9cL3Zvam5ha3JhamluYS5mZnpnLnVuaXpnLmhyXC93cC1jb250ZW50XC91cGxvYWRzXC8yMDE5XC8wN1wvTGFzem93c2tpLUVtaWxpai4tR29yc2tpLWtvdGFyLWktVmlub2RvbC4tWmFncmViLU1hdGljYS1IcnZhdHNrYS0xOTIxLi1zdHIuLTIzMy5qcGcifQ%3D%3D\">\n\t\t\t\t\t\t\t<img decoding=\"async\" width=\"500\" height=\"354\" src=\"https:\/\/vojnakrajina.ffzg.unizg.hr\/wp-content\/uploads\/2019\/07\/Laszowski-Emilij.-Gorski-kotar-i-Vinodol.-Zagreb-Matica-Hrvatska-1921.-str.-233.jpg\" class=\"attachment-large size-large wp-image-1020\" alt=\"Vinodol\" srcset=\"https:\/\/vojnakrajina.ffzg.unizg.hr\/wp-content\/uploads\/2019\/07\/Laszowski-Emilij.-Gorski-kotar-i-Vinodol.-Zagreb-Matica-Hrvatska-1921.-str.-233.jpg 500w, https:\/\/vojnakrajina.ffzg.unizg.hr\/wp-content\/uploads\/2019\/07\/Laszowski-Emilij.-Gorski-kotar-i-Vinodol.-Zagreb-Matica-Hrvatska-1921.-str.-233-300x212.jpg 300w\" sizes=\"(max-width: 500px) 100vw, 500px\" \/>\t\t\t\t\t\t\t\t<\/a>\n\t\t\t\t\t\t\t\t\t\t\t\t\t\t\t<\/div>\n\t\t\t\t<\/div>\n\t\t\t\t<div class=\"elementor-element elementor-element-25adc2f8 elementor-widget elementor-widget-text-editor\" data-id=\"25adc2f8\" data-element_type=\"widget\" data-widget_type=\"text-editor.default\">\n\t\t\t\t<div class=\"elementor-widget-container\">\n\t\t\t\t\t\t\t\t\t<p><strong>Tlocrt (Novog) Vinodola<\/strong><br \/>Laszowski, Emilij. Gorski kotar i Vinodol. Zagreb Matica Hrvatska, 1921., str. 233<\/p>\t\t\t\t\t\t\t\t<\/div>\n\t\t\t\t<\/div>\n\t\t\t\t\t<\/div>\n\t\t<\/div>\n\t\t\t\t\t<\/div>\n\t\t<\/section>\n\t\t\t\t<section class=\"elementor-section elementor-inner-section elementor-element elementor-element-93b84bf elementor-section-boxed elementor-section-height-default elementor-section-height-default\" data-id=\"93b84bf\" data-element_type=\"section\">\n\t\t\t\t\t\t<div class=\"elementor-container elementor-column-gap-default\">\n\t\t\t\t\t<div class=\"elementor-column elementor-col-100 elementor-inner-column elementor-element elementor-element-ccc7228\" data-id=\"ccc7228\" data-element_type=\"column\">\n\t\t\t<div class=\"elementor-widget-wrap elementor-element-populated\">\n\t\t\t\t\t\t<div class=\"elementor-element elementor-element-f1603f5 elementor-widget elementor-widget-image\" data-id=\"f1603f5\" data-element_type=\"widget\" data-widget_type=\"image.default\">\n\t\t\t\t<div class=\"elementor-widget-container\">\n\t\t\t\t\t\t\t\t\t\t\t\t\t\t\t\t<a href=\"https:\/\/vojnakrajina.ffzg.unizg.hr\/wp-content\/uploads\/2019\/07\/Kula-Kvadrac.jpg\" data-elementor-open-lightbox=\"yes\" data-elementor-lightbox-title=\"Kula Kvadrac\" data-e-action-hash=\"#elementor-action%3Aaction%3Dlightbox%26settings%3DeyJpZCI6MTAyMSwidXJsIjoiaHR0cHM6XC9cL3Zvam5ha3JhamluYS5mZnpnLnVuaXpnLmhyXC93cC1jb250ZW50XC91cGxvYWRzXC8yMDE5XC8wN1wvS3VsYS1LdmFkcmFjLmpwZyJ9\">\n\t\t\t\t\t\t\t<img decoding=\"async\" width=\"1024\" height=\"683\" src=\"https:\/\/vojnakrajina.ffzg.unizg.hr\/wp-content\/uploads\/2019\/07\/Kula-Kvadrac-1024x683.jpg\" class=\"attachment-large size-large wp-image-1021\" alt=\"Kula Kvadrac\" srcset=\"https:\/\/vojnakrajina.ffzg.unizg.hr\/wp-content\/uploads\/2019\/07\/Kula-Kvadrac-1024x683.jpg 1024w, https:\/\/vojnakrajina.ffzg.unizg.hr\/wp-content\/uploads\/2019\/07\/Kula-Kvadrac-300x200.jpg 300w, https:\/\/vojnakrajina.ffzg.unizg.hr\/wp-content\/uploads\/2019\/07\/Kula-Kvadrac-768x512.jpg 768w, https:\/\/vojnakrajina.ffzg.unizg.hr\/wp-content\/uploads\/2019\/07\/Kula-Kvadrac.jpg 1200w\" sizes=\"(max-width: 1024px) 100vw, 1024px\" \/>\t\t\t\t\t\t\t\t<\/a>\n\t\t\t\t\t\t\t\t\t\t\t\t\t\t\t<\/div>\n\t\t\t\t<\/div>\n\t\t\t\t<div class=\"elementor-element elementor-element-c0929bf elementor-widget elementor-widget-text-editor\" data-id=\"c0929bf\" data-element_type=\"widget\" data-widget_type=\"text-editor.default\">\n\t\t\t\t<div class=\"elementor-widget-container\">\n\t\t\t\t\t\t\t\t\t<p><strong>Kula u (Novom) Vinodolu<\/strong><br \/>Fotografija: <a href=\"http:\/\/frankopani.eu\/loc\/kastel-s-kulom-kvadrac-novi-vinodolski\/\">Frankopani.eu<\/a><\/p>\t\t\t\t\t\t\t\t<\/div>\n\t\t\t\t<\/div>\n\t\t\t\t\t<\/div>\n\t\t<\/div>\n\t\t\t\t\t<\/div>\n\t\t<\/section>\n\t\t\t\t\t<\/div>\n\t\t<\/div>\n\t\t\t\t\t<\/div>\n\t\t<\/section>\n\t\t\t\t<\/div>","protected":false},"excerpt":{"rendered":"<p>(Novi) Vinodol Hrvatska krajina Pi\u0161e:\u00a0Karlo Rukavina(\u00a92019.) Vinodol Povijest samog Vinodola prije rimskog doba gotovo nam je nepoznata, a sama rimska kultura je na tom podru\u010dju ostavila mnoge tragove. Vinodol je u to vrijeme bio cestovno povezan s ostalim naseljima u okolici poput Tarsatice, Senije i Ad Turres. Dolaskom Hrvata nastaje nova postojbina koja se prozvala [&hellip;]<\/p>","protected":false},"author":1,"featured_media":0,"parent":0,"menu_order":0,"comment_status":"closed","ping_status":"closed","template":"","meta":{"_monsterinsights_skip_tracking":false,"_monsterinsights_sitenote_active":false,"_monsterinsights_sitenote_note":"","_monsterinsights_sitenote_category":0,"site-sidebar-layout":"no-sidebar","site-content-layout":"page-builder","ast-site-content-layout":"default","site-content-style":"default","site-sidebar-style":"default","ast-global-header-display":"","ast-banner-title-visibility":"","ast-main-header-display":"","ast-hfb-above-header-display":"","ast-hfb-below-header-display":"","ast-hfb-mobile-header-display":"","site-post-title":"disabled","ast-breadcrumbs-content":"","ast-featured-img":"disabled","footer-sml-layout":"","ast-disable-related-posts":"","theme-transparent-header-meta":"default","adv-header-id-meta":"","stick-header-meta":"","header-above-stick-meta":"","header-main-stick-meta":"","header-below-stick-meta":"","astra-migrate-meta-layouts":"default","ast-page-background-enabled":"default","ast-page-background-meta":{"desktop":{"background-color":"","background-image":"","background-repeat":"repeat","background-position":"center center","background-size":"auto","background-attachment":"scroll","background-type":"","background-media":"","overlay-type":"","overlay-color":"","overlay-opacity":"","overlay-gradient":""},"tablet":{"background-color":"","background-image":"","background-repeat":"repeat","background-position":"center center","background-size":"auto","background-attachment":"scroll","background-type":"","background-media":"","overlay-type":"","overlay-color":"","overlay-opacity":"","overlay-gradient":""},"mobile":{"background-color":"","background-image":"","background-repeat":"repeat","background-position":"center center","background-size":"auto","background-attachment":"scroll","background-type":"","background-media":"","overlay-type":"","overlay-color":"","overlay-opacity":"","overlay-gradient":""}},"ast-content-background-meta":{"desktop":{"background-color":"var(--ast-global-color-5)","background-image":"","background-repeat":"repeat","background-position":"center center","background-size":"auto","background-attachment":"scroll","background-type":"","background-media":"","overlay-type":"","overlay-color":"","overlay-opacity":"","overlay-gradient":""},"tablet":{"background-color":"var(--ast-global-color-5)","background-image":"","background-repeat":"repeat","background-position":"center center","background-size":"auto","background-attachment":"scroll","background-type":"","background-media":"","overlay-type":"","overlay-color":"","overlay-opacity":"","overlay-gradient":""},"mobile":{"background-color":"var(--ast-global-color-5)","background-image":"","background-repeat":"repeat","background-position":"center center","background-size":"auto","background-attachment":"scroll","background-type":"","background-media":"","overlay-type":"","overlay-color":"","overlay-opacity":"","overlay-gradient":""}},"footnotes":""},"class_list":["post-1017","page","type-page","status-publish","hentry"],"yoast_head":"<!-- This site is optimized with the Yoast SEO plugin v26.6 - https:\/\/yoast.com\/wordpress\/plugins\/seo\/ -->\n<title>Vinodol - Bulwark of Europe - Hrvatsko-slavonska u 16. stolje\u0107u<\/title>\n<meta name=\"description\" content=\"Utvrda Vinodol - Bulwark of Europe - digitalizirana Vojna krajina - Istra\u017eite povijest Hrvatske i Slavonske vojne krajine u 16. stolje\u0107u na novi na\u010din.\" \/>\n<meta name=\"robots\" content=\"index, follow, max-snippet:-1, max-image-preview:large, max-video-preview:-1\" \/>\n<link rel=\"canonical\" href=\"https:\/\/vojnakrajina.ffzg.unizg.hr\/en\/vinodol\/\" \/>\n<meta property=\"og:locale\" content=\"en_GB\" \/>\n<meta property=\"og:type\" content=\"article\" \/>\n<meta property=\"og:title\" content=\"Vinodol - Bulwark of Europe - Hrvatsko-slavonska u 16. stolje\u0107u\" \/>\n<meta property=\"og:description\" content=\"Utvrda Vinodol - Bulwark of Europe - digitalizirana Vojna krajina - Istra\u017eite povijest Hrvatske i Slavonske vojne krajine u 16. stolje\u0107u na novi na\u010din.\" \/>\n<meta property=\"og:url\" content=\"https:\/\/vojnakrajina.ffzg.unizg.hr\/en\/vinodol\/\" \/>\n<meta property=\"og:site_name\" content=\"Bulwark of Europe\" \/>\n<meta property=\"article:modified_time\" content=\"2022-07-05T13:37:03+00:00\" \/>\n<meta property=\"og:image\" content=\"https:\/\/vojnakrajina.ffzg.unizg.hr\/wp-content\/uploads\/2019\/07\/Vinodol-graf.jpg\" \/>\n<meta name=\"twitter:card\" content=\"summary_large_image\" \/>\n<script type=\"application\/ld+json\" class=\"yoast-schema-graph\">{\"@context\":\"https:\/\/schema.org\",\"@graph\":[{\"@type\":\"WebPage\",\"@id\":\"https:\/\/vojnakrajina.ffzg.unizg.hr\/vinodol\/\",\"url\":\"https:\/\/vojnakrajina.ffzg.unizg.hr\/vinodol\/\",\"name\":\"Vinodol - Bulwark of Europe - Hrvatsko-slavonska u 16. stolje\u0107u\",\"isPartOf\":{\"@id\":\"https:\/\/vojnakrajina.ffzg.unizg.hr\/#website\"},\"primaryImageOfPage\":{\"@id\":\"https:\/\/vojnakrajina.ffzg.unizg.hr\/vinodol\/#primaryimage\"},\"image\":{\"@id\":\"https:\/\/vojnakrajina.ffzg.unizg.hr\/vinodol\/#primaryimage\"},\"thumbnailUrl\":\"https:\/\/vojnakrajina.ffzg.unizg.hr\/wp-content\/uploads\/2019\/07\/Vinodol-graf.jpg\",\"datePublished\":\"2019-07-07T15:02:55+00:00\",\"dateModified\":\"2022-07-05T13:37:03+00:00\",\"description\":\"Utvrda Vinodol - Bulwark of Europe - digitalizirana Vojna krajina - Istra\u017eite povijest Hrvatske i Slavonske vojne krajine u 16. stolje\u0107u na novi na\u010din.\",\"breadcrumb\":{\"@id\":\"https:\/\/vojnakrajina.ffzg.unizg.hr\/vinodol\/#breadcrumb\"},\"inLanguage\":\"en-GB\",\"potentialAction\":[{\"@type\":\"ReadAction\",\"target\":[\"https:\/\/vojnakrajina.ffzg.unizg.hr\/vinodol\/\"]}]},{\"@type\":\"ImageObject\",\"inLanguage\":\"en-GB\",\"@id\":\"https:\/\/vojnakrajina.ffzg.unizg.hr\/vinodol\/#primaryimage\",\"url\":\"https:\/\/vojnakrajina.ffzg.unizg.hr\/wp-content\/uploads\/2019\/07\/Vinodol-graf.jpg\",\"contentUrl\":\"https:\/\/vojnakrajina.ffzg.unizg.hr\/wp-content\/uploads\/2019\/07\/Vinodol-graf.jpg\"},{\"@type\":\"BreadcrumbList\",\"@id\":\"https:\/\/vojnakrajina.ffzg.unizg.hr\/vinodol\/#breadcrumb\",\"itemListElement\":[{\"@type\":\"ListItem\",\"position\":1,\"name\":\"Home\",\"item\":\"https:\/\/vojnakrajina.ffzg.unizg.hr\/\"},{\"@type\":\"ListItem\",\"position\":2,\"name\":\"Vinodol-hrvatska\"}]},{\"@type\":\"WebSite\",\"@id\":\"https:\/\/vojnakrajina.ffzg.unizg.hr\/#website\",\"url\":\"https:\/\/vojnakrajina.ffzg.unizg.hr\/\",\"name\":\"Bulwark of Europe - Vojna krajina u 16. stolje\u0107u\",\"description\":\"Digitizing Habsburg-Ottoman Border\",\"potentialAction\":[{\"@type\":\"SearchAction\",\"target\":{\"@type\":\"EntryPoint\",\"urlTemplate\":\"https:\/\/vojnakrajina.ffzg.unizg.hr\/?s={search_term_string}\"},\"query-input\":{\"@type\":\"PropertyValueSpecification\",\"valueRequired\":true,\"valueName\":\"search_term_string\"}}],\"inLanguage\":\"en-GB\"}]}<\/script>\n<!-- \/ Yoast SEO plugin. -->","yoast_head_json":{"title":"Vinodol - Bulwark of Europe - Hrvatsko-slavonska u 16. stolje\u0107u","description":"Utvrda Vinodol - Bulwark of Europe - digitalizirana Vojna krajina - Istra\u017eite povijest Hrvatske i Slavonske vojne krajine u 16. stolje\u0107u na novi na\u010din.","robots":{"index":"index","follow":"follow","max-snippet":"max-snippet:-1","max-image-preview":"max-image-preview:large","max-video-preview":"max-video-preview:-1"},"canonical":"https:\/\/vojnakrajina.ffzg.unizg.hr\/en\/vinodol\/","og_locale":"en_GB","og_type":"article","og_title":"Vinodol - Bulwark of Europe - Hrvatsko-slavonska u 16. stolje\u0107u","og_description":"Utvrda Vinodol - Bulwark of Europe - digitalizirana Vojna krajina - Istra\u017eite povijest Hrvatske i Slavonske vojne krajine u 16. stolje\u0107u na novi na\u010din.","og_url":"https:\/\/vojnakrajina.ffzg.unizg.hr\/en\/vinodol\/","og_site_name":"Bulwark of Europe","article_modified_time":"2022-07-05T13:37:03+00:00","og_image":[{"url":"https:\/\/vojnakrajina.ffzg.unizg.hr\/wp-content\/uploads\/2019\/07\/Vinodol-graf.jpg","type":"","width":"","height":""}],"twitter_card":"summary_large_image","schema":{"@context":"https:\/\/schema.org","@graph":[{"@type":"WebPage","@id":"https:\/\/vojnakrajina.ffzg.unizg.hr\/vinodol\/","url":"https:\/\/vojnakrajina.ffzg.unizg.hr\/vinodol\/","name":"Vinodol - Bulwark of Europe - Hrvatsko-slavonska u 16. stolje\u0107u","isPartOf":{"@id":"https:\/\/vojnakrajina.ffzg.unizg.hr\/#website"},"primaryImageOfPage":{"@id":"https:\/\/vojnakrajina.ffzg.unizg.hr\/vinodol\/#primaryimage"},"image":{"@id":"https:\/\/vojnakrajina.ffzg.unizg.hr\/vinodol\/#primaryimage"},"thumbnailUrl":"https:\/\/vojnakrajina.ffzg.unizg.hr\/wp-content\/uploads\/2019\/07\/Vinodol-graf.jpg","datePublished":"2019-07-07T15:02:55+00:00","dateModified":"2022-07-05T13:37:03+00:00","description":"Utvrda Vinodol - Bulwark of Europe - digitalizirana Vojna krajina - Istra\u017eite povijest Hrvatske i Slavonske vojne krajine u 16. stolje\u0107u na novi na\u010din.","breadcrumb":{"@id":"https:\/\/vojnakrajina.ffzg.unizg.hr\/vinodol\/#breadcrumb"},"inLanguage":"en-GB","potentialAction":[{"@type":"ReadAction","target":["https:\/\/vojnakrajina.ffzg.unizg.hr\/vinodol\/"]}]},{"@type":"ImageObject","inLanguage":"en-GB","@id":"https:\/\/vojnakrajina.ffzg.unizg.hr\/vinodol\/#primaryimage","url":"https:\/\/vojnakrajina.ffzg.unizg.hr\/wp-content\/uploads\/2019\/07\/Vinodol-graf.jpg","contentUrl":"https:\/\/vojnakrajina.ffzg.unizg.hr\/wp-content\/uploads\/2019\/07\/Vinodol-graf.jpg"},{"@type":"BreadcrumbList","@id":"https:\/\/vojnakrajina.ffzg.unizg.hr\/vinodol\/#breadcrumb","itemListElement":[{"@type":"ListItem","position":1,"name":"Home","item":"https:\/\/vojnakrajina.ffzg.unizg.hr\/"},{"@type":"ListItem","position":2,"name":"Vinodol-hrvatska"}]},{"@type":"WebSite","@id":"https:\/\/vojnakrajina.ffzg.unizg.hr\/#website","url":"https:\/\/vojnakrajina.ffzg.unizg.hr\/","name":"Bulwark of Europe - Vojna krajina u 16. stolje\u0107u","description":"Digitizing Habsburg-Ottoman Border","potentialAction":[{"@type":"SearchAction","target":{"@type":"EntryPoint","urlTemplate":"https:\/\/vojnakrajina.ffzg.unizg.hr\/?s={search_term_string}"},"query-input":{"@type":"PropertyValueSpecification","valueRequired":true,"valueName":"search_term_string"}}],"inLanguage":"en-GB"}]}},"_links":{"self":[{"href":"https:\/\/vojnakrajina.ffzg.unizg.hr\/en\/wp-json\/wp\/v2\/pages\/1017","targetHints":{"allow":["GET"]}}],"collection":[{"href":"https:\/\/vojnakrajina.ffzg.unizg.hr\/en\/wp-json\/wp\/v2\/pages"}],"about":[{"href":"https:\/\/vojnakrajina.ffzg.unizg.hr\/en\/wp-json\/wp\/v2\/types\/page"}],"author":[{"embeddable":true,"href":"https:\/\/vojnakrajina.ffzg.unizg.hr\/en\/wp-json\/wp\/v2\/users\/1"}],"replies":[{"embeddable":true,"href":"https:\/\/vojnakrajina.ffzg.unizg.hr\/en\/wp-json\/wp\/v2\/comments?post=1017"}],"version-history":[{"count":10,"href":"https:\/\/vojnakrajina.ffzg.unizg.hr\/en\/wp-json\/wp\/v2\/pages\/1017\/revisions"}],"predecessor-version":[{"id":3385,"href":"https:\/\/vojnakrajina.ffzg.unizg.hr\/en\/wp-json\/wp\/v2\/pages\/1017\/revisions\/3385"}],"wp:attachment":[{"href":"https:\/\/vojnakrajina.ffzg.unizg.hr\/en\/wp-json\/wp\/v2\/media?parent=1017"}],"curies":[{"name":"wp","href":"https:\/\/api.w.org\/{rel}","templated":true}]}}