{"id":1539,"date":"2020-01-17T13:36:54","date_gmt":"2020-01-17T12:36:54","guid":{"rendered":"https:\/\/vojnakrajina.ffzg.unizg.hr\/?page_id=1539"},"modified":"2023-02-11T11:07:17","modified_gmt":"2023-02-11T10:07:17","slug":"osmanski-krajiski-popisi","status":"publish","type":"page","link":"https:\/\/vojnakrajina.ffzg.unizg.hr\/en\/osmanski-krajiski-popisi\/","title":{"rendered":"Ottoman military payrolls"},"content":{"rendered":"<div data-elementor-type=\"wp-page\" data-elementor-id=\"1539\" class=\"elementor elementor-1539\">\n\t\t\t\t\t\t<section class=\"elementor-section elementor-top-section elementor-element elementor-element-3218f2a6 elementor-section-boxed elementor-section-height-default elementor-section-height-default\" data-id=\"3218f2a6\" data-element_type=\"section\" data-settings=\"{&quot;background_background&quot;:&quot;classic&quot;}\">\n\t\t\t\t\t\t<div class=\"elementor-container elementor-column-gap-default\">\n\t\t\t\t\t<div class=\"elementor-column elementor-col-100 elementor-top-column elementor-element elementor-element-393d12ec\" data-id=\"393d12ec\" data-element_type=\"column\">\n\t\t\t<div class=\"elementor-widget-wrap elementor-element-populated\">\n\t\t\t\t\t\t<div class=\"elementor-element elementor-element-6743e629 elementor-widget elementor-widget-heading\" data-id=\"6743e629\" data-element_type=\"widget\" data-widget_type=\"heading.default\">\n\t\t\t\t<div class=\"elementor-widget-container\">\n\t\t\t\t\t<h2 class=\"elementor-heading-title elementor-size-default\">Ottoman military payrolls<\/h2>\t\t\t\t<\/div>\n\t\t\t\t<\/div>\n\t\t\t\t<div class=\"elementor-element elementor-element-2f39c55c elementor-widget elementor-widget-heading\" data-id=\"2f39c55c\" data-element_type=\"widget\" data-widget_type=\"heading.default\">\n\t\t\t\t<div class=\"elementor-widget-container\">\n\t\t\t\t\t<h2 class=\"elementor-heading-title elementor-size-default\">Sources on the Croatian and Slavonian Military Frontiers<\/h2>\t\t\t\t<\/div>\n\t\t\t\t<\/div>\n\t\t\t\t\t<\/div>\n\t\t<\/div>\n\t\t\t\t\t<\/div>\n\t\t<\/section>\n\t\t\t\t<section class=\"elementor-section elementor-top-section elementor-element elementor-element-74bcf645 elementor-section-boxed elementor-section-height-default elementor-section-height-default\" data-id=\"74bcf645\" data-element_type=\"section\" data-settings=\"{&quot;background_background&quot;:&quot;classic&quot;}\">\n\t\t\t\t\t\t<div class=\"elementor-container elementor-column-gap-default\">\n\t\t\t\t\t<div class=\"elementor-column elementor-col-16 elementor-top-column elementor-element elementor-element-65001ab9\" data-id=\"65001ab9\" data-element_type=\"column\">\n\t\t\t<div class=\"elementor-widget-wrap\">\n\t\t\t\t\t\t\t<\/div>\n\t\t<\/div>\n\t\t\t\t<div class=\"elementor-column elementor-col-66 elementor-top-column elementor-element elementor-element-d005c8d\" data-id=\"d005c8d\" data-element_type=\"column\">\n\t\t\t<div class=\"elementor-widget-wrap elementor-element-populated\">\n\t\t\t\t\t\t<div class=\"elementor-element elementor-element-7519c38c elementor-widget elementor-widget-text-editor\" data-id=\"7519c38c\" data-element_type=\"widget\" data-widget_type=\"text-editor.default\">\n\t\t\t\t<div class=\"elementor-widget-container\">\n\t\t\t\t\t\t\t\t\t<p>Scroll down to explore the 1550 \u2013 1578 military payrolls pertaining to the Croatian and\/or Slavonian Military Frontiers.<\/p>\t\t\t\t\t\t\t\t<\/div>\n\t\t\t\t<\/div>\n\t\t\t\t\t<\/div>\n\t\t<\/div>\n\t\t\t\t<div class=\"elementor-column elementor-col-16 elementor-top-column elementor-element elementor-element-45ec4bb3\" data-id=\"45ec4bb3\" data-element_type=\"column\">\n\t\t\t<div class=\"elementor-widget-wrap\">\n\t\t\t\t\t\t\t<\/div>\n\t\t<\/div>\n\t\t\t\t\t<\/div>\n\t\t<\/section>\n\t\t\t\t<section class=\"elementor-section elementor-top-section elementor-element elementor-element-1c4a59b1 elementor-section-boxed elementor-section-height-default elementor-section-height-default\" data-id=\"1c4a59b1\" data-element_type=\"section\" data-settings=\"{&quot;background_background&quot;:&quot;classic&quot;}\">\n\t\t\t\t\t\t<div class=\"elementor-container elementor-column-gap-default\">\n\t\t\t\t\t<div class=\"elementor-column elementor-col-16 elementor-top-column elementor-element elementor-element-73b1b621\" data-id=\"73b1b621\" data-element_type=\"column\">\n\t\t\t<div class=\"elementor-widget-wrap\">\n\t\t\t\t\t\t\t<\/div>\n\t\t<\/div>\n\t\t\t\t<div class=\"elementor-column elementor-col-66 elementor-top-column elementor-element elementor-element-6ceef0d\" data-id=\"6ceef0d\" data-element_type=\"column\">\n\t\t\t<div class=\"elementor-widget-wrap elementor-element-populated\">\n\t\t\t\t\t\t<div class=\"elementor-element elementor-element-1598649 elementor-widget elementor-widget-heading\" data-id=\"1598649\" data-element_type=\"widget\" data-widget_type=\"heading.default\">\n\t\t\t\t<div class=\"elementor-widget-container\">\n\t\t\t\t\t<h2 class=\"elementor-heading-title elementor-size-default\">Habsburg espionage reports on the Ottomans and their territories<\/h2>\t\t\t\t<\/div>\n\t\t\t\t<\/div>\n\t\t\t\t<div class=\"elementor-element elementor-element-60d3cd7b elementor-widget elementor-widget-eael-adv-tabs\" data-id=\"60d3cd7b\" data-element_type=\"widget\" data-widget_type=\"eael-adv-tabs.default\">\n\t\t\t\t<div class=\"elementor-widget-container\">\n\t\t\t\t\t        <div data-scroll-on-click=\"no\" data-scroll-speed=\"300\" id=\"eael-advance-tabs-60d3cd7b\" class=\"eael-advance-tabs eael-tabs-horizontal eael-tab-auto-active\" data-tabid=\"60d3cd7b\">\n            <div class=\"eael-tabs-nav\">\n                <ul class=\"eael-tab-inline-icon\" role=\"tablist\">\n                                            <li id=\"1577-slav\" class=\"inactive eael-tab-item-trigger eael-tab-nav-item\" aria-selected=\"true\" data-tab=\"1\" role=\"tab\" tabindex=\"0\" aria-controls=\"1577-slav-tab\" aria-expanded=\"false\">\n                            \n                                                                <i class=\"fas fa-list\"><\/i>                                                            \n                                                            <span class=\"eael-tab-title title-after-icon\" >1577. (Slav.)<\/span>                            \n                                                    <\/li>\n                                            <li id=\"1577-hrv\" class=\"inactive eael-tab-item-trigger eael-tab-nav-item\" aria-selected=\"false\" data-tab=\"2\" role=\"tab\" tabindex=\"-1\" aria-controls=\"1577-hrv-tab\" aria-expanded=\"false\">\n                            \n                                                                <i class=\"fas fa-list\"><\/i>                                                            \n                                                            <span class=\"eael-tab-title title-after-icon\" >1577. (Hrv.)<\/span>                            \n                                                    <\/li>\n                    \n                                  <\/ul>\n            <\/div>\n            \n            <div class=\"eael-tabs-content\">\n\t\t        \n                    <div id=\"1577-slav-tab\" class=\"clearfix eael-tab-content-item inactive\" data-title-link=\"1577-slav-tab\">\n\t\t\t\t        <p><strong>Source:<\/strong> Unpublished table made by Filip \u0160imunjak according to: Be\u010d, Kriegsarchiv, Alte Feldakten, 1577-13-2, 356r-365v.<\/p><p style=\"text-align: justify;\"><a href=\"https:\/\/vojnakrajina.ffzg.unizg.hr\/wp-content\/uploads\/2020\/01\/1577.-osmanlije-SLAVONIJA.pdf\" class=\"pdfemb-viewer\" style=\"width:800px;height:700px;\" data-width=\"800\" data-height=\"700\" data-toolbar=\"top\" data-toolbar-fixed=\"off\">1577.-osmanlije-SLAVONIJA<\/a><\/p>                    <\/div>\n\t\t        \n                    <div id=\"1577-hrv-tab\" class=\"clearfix eael-tab-content-item inactive\" data-title-link=\"1577-hrv-tab\">\n\t\t\t\t        <p style=\"text-align: justify;\"><strong>Source:<\/strong> Unpublished table made by Filip \u0160imunjak according to:  \u0160tefanec, Nata\u0161a. \u201eOsmanski zapovjednici i struktura osmanske i habsbur\u0161ke vojske na hrvatskom d\u0133elu kraji\u0161ta (prema \u0161p\u0133unskim izvje\u0161tajima iz 1570-ih).\u201d U <em>Ascendere historiam: Zbornik u \u010dast Milana Kruheka<\/em>, ur. Marija Karbi\u0107 et al., 209 \u2013 227. Zagreb: Hrvatski institut za povijest, 2014.<\/p><p><a href=\"https:\/\/vojnakrajina.ffzg.unizg.hr\/wp-content\/uploads\/2020\/01\/1577.-osmanlije-HRVATSKA.pdf\" class=\"pdfemb-viewer\" style=\"width:800px;height:700px;\" data-width=\"800\" data-height=\"700\" data-toolbar=\"top\" data-toolbar-fixed=\"off\">1577.-osmanlije-HRVATSKA<\/a><\/p>                    <\/div>\n\t\t                    <\/div>\n        <\/div>\n\t\t\t\t<\/div>\n\t\t\t\t<\/div>\n\t\t\t\t<div class=\"elementor-element elementor-element-880da04 elementor-widget elementor-widget-heading\" data-id=\"880da04\" data-element_type=\"widget\" data-widget_type=\"heading.default\">\n\t\t\t\t<div class=\"elementor-widget-container\">\n\t\t\t\t\t<h2 class=\"elementor-heading-title elementor-size-default\">Ottoman payrolls (defterler)<\/h2>\t\t\t\t<\/div>\n\t\t\t\t<\/div>\n\t\t\t\t<div class=\"elementor-element elementor-element-677a6fb elementor-widget elementor-widget-eael-adv-tabs\" data-id=\"677a6fb\" data-element_type=\"widget\" data-widget_type=\"eael-adv-tabs.default\">\n\t\t\t\t<div class=\"elementor-widget-container\">\n\t\t\t\t\t        <div data-scroll-on-click=\"no\" data-scroll-speed=\"300\" id=\"eael-advance-tabs-677a6fb\" class=\"eael-advance-tabs eael-tabs-horizontal eael-tab-auto-active\" data-tabid=\"677a6fb\">\n            <div class=\"eael-tabs-nav\">\n                <ul class=\"eael-tab-inline-icon\" role=\"tablist\">\n                                            <li id=\"1586-slav\" class=\"inactive eael-tab-item-trigger eael-tab-nav-item\" aria-selected=\"true\" data-tab=\"1\" role=\"tab\" tabindex=\"0\" aria-controls=\"1586-slav-tab\" aria-expanded=\"false\">\n                            \n                                                                <i class=\"fas fa-list\"><\/i>                                                            \n                                                            <span class=\"eael-tab-title title-after-icon\" >1586. (Slav.)<\/span>                            \n                                                    <\/li>\n                    \n                                  <\/ul>\n            <\/div>\n            \n            <div class=\"eael-tabs-content\">\n\t\t        \n                    <div id=\"1586-slav-tab\" class=\"clearfix eael-tab-content-item inactive\" data-title-link=\"1586-slav-tab\">\n\t\t\t\t        <p style=\"text-align: justify;\"><strong>Source:<\/strong> Hand\u017ei\u0107, Adem. &#8220;Prilog istoriji starih gradova u Bosanskoj i Slavonskoj krajini pred kraj XVI vijeka.&#8221;\u00a0<em>Godi\u0161njak Dru\u0161tva istori\u010dara Bosne i Hercegovine<\/em> 13 (1962): 321 &#8211; 339.<\/p><p>Scroll down to read a paper on the single remaining 16th century Ottoman defter. Professor Hand\u017ei\u0107 lists Ottoman settlements and military units and systematises the data pertaining to troop numbers.<\/p><p><a href=\"https:\/\/vojnakrajina.ffzg.unizg.hr\/wp-content\/uploads\/2021\/04\/Adem-Handzic-Prilog-istoriji-starih-gradova-u-Bosanskoj-i-Slavonskoj-krajini-pred-kraj-XVI-vijeka.pdf\" class=\"pdfemb-viewer\" style=\"width:800px;height:700px;\" data-width=\"800\" data-height=\"700\" data-toolbar=\"top\" data-toolbar-fixed=\"off\">Adem-Handzic-Prilog-istoriji-starih-gradova-u-Bosanskoj-i-Slavonskoj-krajini-pred-kraj-XVI-vijeka<\/a><\/p>                    <\/div>\n\t\t                    <\/div>\n        <\/div>\n\t\t\t\t<\/div>\n\t\t\t\t<\/div>\n\t\t\t\t\t<\/div>\n\t\t<\/div>\n\t\t\t\t<div class=\"elementor-column elementor-col-16 elementor-top-column elementor-element elementor-element-38b28c19\" data-id=\"38b28c19\" data-element_type=\"column\">\n\t\t\t<div class=\"elementor-widget-wrap\">\n\t\t\t\t\t\t\t<\/div>\n\t\t<\/div>\n\t\t\t\t\t<\/div>\n\t\t<\/section>\n\t\t\t\t<section class=\"elementor-section elementor-top-section elementor-element elementor-element-1a477bea elementor-section-boxed elementor-section-height-default elementor-section-height-default\" data-id=\"1a477bea\" data-element_type=\"section\" data-settings=\"{&quot;background_background&quot;:&quot;classic&quot;}\">\n\t\t\t\t\t\t<div class=\"elementor-container elementor-column-gap-default\">\n\t\t\t\t\t<div class=\"elementor-column elementor-col-100 elementor-top-column elementor-element elementor-element-7189c056\" data-id=\"7189c056\" data-element_type=\"column\">\n\t\t\t<div class=\"elementor-widget-wrap elementor-element-populated\">\n\t\t\t\t\t\t<div class=\"elementor-element elementor-element-922f94b elementor-widget elementor-widget-spacer\" data-id=\"922f94b\" data-element_type=\"widget\" data-widget_type=\"spacer.default\">\n\t\t\t\t<div class=\"elementor-widget-container\">\n\t\t\t\t\t\t\t<div class=\"elementor-spacer\">\n\t\t\t<div class=\"elementor-spacer-inner\"><\/div>\n\t\t<\/div>\n\t\t\t\t\t\t<\/div>\n\t\t\t\t<\/div>\n\t\t\t\t\t<\/div>\n\t\t<\/div>\n\t\t\t\t\t<\/div>\n\t\t<\/section>\n\t\t\t\t<\/div>","protected":false},"excerpt":{"rendered":"<p>Osmanski kraji\u0161ki popisi Izvori za povijest Hrvatske i Slavonske vojne krajine U nastavku se nalaze do sada prona\u0111eni i objavljeni kraji\u0161ki popisi za Hrvatsku i\/ili Slavonsku vojnu krajinu u periodu izme\u0111u 1550. i 1578. godine: \u0160pijunska izvje\u0161\u0107a habsbur\u0161ke strane o Osmanlijama i njihovoj krajini 1577. (Slav.) 1577. (Hrv.) Izvor: Neobjavljena tablica (izradio Filip \u0160imunjak) prema: [&hellip;]<\/p>","protected":false},"author":1,"featured_media":0,"parent":0,"menu_order":0,"comment_status":"closed","ping_status":"closed","template":"","meta":{"_monsterinsights_skip_tracking":false,"_monsterinsights_sitenote_active":false,"_monsterinsights_sitenote_note":"","_monsterinsights_sitenote_category":0,"site-sidebar-layout":"no-sidebar","site-content-layout":"page-builder","ast-site-content-layout":"default","site-content-style":"default","site-sidebar-style":"default","ast-global-header-display":"","ast-banner-title-visibility":"","ast-main-header-display":"","ast-hfb-above-header-display":"","ast-hfb-below-header-display":"","ast-hfb-mobile-header-display":"","site-post-title":"disabled","ast-breadcrumbs-content":"","ast-featured-img":"disabled","footer-sml-layout":"","ast-disable-related-posts":"","theme-transparent-header-meta":"default","adv-header-id-meta":"","stick-header-meta":"","header-above-stick-meta":"","header-main-stick-meta":"","header-below-stick-meta":"","astra-migrate-meta-layouts":"default","ast-page-background-enabled":"default","ast-page-background-meta":{"desktop":{"background-color":"","background-image":"","background-repeat":"repeat","background-position":"center center","background-size":"auto","background-attachment":"scroll","background-type":"","background-media":"","overlay-type":"","overlay-color":"","overlay-opacity":"","overlay-gradient":""},"tablet":{"background-color":"","background-image":"","background-repeat":"repeat","background-position":"center center","background-size":"auto","background-attachment":"scroll","background-type":"","background-media":"","overlay-type":"","overlay-color":"","overlay-opacity":"","overlay-gradient":""},"mobile":{"background-color":"","background-image":"","background-repeat":"repeat","background-position":"center center","background-size":"auto","background-attachment":"scroll","background-type":"","background-media":"","overlay-type":"","overlay-color":"","overlay-opacity":"","overlay-gradient":""}},"ast-content-background-meta":{"desktop":{"background-color":"var(--ast-global-color-5)","background-image":"","background-repeat":"repeat","background-position":"center center","background-size":"auto","background-attachment":"scroll","background-type":"","background-media":"","overlay-type":"","overlay-color":"","overlay-opacity":"","overlay-gradient":""},"tablet":{"background-color":"var(--ast-global-color-5)","background-image":"","background-repeat":"repeat","background-position":"center center","background-size":"auto","background-attachment":"scroll","background-type":"","background-media":"","overlay-type":"","overlay-color":"","overlay-opacity":"","overlay-gradient":""},"mobile":{"background-color":"var(--ast-global-color-5)","background-image":"","background-repeat":"repeat","background-position":"center center","background-size":"auto","background-attachment":"scroll","background-type":"","background-media":"","overlay-type":"","overlay-color":"","overlay-opacity":"","overlay-gradient":""}},"footnotes":""},"class_list":["post-1539","page","type-page","status-publish","hentry"],"yoast_head":"<!-- This site is optimized with the Yoast SEO plugin v26.6 - https:\/\/yoast.com\/wordpress\/plugins\/seo\/ -->\n<title>Bulwark of Europe - Osmanski kraji\u0161ki popisi<\/title>\n<meta name=\"robots\" content=\"index, follow, max-snippet:-1, max-image-preview:large, max-video-preview:-1\" \/>\n<link rel=\"canonical\" href=\"https:\/\/vojnakrajina.ffzg.unizg.hr\/en\/osmanski-krajiski-popisi\/\" \/>\n<meta property=\"og:locale\" content=\"en_GB\" \/>\n<meta property=\"og:type\" content=\"article\" \/>\n<meta property=\"og:title\" content=\"Bulwark of Europe - Osmanski kraji\u0161ki popisi\" \/>\n<meta property=\"og:description\" content=\"Osmanski kraji\u0161ki popisi Izvori za povijest Hrvatske i Slavonske vojne krajine U nastavku se nalaze do sada prona\u0111eni i objavljeni kraji\u0161ki popisi za Hrvatsku i\/ili Slavonsku vojnu krajinu u periodu izme\u0111u 1550. i 1578. godine: \u0160pijunska izvje\u0161\u0107a habsbur\u0161ke strane o Osmanlijama i njihovoj krajini 1577. (Slav.) 1577. (Hrv.) Izvor: Neobjavljena tablica (izradio Filip \u0160imunjak) prema: [&hellip;]\" \/>\n<meta property=\"og:url\" content=\"https:\/\/vojnakrajina.ffzg.unizg.hr\/en\/osmanski-krajiski-popisi\/\" \/>\n<meta property=\"og:site_name\" content=\"Bulwark of Europe\" \/>\n<meta property=\"article:modified_time\" content=\"2023-02-11T10:07:17+00:00\" \/>\n<meta name=\"twitter:card\" content=\"summary_large_image\" \/>\n<meta name=\"twitter:label1\" content=\"Estimated reading time\" \/>\n\t<meta name=\"twitter:data1\" content=\"1 minute\" \/>\n<script type=\"application\/ld+json\" class=\"yoast-schema-graph\">{\"@context\":\"https:\/\/schema.org\",\"@graph\":[{\"@type\":\"WebPage\",\"@id\":\"https:\/\/vojnakrajina.ffzg.unizg.hr\/osmanski-krajiski-popisi\/\",\"url\":\"https:\/\/vojnakrajina.ffzg.unizg.hr\/osmanski-krajiski-popisi\/\",\"name\":\"Bulwark of Europe - Osmanski kraji\u0161ki popisi\",\"isPartOf\":{\"@id\":\"https:\/\/vojnakrajina.ffzg.unizg.hr\/#website\"},\"datePublished\":\"2020-01-17T12:36:54+00:00\",\"dateModified\":\"2023-02-11T10:07:17+00:00\",\"breadcrumb\":{\"@id\":\"https:\/\/vojnakrajina.ffzg.unizg.hr\/osmanski-krajiski-popisi\/#breadcrumb\"},\"inLanguage\":\"en-GB\",\"potentialAction\":[{\"@type\":\"ReadAction\",\"target\":[\"https:\/\/vojnakrajina.ffzg.unizg.hr\/osmanski-krajiski-popisi\/\"]}]},{\"@type\":\"BreadcrumbList\",\"@id\":\"https:\/\/vojnakrajina.ffzg.unizg.hr\/osmanski-krajiski-popisi\/#breadcrumb\",\"itemListElement\":[{\"@type\":\"ListItem\",\"position\":1,\"name\":\"Home\",\"item\":\"https:\/\/vojnakrajina.ffzg.unizg.hr\/\"},{\"@type\":\"ListItem\",\"position\":2,\"name\":\"Osmanski kraji\u0161ki popisi\"}]},{\"@type\":\"WebSite\",\"@id\":\"https:\/\/vojnakrajina.ffzg.unizg.hr\/#website\",\"url\":\"https:\/\/vojnakrajina.ffzg.unizg.hr\/\",\"name\":\"Bulwark of Europe - Vojna krajina u 16. stolje\u0107u\",\"description\":\"Digitizing Habsburg-Ottoman Border\",\"potentialAction\":[{\"@type\":\"SearchAction\",\"target\":{\"@type\":\"EntryPoint\",\"urlTemplate\":\"https:\/\/vojnakrajina.ffzg.unizg.hr\/?s={search_term_string}\"},\"query-input\":{\"@type\":\"PropertyValueSpecification\",\"valueRequired\":true,\"valueName\":\"search_term_string\"}}],\"inLanguage\":\"en-GB\"}]}<\/script>\n<!-- \/ Yoast SEO plugin. -->","yoast_head_json":{"title":"Bulwark of Europe - Osmanski kraji\u0161ki popisi","robots":{"index":"index","follow":"follow","max-snippet":"max-snippet:-1","max-image-preview":"max-image-preview:large","max-video-preview":"max-video-preview:-1"},"canonical":"https:\/\/vojnakrajina.ffzg.unizg.hr\/en\/osmanski-krajiski-popisi\/","og_locale":"en_GB","og_type":"article","og_title":"Bulwark of Europe - Osmanski kraji\u0161ki popisi","og_description":"Osmanski kraji\u0161ki popisi Izvori za povijest Hrvatske i Slavonske vojne krajine U nastavku se nalaze do sada prona\u0111eni i objavljeni kraji\u0161ki popisi za Hrvatsku i\/ili Slavonsku vojnu krajinu u periodu izme\u0111u 1550. i 1578. godine: \u0160pijunska izvje\u0161\u0107a habsbur\u0161ke strane o Osmanlijama i njihovoj krajini 1577. (Slav.) 1577. (Hrv.) Izvor: Neobjavljena tablica (izradio Filip \u0160imunjak) prema: [&hellip;]","og_url":"https:\/\/vojnakrajina.ffzg.unizg.hr\/en\/osmanski-krajiski-popisi\/","og_site_name":"Bulwark of Europe","article_modified_time":"2023-02-11T10:07:17+00:00","twitter_card":"summary_large_image","twitter_misc":{"Estimated reading time":"1 minute"},"schema":{"@context":"https:\/\/schema.org","@graph":[{"@type":"WebPage","@id":"https:\/\/vojnakrajina.ffzg.unizg.hr\/osmanski-krajiski-popisi\/","url":"https:\/\/vojnakrajina.ffzg.unizg.hr\/osmanski-krajiski-popisi\/","name":"Bulwark of Europe - Osmanski kraji\u0161ki popisi","isPartOf":{"@id":"https:\/\/vojnakrajina.ffzg.unizg.hr\/#website"},"datePublished":"2020-01-17T12:36:54+00:00","dateModified":"2023-02-11T10:07:17+00:00","breadcrumb":{"@id":"https:\/\/vojnakrajina.ffzg.unizg.hr\/osmanski-krajiski-popisi\/#breadcrumb"},"inLanguage":"en-GB","potentialAction":[{"@type":"ReadAction","target":["https:\/\/vojnakrajina.ffzg.unizg.hr\/osmanski-krajiski-popisi\/"]}]},{"@type":"BreadcrumbList","@id":"https:\/\/vojnakrajina.ffzg.unizg.hr\/osmanski-krajiski-popisi\/#breadcrumb","itemListElement":[{"@type":"ListItem","position":1,"name":"Home","item":"https:\/\/vojnakrajina.ffzg.unizg.hr\/"},{"@type":"ListItem","position":2,"name":"Osmanski kraji\u0161ki popisi"}]},{"@type":"WebSite","@id":"https:\/\/vojnakrajina.ffzg.unizg.hr\/#website","url":"https:\/\/vojnakrajina.ffzg.unizg.hr\/","name":"Bulwark of Europe - Vojna krajina u 16. stolje\u0107u","description":"Digitizing Habsburg-Ottoman Border","potentialAction":[{"@type":"SearchAction","target":{"@type":"EntryPoint","urlTemplate":"https:\/\/vojnakrajina.ffzg.unizg.hr\/?s={search_term_string}"},"query-input":{"@type":"PropertyValueSpecification","valueRequired":true,"valueName":"search_term_string"}}],"inLanguage":"en-GB"}]}},"_links":{"self":[{"href":"https:\/\/vojnakrajina.ffzg.unizg.hr\/en\/wp-json\/wp\/v2\/pages\/1539","targetHints":{"allow":["GET"]}}],"collection":[{"href":"https:\/\/vojnakrajina.ffzg.unizg.hr\/en\/wp-json\/wp\/v2\/pages"}],"about":[{"href":"https:\/\/vojnakrajina.ffzg.unizg.hr\/en\/wp-json\/wp\/v2\/types\/page"}],"author":[{"embeddable":true,"href":"https:\/\/vojnakrajina.ffzg.unizg.hr\/en\/wp-json\/wp\/v2\/users\/1"}],"replies":[{"embeddable":true,"href":"https:\/\/vojnakrajina.ffzg.unizg.hr\/en\/wp-json\/wp\/v2\/comments?post=1539"}],"version-history":[{"count":12,"href":"https:\/\/vojnakrajina.ffzg.unizg.hr\/en\/wp-json\/wp\/v2\/pages\/1539\/revisions"}],"predecessor-version":[{"id":3608,"href":"https:\/\/vojnakrajina.ffzg.unizg.hr\/en\/wp-json\/wp\/v2\/pages\/1539\/revisions\/3608"}],"wp:attachment":[{"href":"https:\/\/vojnakrajina.ffzg.unizg.hr\/en\/wp-json\/wp\/v2\/media?parent=1539"}],"curies":[{"name":"wp","href":"https:\/\/api.w.org\/{rel}","templated":true}]}}