{"id":1720,"date":"2020-03-29T18:23:42","date_gmt":"2020-03-29T16:23:42","guid":{"rendered":"https:\/\/vojnakrajina.ffzg.unizg.hr\/?page_id=1720"},"modified":"2022-07-05T15:37:17","modified_gmt":"2022-07-05T13:37:17","slug":"bozjakovina","status":"publish","type":"page","link":"https:\/\/vojnakrajina.ffzg.unizg.hr\/en\/bozjakovina\/","title":{"rendered":"Bo\u017ejakovina"},"content":{"rendered":"<div data-elementor-type=\"wp-page\" data-elementor-id=\"1720\" class=\"elementor elementor-1720\">\n\t\t\t\t\t\t<section class=\"elementor-section elementor-top-section elementor-element elementor-element-7083b5c elementor-section-boxed elementor-section-height-default elementor-section-height-default\" data-id=\"7083b5c\" data-element_type=\"section\" data-settings=\"{&quot;background_background&quot;:&quot;classic&quot;}\">\n\t\t\t\t\t\t<div class=\"elementor-container elementor-column-gap-default\">\n\t\t\t\t\t<div class=\"elementor-column elementor-col-100 elementor-top-column elementor-element elementor-element-a093762\" data-id=\"a093762\" data-element_type=\"column\">\n\t\t\t<div class=\"elementor-widget-wrap elementor-element-populated\">\n\t\t\t\t\t\t<div class=\"elementor-element elementor-element-6e13ae14 elementor-widget elementor-widget-heading\" data-id=\"6e13ae14\" data-element_type=\"widget\" data-widget_type=\"heading.default\">\n\t\t\t\t<div class=\"elementor-widget-container\">\n\t\t\t\t\t<h2 class=\"elementor-heading-title elementor-size-default\"><font color=\"#943616\"><span style=\"font-size: 40px\">Bo\u017ejakovina<\/span><\/font><\/h2>\t\t\t\t<\/div>\n\t\t\t\t<\/div>\n\t\t\t\t<div class=\"elementor-element elementor-element-170d672a elementor-widget elementor-widget-heading\" data-id=\"170d672a\" data-element_type=\"widget\" data-widget_type=\"heading.default\">\n\t\t\t\t<div class=\"elementor-widget-container\">\n\t\t\t\t\t<h2 class=\"elementor-heading-title elementor-size-default\">Slavonian Frontier<\/h2>\t\t\t\t<\/div>\n\t\t\t\t<\/div>\n\t\t\t\t<div class=\"elementor-element elementor-element-5ee28183 elementor-widget elementor-widget-text-editor\" data-id=\"5ee28183\" data-element_type=\"widget\" data-widget_type=\"text-editor.default\">\n\t\t\t\t<div class=\"elementor-widget-container\">\n\t\t\t\t\t\t\t\t\t<p><strong>Author: <\/strong>Nikola Ostoj\u010di\u0107<br \/>(\u00a92019.)<\/p>\t\t\t\t\t\t\t\t<\/div>\n\t\t\t\t<\/div>\n\t\t\t\t\t<\/div>\n\t\t<\/div>\n\t\t\t\t\t<\/div>\n\t\t<\/section>\n\t\t\t\t<section class=\"elementor-section elementor-top-section elementor-element elementor-element-26e39424 elementor-section-boxed elementor-section-height-default elementor-section-height-default\" data-id=\"26e39424\" data-element_type=\"section\" data-settings=\"{&quot;background_background&quot;:&quot;classic&quot;}\">\n\t\t\t\t\t\t<div class=\"elementor-container elementor-column-gap-default\">\n\t\t\t\t\t<div class=\"elementor-column elementor-col-100 elementor-top-column elementor-element elementor-element-399056ba\" data-id=\"399056ba\" data-element_type=\"column\">\n\t\t\t<div class=\"elementor-widget-wrap elementor-element-populated\">\n\t\t\t\t\t\t<div class=\"elementor-element elementor-element-343c8288 elementor-drop-cap-yes elementor-drop-cap-view-default elementor-widget elementor-widget-text-editor\" data-id=\"343c8288\" data-element_type=\"widget\" data-settings=\"{&quot;drop_cap&quot;:&quot;yes&quot;}\" data-widget_type=\"text-editor.default\">\n\t\t\t\t<div class=\"elementor-widget-container\">\n\t\t\t\t\t\t\t\t\t<p><strong>Bo\u017ejakovina<\/strong> \u2013 Povijest Bo\u017ejakovine mo\u017eemo pratiti od 13. stolje\u0107a. Povijest joj po\u010dinje s templarima i ivanovcima pa preko doba Tahyja i Zrinskih preko Dvorske komore, a sam dvorac su najdu\u017ee dr\u017eali Dra\u0161kovi\u0107i, sve do kraja 19. stolje\u0107a.<\/p>\t\t\t\t\t\t\t\t<\/div>\n\t\t\t\t<\/div>\n\t\t\t\t<div class=\"elementor-element elementor-element-4af3db4 elementor-widget elementor-widget-image\" data-id=\"4af3db4\" data-element_type=\"widget\" data-widget_type=\"image.default\">\n\t\t\t\t<div class=\"elementor-widget-container\">\n\t\t\t\t\t\t\t\t\t\t\t\t\t\t\t<img decoding=\"async\" width=\"616\" height=\"49\" src=\"https:\/\/vojnakrajina.ffzg.unizg.hr\/wp-content\/uploads\/2020\/03\/Bozjakovina-tablica.jpg\" class=\"attachment-large size-large wp-image-1719\" alt=\"Bozjakovina\" srcset=\"https:\/\/vojnakrajina.ffzg.unizg.hr\/wp-content\/uploads\/2020\/03\/Bozjakovina-tablica.jpg 616w, https:\/\/vojnakrajina.ffzg.unizg.hr\/wp-content\/uploads\/2020\/03\/Bozjakovina-tablica-300x24.jpg 300w\" sizes=\"(max-width: 616px) 100vw, 616px\" \/>\t\t\t\t\t\t\t\t\t\t\t\t\t\t\t<\/div>\n\t\t\t\t<\/div>\n\t\t\t\t<div class=\"elementor-element elementor-element-53072ea0 elementor-widget elementor-widget-text-editor\" data-id=\"53072ea0\" data-element_type=\"widget\" data-widget_type=\"text-editor.default\">\n\t\t\t\t<div class=\"elementor-widget-container\">\n\t\t\t\t\t\t\t\t\t<p><strong>Kretanje broja kraji\u0161kih vojnika u utvrdi Glogovnica<\/strong><\/p>\t\t\t\t\t\t\t\t<\/div>\n\t\t\t\t<\/div>\n\t\t\t\t<div class=\"elementor-element elementor-element-76cf24e9 elementor-drop-cap-yes elementor-drop-cap-view-default elementor-widget elementor-widget-text-editor\" data-id=\"76cf24e9\" data-element_type=\"widget\" data-settings=\"{&quot;drop_cap&quot;:&quot;yes&quot;}\" data-widget_type=\"text-editor.default\">\n\t\t\t\t<div class=\"elementor-widget-container\">\n\t\t\t\t\t\t\t\t\t<p>U dvorcu je potpisan i sporazum Cvetkovi\u0107-Ma\u010dek, a u nj je dolazio i Stjepan Radi\u0107 gdje je grofu Dra\u0161kovi\u0107u dr\u017eao ku\u0107ne poduke. Za mjesto smje\u0161teno 25km I od Zagreba postoje dvije legende o imenu, prva potje\u010de od templara koje je narod nazivao \u201ebo\u017ejacima\u201c s obzirom na to da su tamo imali samostan i vlastelinski posjed, a druga legenda je pri\u010da kako je Bog popiv\u0161i vino u nekom od podrume rekao \u201eBo\u017ee, jako vino\u201c. Kako bilo, dana\u0161nja Bo\u017ejakovina spominje se kao \u201ezemlja Svetog Martin\u201c (<em>terra<\/em> <em>Sancti<\/em> <em>Martini<\/em>) u ispravi iz 1209. kada posjed kralj Andrija II. izuzima iz vlasti zagreba\u010dkog \u017eupana i daruje ga vara\u017edinskom \u017eupanu Kra\u010dunu te zatim templarima koji ju posjeduju gotovo cijelo stolje\u0107e. Tamo grade samostan koji se 1311. spominje kao \u201eku\u0107a sv. Martina vojske Hrama\u201c, no danas ne znamo to\u010dnu lokaciju. Pretpostavlja se da je mogao biti kraj crkve sv. Martina u Prozorju ili na mjestu poslije izgra\u0111ene tvr\u0111ave \u010diji se tragovi vi\u0161e ne naziru u dana\u0161njem perivoju dvorca. Ukidanjem templara 1312. ona dolazi u posjed ivanovaca koji se kao feudalni vlasnici sv. Martina spominju 1320. U njihovo doba prvi put se spominje ime Bo\u017ejako (Bosiako) 1367. godine. U drugoj polovici 15. stolje\u0107a, Matija Korvin, a poslije i vranski priori zalagali su pojedine gospo\u0161tije. Od 1471. do 1489. posjeduju ju hrvatsko slavonski banovi Bla\u017e Podmanicky, Ladislav od Egervara i Matija Gereb. Posljednji posjednik iz reda ivanovaca bio je od 1517. vranski priori i hrvatski ban Petar Berislavi\u0107. Njegovom smr\u0107u 1520. zavr\u0161ava razdoblje vlasti ivanovaca u Bo\u017ejakovini. Upravitelj postaje Ivan Tahy (i ostalih posjeda Vranskoga priorata) te zapo\u010dinje razdoblje izmjena vlasnika (Ivan Tahy, ban Ivan Karlovi\u0107 Krbavski, Nikola Zrinski Sigetski, Franjo Tahy, Juraj Jankovi\u0107) sve do 1597. kada je vlastelinstvo do\u0161lo u posjed kneza Jurja Zrinskoga i ostalo u obiteljskom vlasni\u0161tvu do 1670. (Juraj IV., Nikola VI., grofica Elizabeta Szechy i Petar IV. Zrinski). Nakon urote Zrinsko-frankopanske, posjed okupira i plja\u010dka kraji\u0161ki kapetan iz Ivani\u0107 Grada, Ivan Jakob Teuffenbach. Ve\u0107 sljede\u0107e godine je ona pod upravom Dvorske komore. Kralj Leopold I. prodaje vlastelinstvo Ivanu IV. Dra\u0161kovi\u0107u za 18733 rajnskih forinti \u0161to je bio puni iznos procijenjene vrijednosti gospo\u0161tije. U vlasni\u0161tvu obitelju ostaje 197 godina. Nakon smrti Ivana IV. naslje\u0111uje ga njegova \u017eena Marija Magdalena ro\u0111. Nadasdy, a zatim njihov sin Ivan V. Godine 1733. posjed naslje\u0111uje druga zena Ivana V., Katarina ro\u0111. grofica Brandis, a nakon njene smrti 1744. imanje pripada drugoro\u0111enom sinu Josipu Kazimiru grofu Dra\u0161kovi\u0107u. Diobom obiteljskih imanja na njegove smrti 1766. ona odlazi najstarije sinu Ivanu VIII., a zatim njegovom mla\u0111em sinu Jurju IV. (V.) koji posjed ostavlja sinovima Ivanu Nepomuku i Teodoru I. Posjed \u0107e 1856. nakon smrti Ivana Nepomuka naslijediti Teodor II., sin Teodora I. koji je umro prije svog brata. Teodor II. prodaje 2\/3 posjeda oko 1882. odvjetniku Fredi \u0160aju, a 1\/3 koja je obuhva\u0107ala ku\u0107e i zemlji\u0161te u Dugom Selu je zadr\u017eao. Posjed potkraj 19. stolje\u0107a zapada u te\u0161ko\u0107e te je 1896. prodan Hrvatsko-slavonsko-dalmatinskoj zemaljskog vladi u Zagrebu. Ona je imala namjeru ga urediti po planu dr. Ive pl. Mallina, tada\u0161njeg savjetnika i upravitelja narodno-gospodarskog odsjeka Zemaljske vlade. Posjed je tada obuhva\u0107ao oko 1500 hektara, a do 1925. se smanjila na 642. U sklopu dobra djelovalo je nekoliko \u0161kola (Selja\u010dka gospodarska \u0161kola za odrasle, Gospodarska \u0161kola za seoske doma\u0107ice, Srednja vrtlarska \u0161kola) te su tamo dolazili u\u010denici okolnih \u0161kola na praksu vezanu uz agronomiju\/poljodjelstvo.<\/p><p>U\u00a0 Bo\u017ejakovini je, vjerojatno jo\u0161 od doba ivanovaca postojao ka\u0161tel koji se u isprava spominje kao <em>castrum Bosyako <\/em>(1510.) i <em>castellum Bosyako <\/em>(1525.) Njegovih vidljivih tragova danas vi\u0161e nema. Znamo da se nalazio uz rje\u010dicu Zelinu u sklopu vlastelinskih zgrada, isto\u010dno od staroga mosta sru\u0161enog 1945. Godine. Ka\u0161telu je pripadala i kapela sv. Ivana Nepomuka koju je 1744. sagradila Katarina Dra\u0161kovi\u0107 (ro\u0111. Brandis), a koja se na katastarskoj karti iz 1862. zove sv. Stjepan. Sru\u0161ena je sedamdesetih godina 20. stolje\u0107a. Ka\u0161tel je bio izuzetno va\u017ean nakon 1552. s obzirom na to da su Osmanlije zauzeli \u010cazmu i Dubravu jer se tada smatra kao dio obrambenog sustava Zagreba i Hrvatske. Hrvatski sabor je u sljede\u0107im desetlje\u0107ima nekoliko puta donosio odluke o utvr\u0111ivanju pa tako 1570-ih donosi odluku da svi kmetovi bo\u017ejakova\u010dke gospo\u0161tije moraju raditi na njenom utvr\u0111ivanju. Upravo 1572. se Bo\u017ejakovina spominje kao utvrda na slavonskoj granici koju treba popravljati te da se sve Tahyjeve kmetove na vlastelinstvima Susedgrad, Donja Stubica i Bo\u017ejakovina prisili na javne radove, ali zbog bune 1573. do toga nije ipak do\u0161lo. Godine 1576. Bo\u017ejakovina potpada pod Ivani\u0107ku kapetaniju pod zapovjedni\u0161tvom kapetana kraljevske vojske u Ivani\u0107u uz Ivani\u0107 Trg (grad), Ivani\u0107 Klo\u0161tar, Lupoglav, Gofnic i sv. Kri\u017e. Naoru\u017eanje tih utvrda bilo je sljede\u0107e: 2 topa srednjeg kalibra, 2 topa manjeg kalibra, 28 pu\u0161aka, 17 ru\u010dnih pu\u0161aka (Handrohr), 5 \u017eeljeznih manjih topova i 10 centi baruta. Godine 1584. Sabor tra\u017ei obnovu <em>Bo\u017ejakove<\/em> kao i Rakovca s obzirom na fokus sigurnosti prema Zagrebu. Ka\u0161tel ipak nije uspio obraniti se od osmanlijskih napada te 1591. biva spaljen. Obnavljanje je po\u010delo nakon dugog rata 1606. Kako bi se gospo\u0161tija \u0161to brze naselila Zrinski su priznavali naseljenicima (Slavoncima i Vlasima) slobodnja\u010dki polo\u017eaj, a ka\u0161tel je popravljen 1610. Godine. Ve\u0107 1672. opet je u ru\u0161evnom stanju. U jednom opisu iz razdoblja spominje se kako je drvene gra\u0111e, sa sedam prostorija te se uz njega nalazi nekoliko gospodarskih zgrada. Po tipologiji je spadao u <em>Wasserburgove<\/em>. U 18. stolje\u0107u se napu\u0161ta te se gradi dvorac. Tijekom 18. stolje\u0107a kada je u posjedu Dra\u0161kovi\u0107a, gradi se stari dvorac Blahimir (Lje\u0161\u010dara), novi dvorac, kurija na cesti Zagreb-Vrbovec, kurija u Dvori\u0161\u0107u te nekoliko kurija na bo\u017ejakova\u010dkim majurima. Ukidanjem kmetstva Dra\u0161kovi\u0107i stvaraju veleposjed koji \u0107e se kasnije podijeliti na majure Bo\u017ejakovinu, Dvori\u0161\u0107e, Ostrnu i \u010cret.<\/p>\t\t\t\t\t\t\t\t<\/div>\n\t\t\t\t<\/div>\n\t\t\t\t<div class=\"elementor-element elementor-element-5f6c7e33 elementor-drop-cap-yes elementor-drop-cap-view-default elementor-widget elementor-widget-text-editor\" data-id=\"5f6c7e33\" data-element_type=\"widget\" data-settings=\"{&quot;drop_cap&quot;:&quot;yes&quot;}\" data-widget_type=\"text-editor.default\">\n\t\t\t\t<div class=\"elementor-widget-container\">\n\t\t\t\t\t\t\t\t\t<strong style=\"font-size: 20px;\"><u>Literatura:<\/u><\/strong>\n<ul>\n \t<li>Kruhek, Milan. <em>Kraji\u0161ke utvrde Hrvatskog kraljevstva<\/em>. (Zagreb: Institut za suvremenu povijest, <em>Biblioteka <\/em>Hrvatska povjesnica. 1995.)<\/li>\n \t<li>Obad \u2013 \u0161\u0107itaroci Mladen i Bojana Bojani\u0107 Obad \u0160\u0107itaroci. <em>Dvorci i perivoji u Slavoniji: Od Zagreba do Iloka<\/em> (Zagreb: \u0160\u0107itaroci, 1998.)<\/span><\/li>\n<\/ul>\t\t\t\t\t\t\t\t<\/div>\n\t\t\t\t<\/div>\n\t\t\t\t\t<\/div>\n\t\t<\/div>\n\t\t\t\t\t<\/div>\n\t\t<\/section>\n\t\t\t\t<\/div>","protected":false},"excerpt":{"rendered":"<p>Bo\u017ejakovina Slavonska krajina Pi\u0161e: Nikola Ostoj\u010di\u0107(\u00a92019.) Bo\u017ejakovina \u2013 Povijest Bo\u017ejakovine mo\u017eemo pratiti od 13. stolje\u0107a. Povijest joj po\u010dinje s templarima i ivanovcima pa preko doba Tahyja i Zrinskih preko Dvorske komore, a sam dvorac su najdu\u017ee dr\u017eali Dra\u0161kovi\u0107i, sve do kraja 19. stolje\u0107a. Kretanje broja kraji\u0161kih vojnika u utvrdi Glogovnica U dvorcu je potpisan i [&hellip;]<\/p>","protected":false},"author":1,"featured_media":0,"parent":0,"menu_order":0,"comment_status":"closed","ping_status":"closed","template":"","meta":{"_acf_changed":false,"_monsterinsights_skip_tracking":false,"_monsterinsights_sitenote_active":false,"_monsterinsights_sitenote_note":"","_monsterinsights_sitenote_category":0,"site-sidebar-layout":"no-sidebar","site-content-layout":"page-builder","ast-site-content-layout":"default","site-content-style":"default","site-sidebar-style":"default","ast-global-header-display":"","ast-banner-title-visibility":"","ast-main-header-display":"","ast-hfb-above-header-display":"","ast-hfb-below-header-display":"","ast-hfb-mobile-header-display":"","site-post-title":"disabled","ast-breadcrumbs-content":"","ast-featured-img":"disabled","footer-sml-layout":"","ast-disable-related-posts":"","theme-transparent-header-meta":"default","adv-header-id-meta":"","stick-header-meta":"","header-above-stick-meta":"","header-main-stick-meta":"","header-below-stick-meta":"","astra-migrate-meta-layouts":"default","ast-page-background-enabled":"default","ast-page-background-meta":{"desktop":{"background-color":"","background-image":"","background-repeat":"repeat","background-position":"center center","background-size":"auto","background-attachment":"scroll","background-type":"","background-media":"","overlay-type":"","overlay-color":"","overlay-opacity":"","overlay-gradient":""},"tablet":{"background-color":"","background-image":"","background-repeat":"repeat","background-position":"center center","background-size":"auto","background-attachment":"scroll","background-type":"","background-media":"","overlay-type":"","overlay-color":"","overlay-opacity":"","overlay-gradient":""},"mobile":{"background-color":"","background-image":"","background-repeat":"repeat","background-position":"center center","background-size":"auto","background-attachment":"scroll","background-type":"","background-media":"","overlay-type":"","overlay-color":"","overlay-opacity":"","overlay-gradient":""}},"ast-content-background-meta":{"desktop":{"background-color":"var(--ast-global-color-5)","background-image":"","background-repeat":"repeat","background-position":"center center","background-size":"auto","background-attachment":"scroll","background-type":"","background-media":"","overlay-type":"","overlay-color":"","overlay-opacity":"","overlay-gradient":""},"tablet":{"background-color":"var(--ast-global-color-5)","background-image":"","background-repeat":"repeat","background-position":"center center","background-size":"auto","background-attachment":"scroll","background-type":"","background-media":"","overlay-type":"","overlay-color":"","overlay-opacity":"","overlay-gradient":""},"mobile":{"background-color":"var(--ast-global-color-5)","background-image":"","background-repeat":"repeat","background-position":"center center","background-size":"auto","background-attachment":"scroll","background-type":"","background-media":"","overlay-type":"","overlay-color":"","overlay-opacity":"","overlay-gradient":""}},"footnotes":""},"class_list":["post-1720","page","type-page","status-publish","hentry"],"acf":[],"yoast_head":"<!-- This site is optimized with the Yoast SEO plugin v26.6 - https:\/\/yoast.com\/wordpress\/plugins\/seo\/ -->\n<title>Bo\u017ejakovina - Bulwark of Europe<\/title>\n<meta name=\"robots\" content=\"index, follow, max-snippet:-1, max-image-preview:large, max-video-preview:-1\" \/>\n<link rel=\"canonical\" href=\"https:\/\/vojnakrajina.ffzg.unizg.hr\/en\/bozjakovina\/\" \/>\n<meta property=\"og:locale\" content=\"en_GB\" \/>\n<meta property=\"og:type\" content=\"article\" \/>\n<meta property=\"og:title\" content=\"Bo\u017ejakovina - Bulwark of Europe\" \/>\n<meta property=\"og:description\" content=\"Bo\u017ejakovina Slavonska krajina Pi\u0161e: Nikola Ostoj\u010di\u0107(\u00a92019.) Bo\u017ejakovina \u2013 Povijest Bo\u017ejakovine mo\u017eemo pratiti od 13. stolje\u0107a. Povijest joj po\u010dinje s templarima i ivanovcima pa preko doba Tahyja i Zrinskih preko Dvorske komore, a sam dvorac su najdu\u017ee dr\u017eali Dra\u0161kovi\u0107i, sve do kraja 19. stolje\u0107a. Kretanje broja kraji\u0161kih vojnika u utvrdi Glogovnica U dvorcu je potpisan i [&hellip;]\" \/>\n<meta property=\"og:url\" content=\"https:\/\/vojnakrajina.ffzg.unizg.hr\/en\/bozjakovina\/\" \/>\n<meta property=\"og:site_name\" content=\"Bulwark of Europe\" \/>\n<meta property=\"article:modified_time\" content=\"2022-07-05T13:37:17+00:00\" \/>\n<meta property=\"og:image\" content=\"https:\/\/vojnakrajina.ffzg.unizg.hr\/wp-content\/uploads\/2020\/03\/Bozjakovina-tablica.jpg\" \/>\n<meta name=\"twitter:card\" content=\"summary_large_image\" \/>\n<meta name=\"twitter:label1\" content=\"Estimated reading time\" \/>\n\t<meta name=\"twitter:data1\" content=\"5 minutes\" \/>\n<script type=\"application\/ld+json\" class=\"yoast-schema-graph\">{\"@context\":\"https:\/\/schema.org\",\"@graph\":[{\"@type\":\"WebPage\",\"@id\":\"https:\/\/vojnakrajina.ffzg.unizg.hr\/bozjakovina\/\",\"url\":\"https:\/\/vojnakrajina.ffzg.unizg.hr\/bozjakovina\/\",\"name\":\"Bo\u017ejakovina - Bulwark of Europe\",\"isPartOf\":{\"@id\":\"https:\/\/vojnakrajina.ffzg.unizg.hr\/#website\"},\"primaryImageOfPage\":{\"@id\":\"https:\/\/vojnakrajina.ffzg.unizg.hr\/bozjakovina\/#primaryimage\"},\"image\":{\"@id\":\"https:\/\/vojnakrajina.ffzg.unizg.hr\/bozjakovina\/#primaryimage\"},\"thumbnailUrl\":\"https:\/\/vojnakrajina.ffzg.unizg.hr\/wp-content\/uploads\/2020\/03\/Bozjakovina-tablica.jpg\",\"datePublished\":\"2020-03-29T16:23:42+00:00\",\"dateModified\":\"2022-07-05T13:37:17+00:00\",\"breadcrumb\":{\"@id\":\"https:\/\/vojnakrajina.ffzg.unizg.hr\/bozjakovina\/#breadcrumb\"},\"inLanguage\":\"en-GB\",\"potentialAction\":[{\"@type\":\"ReadAction\",\"target\":[\"https:\/\/vojnakrajina.ffzg.unizg.hr\/bozjakovina\/\"]}]},{\"@type\":\"ImageObject\",\"inLanguage\":\"en-GB\",\"@id\":\"https:\/\/vojnakrajina.ffzg.unizg.hr\/bozjakovina\/#primaryimage\",\"url\":\"https:\/\/vojnakrajina.ffzg.unizg.hr\/wp-content\/uploads\/2020\/03\/Bozjakovina-tablica.jpg\",\"contentUrl\":\"https:\/\/vojnakrajina.ffzg.unizg.hr\/wp-content\/uploads\/2020\/03\/Bozjakovina-tablica.jpg\"},{\"@type\":\"BreadcrumbList\",\"@id\":\"https:\/\/vojnakrajina.ffzg.unizg.hr\/bozjakovina\/#breadcrumb\",\"itemListElement\":[{\"@type\":\"ListItem\",\"position\":1,\"name\":\"Home\",\"item\":\"https:\/\/vojnakrajina.ffzg.unizg.hr\/\"},{\"@type\":\"ListItem\",\"position\":2,\"name\":\"Bo\u017ejakovina\"}]},{\"@type\":\"WebSite\",\"@id\":\"https:\/\/vojnakrajina.ffzg.unizg.hr\/#website\",\"url\":\"https:\/\/vojnakrajina.ffzg.unizg.hr\/\",\"name\":\"Bulwark of Europe - Vojna krajina u 16. stolje\u0107u\",\"description\":\"Digitizing Habsburg-Ottoman Border\",\"potentialAction\":[{\"@type\":\"SearchAction\",\"target\":{\"@type\":\"EntryPoint\",\"urlTemplate\":\"https:\/\/vojnakrajina.ffzg.unizg.hr\/?s={search_term_string}\"},\"query-input\":{\"@type\":\"PropertyValueSpecification\",\"valueRequired\":true,\"valueName\":\"search_term_string\"}}],\"inLanguage\":\"en-GB\"}]}<\/script>\n<!-- \/ Yoast SEO plugin. -->","yoast_head_json":{"title":"Bo\u017ejakovina - Bulwark of Europe","robots":{"index":"index","follow":"follow","max-snippet":"max-snippet:-1","max-image-preview":"max-image-preview:large","max-video-preview":"max-video-preview:-1"},"canonical":"https:\/\/vojnakrajina.ffzg.unizg.hr\/en\/bozjakovina\/","og_locale":"en_GB","og_type":"article","og_title":"Bo\u017ejakovina - Bulwark of Europe","og_description":"Bo\u017ejakovina Slavonska krajina Pi\u0161e: Nikola Ostoj\u010di\u0107(\u00a92019.) Bo\u017ejakovina \u2013 Povijest Bo\u017ejakovine mo\u017eemo pratiti od 13. stolje\u0107a. Povijest joj po\u010dinje s templarima i ivanovcima pa preko doba Tahyja i Zrinskih preko Dvorske komore, a sam dvorac su najdu\u017ee dr\u017eali Dra\u0161kovi\u0107i, sve do kraja 19. stolje\u0107a. Kretanje broja kraji\u0161kih vojnika u utvrdi Glogovnica U dvorcu je potpisan i [&hellip;]","og_url":"https:\/\/vojnakrajina.ffzg.unizg.hr\/en\/bozjakovina\/","og_site_name":"Bulwark of Europe","article_modified_time":"2022-07-05T13:37:17+00:00","og_image":[{"url":"https:\/\/vojnakrajina.ffzg.unizg.hr\/wp-content\/uploads\/2020\/03\/Bozjakovina-tablica.jpg","type":"","width":"","height":""}],"twitter_card":"summary_large_image","twitter_misc":{"Estimated reading time":"5 minutes"},"schema":{"@context":"https:\/\/schema.org","@graph":[{"@type":"WebPage","@id":"https:\/\/vojnakrajina.ffzg.unizg.hr\/bozjakovina\/","url":"https:\/\/vojnakrajina.ffzg.unizg.hr\/bozjakovina\/","name":"Bo\u017ejakovina - Bulwark of Europe","isPartOf":{"@id":"https:\/\/vojnakrajina.ffzg.unizg.hr\/#website"},"primaryImageOfPage":{"@id":"https:\/\/vojnakrajina.ffzg.unizg.hr\/bozjakovina\/#primaryimage"},"image":{"@id":"https:\/\/vojnakrajina.ffzg.unizg.hr\/bozjakovina\/#primaryimage"},"thumbnailUrl":"https:\/\/vojnakrajina.ffzg.unizg.hr\/wp-content\/uploads\/2020\/03\/Bozjakovina-tablica.jpg","datePublished":"2020-03-29T16:23:42+00:00","dateModified":"2022-07-05T13:37:17+00:00","breadcrumb":{"@id":"https:\/\/vojnakrajina.ffzg.unizg.hr\/bozjakovina\/#breadcrumb"},"inLanguage":"en-GB","potentialAction":[{"@type":"ReadAction","target":["https:\/\/vojnakrajina.ffzg.unizg.hr\/bozjakovina\/"]}]},{"@type":"ImageObject","inLanguage":"en-GB","@id":"https:\/\/vojnakrajina.ffzg.unizg.hr\/bozjakovina\/#primaryimage","url":"https:\/\/vojnakrajina.ffzg.unizg.hr\/wp-content\/uploads\/2020\/03\/Bozjakovina-tablica.jpg","contentUrl":"https:\/\/vojnakrajina.ffzg.unizg.hr\/wp-content\/uploads\/2020\/03\/Bozjakovina-tablica.jpg"},{"@type":"BreadcrumbList","@id":"https:\/\/vojnakrajina.ffzg.unizg.hr\/bozjakovina\/#breadcrumb","itemListElement":[{"@type":"ListItem","position":1,"name":"Home","item":"https:\/\/vojnakrajina.ffzg.unizg.hr\/"},{"@type":"ListItem","position":2,"name":"Bo\u017ejakovina"}]},{"@type":"WebSite","@id":"https:\/\/vojnakrajina.ffzg.unizg.hr\/#website","url":"https:\/\/vojnakrajina.ffzg.unizg.hr\/","name":"Bulwark of Europe - Vojna krajina u 16. stolje\u0107u","description":"Digitizing Habsburg-Ottoman Border","potentialAction":[{"@type":"SearchAction","target":{"@type":"EntryPoint","urlTemplate":"https:\/\/vojnakrajina.ffzg.unizg.hr\/?s={search_term_string}"},"query-input":{"@type":"PropertyValueSpecification","valueRequired":true,"valueName":"search_term_string"}}],"inLanguage":"en-GB"}]}},"_links":{"self":[{"href":"https:\/\/vojnakrajina.ffzg.unizg.hr\/en\/wp-json\/wp\/v2\/pages\/1720","targetHints":{"allow":["GET"]}}],"collection":[{"href":"https:\/\/vojnakrajina.ffzg.unizg.hr\/en\/wp-json\/wp\/v2\/pages"}],"about":[{"href":"https:\/\/vojnakrajina.ffzg.unizg.hr\/en\/wp-json\/wp\/v2\/types\/page"}],"author":[{"embeddable":true,"href":"https:\/\/vojnakrajina.ffzg.unizg.hr\/en\/wp-json\/wp\/v2\/users\/1"}],"replies":[{"embeddable":true,"href":"https:\/\/vojnakrajina.ffzg.unizg.hr\/en\/wp-json\/wp\/v2\/comments?post=1720"}],"version-history":[{"count":6,"href":"https:\/\/vojnakrajina.ffzg.unizg.hr\/en\/wp-json\/wp\/v2\/pages\/1720\/revisions"}],"predecessor-version":[{"id":3394,"href":"https:\/\/vojnakrajina.ffzg.unizg.hr\/en\/wp-json\/wp\/v2\/pages\/1720\/revisions\/3394"}],"wp:attachment":[{"href":"https:\/\/vojnakrajina.ffzg.unizg.hr\/en\/wp-json\/wp\/v2\/media?parent=1720"}],"curies":[{"name":"wp","href":"https:\/\/api.w.org\/{rel}","templated":true}]}}