{"id":1745,"date":"2020-03-29T19:00:10","date_gmt":"2020-03-29T17:00:10","guid":{"rendered":"https:\/\/vojnakrajina.ffzg.unizg.hr\/?page_id=1745"},"modified":"2022-07-05T15:37:26","modified_gmt":"2022-07-05T13:37:26","slug":"gorica","status":"publish","type":"page","link":"https:\/\/vojnakrajina.ffzg.unizg.hr\/en\/gorica\/","title":{"rendered":"Gorica"},"content":{"rendered":"<div data-elementor-type=\"wp-page\" data-elementor-id=\"1745\" class=\"elementor elementor-1745\">\n\t\t\t\t\t\t<section class=\"elementor-section elementor-top-section elementor-element elementor-element-5a9eb6b elementor-section-boxed elementor-section-height-default elementor-section-height-default\" data-id=\"5a9eb6b\" data-element_type=\"section\" data-settings=\"{&quot;background_background&quot;:&quot;classic&quot;}\">\n\t\t\t\t\t\t<div class=\"elementor-container elementor-column-gap-default\">\n\t\t\t\t\t<div class=\"elementor-column elementor-col-100 elementor-top-column elementor-element elementor-element-22aff67e\" data-id=\"22aff67e\" data-element_type=\"column\">\n\t\t\t<div class=\"elementor-widget-wrap elementor-element-populated\">\n\t\t\t\t\t\t<div class=\"elementor-element elementor-element-daf22e8 elementor-widget elementor-widget-heading\" data-id=\"daf22e8\" data-element_type=\"widget\" data-widget_type=\"heading.default\">\n\t\t\t\t<div class=\"elementor-widget-container\">\n\t\t\t\t\t<h2 class=\"elementor-heading-title elementor-size-default\"><font color=\"#943616\"><span style=\"font-size: 40px\">Gorica<\/span><\/font><\/h2>\t\t\t\t<\/div>\n\t\t\t\t<\/div>\n\t\t\t\t<div class=\"elementor-element elementor-element-220b4d94 elementor-widget elementor-widget-heading\" data-id=\"220b4d94\" data-element_type=\"widget\" data-widget_type=\"heading.default\">\n\t\t\t\t<div class=\"elementor-widget-container\">\n\t\t\t\t\t<h2 class=\"elementor-heading-title elementor-size-default\">Slavonian Frontier<\/h2>\t\t\t\t<\/div>\n\t\t\t\t<\/div>\n\t\t\t\t<div class=\"elementor-element elementor-element-1f886e7f elementor-widget elementor-widget-text-editor\" data-id=\"1f886e7f\" data-element_type=\"widget\" data-widget_type=\"text-editor.default\">\n\t\t\t\t<div class=\"elementor-widget-container\">\n\t\t\t\t\t\t\t\t\t<p><strong>Author:\u00a0<\/strong>Nikola Ostoj\u010di\u0107<br \/>(\u00a92019.)<\/p>\t\t\t\t\t\t\t\t<\/div>\n\t\t\t\t<\/div>\n\t\t\t\t\t<\/div>\n\t\t<\/div>\n\t\t\t\t\t<\/div>\n\t\t<\/section>\n\t\t\t\t<section class=\"elementor-section elementor-top-section elementor-element elementor-element-4c56fa73 elementor-section-boxed elementor-section-height-default elementor-section-height-default\" data-id=\"4c56fa73\" data-element_type=\"section\" data-settings=\"{&quot;background_background&quot;:&quot;classic&quot;}\">\n\t\t\t\t\t\t<div class=\"elementor-container elementor-column-gap-default\">\n\t\t\t\t\t<div class=\"elementor-column elementor-col-100 elementor-top-column elementor-element elementor-element-686c7dcf\" data-id=\"686c7dcf\" data-element_type=\"column\">\n\t\t\t<div class=\"elementor-widget-wrap elementor-element-populated\">\n\t\t\t\t\t\t<div class=\"elementor-element elementor-element-7a33a713 elementor-drop-cap-yes elementor-drop-cap-view-default elementor-widget elementor-widget-text-editor\" data-id=\"7a33a713\" data-element_type=\"widget\" data-settings=\"{&quot;drop_cap&quot;:&quot;yes&quot;}\" data-widget_type=\"text-editor.default\">\n\t\t\t\t<div class=\"elementor-widget-container\">\n\t\t\t\t\t\t\t\t\t<p>Dvorac Gorica smje\u0161ten je u kostelskoj nizini nedaleko od Pregrade, a prvotno je sagra\u0111en kao ka\u0161tel. Smje\u0161ten je na zaravanku niskog bre\u017euljka na nadmorskoj visini od 205m koji je sa SZ i JI strane usjecima odvojen od ostatka brijega<strong>. <\/strong><\/p>\t\t\t\t\t\t\t\t<\/div>\n\t\t\t\t<\/div>\n\t\t\t\t<div class=\"elementor-element elementor-element-5a2ed18 elementor-widget elementor-widget-image\" data-id=\"5a2ed18\" data-element_type=\"widget\" data-widget_type=\"image.default\">\n\t\t\t\t<div class=\"elementor-widget-container\">\n\t\t\t\t\t\t\t\t\t\t\t\t\t\t\t<img decoding=\"async\" width=\"616\" height=\"48\" src=\"https:\/\/vojnakrajina.ffzg.unizg.hr\/wp-content\/uploads\/2020\/03\/Gorica-tablica.jpg\" class=\"attachment-large size-large wp-image-1748\" alt=\"Gorica\" srcset=\"https:\/\/vojnakrajina.ffzg.unizg.hr\/wp-content\/uploads\/2020\/03\/Gorica-tablica.jpg 616w, https:\/\/vojnakrajina.ffzg.unizg.hr\/wp-content\/uploads\/2020\/03\/Gorica-tablica-300x23.jpg 300w\" sizes=\"(max-width: 616px) 100vw, 616px\" \/>\t\t\t\t\t\t\t\t\t\t\t\t\t\t\t<\/div>\n\t\t\t\t<\/div>\n\t\t\t\t<div class=\"elementor-element elementor-element-165bbb21 elementor-widget elementor-widget-text-editor\" data-id=\"165bbb21\" data-element_type=\"widget\" data-widget_type=\"text-editor.default\">\n\t\t\t\t<div class=\"elementor-widget-container\">\n\t\t\t\t\t\t\t\t\t<p><strong>Kretanje broja kraji\u0161kih vojnika u utvrdi Gorica<\/strong><\/p>\t\t\t\t\t\t\t\t<\/div>\n\t\t\t\t<\/div>\n\t\t\t\t<div class=\"elementor-element elementor-element-cf99961 elementor-drop-cap-yes elementor-drop-cap-view-default elementor-widget elementor-widget-text-editor\" data-id=\"cf99961\" data-element_type=\"widget\" data-settings=\"{&quot;drop_cap&quot;:&quot;yes&quot;}\" data-widget_type=\"text-editor.default\">\n\t\t\t\t<div class=\"elementor-widget-container\">\n\t\t\t\t\t\t\t\t\t<p>U gorici je 1573. sastalo se plemstvo s banom na vije\u0107anje o odredbama kojima bi se predvidjelo\u00a0 tko \u0107e i kako \u010duvati prijelaze na Kupi. Ista se spominje i na zasjedanju 25. 2. 1579. gdje je nabrojana me\u0111u utvrdama i stra\u017eama na Kupi od Siska do Karlovca uz Sisak, Brest, Pr\u010devo, Hergovi\u0107, Letovani\u0107, Berki\u0161evinu, \u0160i\u0161inec, Mi\u0161ljenovi\u0107, Degoj, Augu\u0161tanovac, Sredi\u010dko, Luku, Re\u010dicu i Gazu pred Karlovcem. Gorica se gradi potkraj 16. stolje\u0107a kada Keglevi\u0107i napu\u0161taju Kostel-grad i grade dvorac u dolini kao svoju zimsku rezidenciju. Tlocrt je bio zatvoren s unutra\u0161njim dvori\u0161tem, a danas su o\u010duvana dva krila i cilindri\u010dna kula na uglu. Kasnije dvorac kupuju Pata\u010di\u0107i, a Keglevi\u0107i ga opet posjeduju do 1883. kada je prodan obitelji Kau\u010di\u0107 koji je do danas u njihovom vlasni\u0161tvu. Danas je povremeni stambeni objekt s pripadno\u0161\u0107u drugoj spomeni\u010dkoj kategoriji. Svojim arhitektonskim podrijetlom dvorac spada u kasnorenesansni ka\u0161tel iz 16. stolje\u0107a. Zami\u0161ljen je kao pravokutna utvrda s okruglim kulama na uglovima i velikom dvokatnom stambenom zgradom u sredini unutra\u0161njeg dvori\u0161ta. Utvrda u takvome obliku nikad nije dovr\u0161ena, a prema katastarskome nacrtu iz 1861. dvorac je sagra\u0111en u pravokutnik na \u010dijem su isto\u010dnom i zapadnom uglu bile okrugle obrambene kule. Stambeni dio nalazio se na SI i SZ dijelu dok je ostale dijelove zatvarao visoki zid. Od dvorca su danas sa\u010duvana dva krila, ju\u017ena okrugla obrambena kula s tri strijelnice u gornjim dijelovima i ukrasni ulazni portal s djelomi\u010dno o\u010duvanim grbom Keglevi\u0107a iznad njih kao i SZ i JI vanjski nekad obrambeni zid ka\u0161tela.<\/p>\t\t\t\t\t\t\t\t<\/div>\n\t\t\t\t<\/div>\n\t\t\t\t<div class=\"elementor-element elementor-element-554c081e elementor-drop-cap-yes elementor-drop-cap-view-default elementor-widget elementor-widget-text-editor\" data-id=\"554c081e\" data-element_type=\"widget\" data-settings=\"{&quot;drop_cap&quot;:&quot;yes&quot;}\" data-widget_type=\"text-editor.default\">\n\t\t\t\t<div class=\"elementor-widget-container\">\n\t\t\t\t\t\t\t\t\t<span style=\"font-size: 20px;\"><u><b>Literatura:<\/b><\/u><\/span>\n<ul>\n \t<li>Obad \u2013 \u0160\u0107itaroci, Mladen. <em>Perivodi i dvorci Hrvatskgoa zagorja <\/em>(Zagreb: \u0160kolska knjiga, 1989).<\/li>\n \t<li>Kruhek, Milan. <em>Kraji\u0161ke utvrde Hrvatskog kraljevstva<\/em>. (Zagreb: Institut za suvremenu povijest, <em>Biblioteka <\/em>Hrvatska povjesnica. 1995).<\/span><\/li>\n \t<li>Regan, Kre\u0161imir. \u201eSrednjovjekovni gradovi, utvrde i ka\u0161teli sjeverozapadnog Hrvatskog zagorja\u201c.\u00a0<\/span><i>Kaj: \u010dasopis za knji\u017eevnost, umjetnost i kulturu<\/i>\u00a03 (2003): 57 &#8211; 92.<\/li>\n \t<li>Nadilo, Branko. \u201eUtvrde na sjeverozapadu Hrvatskog zagorja\u201c. <em>Gra\u0111evinar <\/em>55 (2003): 605 &#8211; 611.<\/span><\/li>\n<\/ul>\t\t\t\t\t\t\t\t<\/div>\n\t\t\t\t<\/div>\n\t\t\t\t\t<\/div>\n\t\t<\/div>\n\t\t\t\t\t<\/div>\n\t\t<\/section>\n\t\t\t\t<\/div>","protected":false},"excerpt":{"rendered":"<p>Gorica Slavonska krajina Pi\u0161e:\u00a0Nikola Ostoj\u010di\u0107(\u00a92019.) Dvorac Gorica smje\u0161ten je u kostelskoj nizini nedaleko od Pregrade, a prvotno je sagra\u0111en kao ka\u0161tel. Smje\u0161ten je na zaravanku niskog bre\u017euljka na nadmorskoj visini od 205m koji je sa SZ i JI strane usjecima odvojen od ostatka brijega. Kretanje broja kraji\u0161kih vojnika u utvrdi Gorica U gorici je 1573. [&hellip;]<\/p>","protected":false},"author":1,"featured_media":0,"parent":0,"menu_order":0,"comment_status":"closed","ping_status":"closed","template":"","meta":{"_monsterinsights_skip_tracking":false,"_monsterinsights_sitenote_active":false,"_monsterinsights_sitenote_note":"","_monsterinsights_sitenote_category":0,"site-sidebar-layout":"no-sidebar","site-content-layout":"page-builder","ast-site-content-layout":"default","site-content-style":"default","site-sidebar-style":"default","ast-global-header-display":"","ast-banner-title-visibility":"","ast-main-header-display":"","ast-hfb-above-header-display":"","ast-hfb-below-header-display":"","ast-hfb-mobile-header-display":"","site-post-title":"disabled","ast-breadcrumbs-content":"","ast-featured-img":"disabled","footer-sml-layout":"","ast-disable-related-posts":"","theme-transparent-header-meta":"default","adv-header-id-meta":"","stick-header-meta":"","header-above-stick-meta":"","header-main-stick-meta":"","header-below-stick-meta":"","astra-migrate-meta-layouts":"default","ast-page-background-enabled":"default","ast-page-background-meta":{"desktop":{"background-color":"","background-image":"","background-repeat":"repeat","background-position":"center center","background-size":"auto","background-attachment":"scroll","background-type":"","background-media":"","overlay-type":"","overlay-color":"","overlay-opacity":"","overlay-gradient":""},"tablet":{"background-color":"","background-image":"","background-repeat":"repeat","background-position":"center center","background-size":"auto","background-attachment":"scroll","background-type":"","background-media":"","overlay-type":"","overlay-color":"","overlay-opacity":"","overlay-gradient":""},"mobile":{"background-color":"","background-image":"","background-repeat":"repeat","background-position":"center center","background-size":"auto","background-attachment":"scroll","background-type":"","background-media":"","overlay-type":"","overlay-color":"","overlay-opacity":"","overlay-gradient":""}},"ast-content-background-meta":{"desktop":{"background-color":"var(--ast-global-color-5)","background-image":"","background-repeat":"repeat","background-position":"center center","background-size":"auto","background-attachment":"scroll","background-type":"","background-media":"","overlay-type":"","overlay-color":"","overlay-opacity":"","overlay-gradient":""},"tablet":{"background-color":"var(--ast-global-color-5)","background-image":"","background-repeat":"repeat","background-position":"center center","background-size":"auto","background-attachment":"scroll","background-type":"","background-media":"","overlay-type":"","overlay-color":"","overlay-opacity":"","overlay-gradient":""},"mobile":{"background-color":"var(--ast-global-color-5)","background-image":"","background-repeat":"repeat","background-position":"center center","background-size":"auto","background-attachment":"scroll","background-type":"","background-media":"","overlay-type":"","overlay-color":"","overlay-opacity":"","overlay-gradient":""}},"footnotes":""},"class_list":["post-1745","page","type-page","status-publish","hentry"],"yoast_head":"<!-- This site is optimized with the Yoast SEO plugin v26.6 - https:\/\/yoast.com\/wordpress\/plugins\/seo\/ -->\n<title>Gorica - Bulwark of Europe<\/title>\n<meta name=\"robots\" content=\"index, follow, max-snippet:-1, max-image-preview:large, max-video-preview:-1\" \/>\n<link rel=\"canonical\" href=\"https:\/\/vojnakrajina.ffzg.unizg.hr\/en\/gorica\/\" \/>\n<meta property=\"og:locale\" content=\"en_GB\" \/>\n<meta property=\"og:type\" content=\"article\" \/>\n<meta property=\"og:title\" content=\"Gorica - Bulwark of Europe\" \/>\n<meta property=\"og:description\" content=\"Gorica Slavonska krajina Pi\u0161e:\u00a0Nikola Ostoj\u010di\u0107(\u00a92019.) Dvorac Gorica smje\u0161ten je u kostelskoj nizini nedaleko od Pregrade, a prvotno je sagra\u0111en kao ka\u0161tel. Smje\u0161ten je na zaravanku niskog bre\u017euljka na nadmorskoj visini od 205m koji je sa SZ i JI strane usjecima odvojen od ostatka brijega. Kretanje broja kraji\u0161kih vojnika u utvrdi Gorica U gorici je 1573. [&hellip;]\" \/>\n<meta property=\"og:url\" content=\"https:\/\/vojnakrajina.ffzg.unizg.hr\/en\/gorica\/\" \/>\n<meta property=\"og:site_name\" content=\"Bulwark of Europe\" \/>\n<meta property=\"article:modified_time\" content=\"2022-07-05T13:37:26+00:00\" \/>\n<meta property=\"og:image\" content=\"https:\/\/vojnakrajina.ffzg.unizg.hr\/wp-content\/uploads\/2020\/03\/Gorica-tablica.jpg\" \/>\n<meta name=\"twitter:card\" content=\"summary_large_image\" \/>\n<meta name=\"twitter:label1\" content=\"Estimated reading time\" \/>\n\t<meta name=\"twitter:data1\" content=\"2 minutes\" \/>\n<script type=\"application\/ld+json\" class=\"yoast-schema-graph\">{\"@context\":\"https:\/\/schema.org\",\"@graph\":[{\"@type\":\"WebPage\",\"@id\":\"https:\/\/vojnakrajina.ffzg.unizg.hr\/gorica\/\",\"url\":\"https:\/\/vojnakrajina.ffzg.unizg.hr\/gorica\/\",\"name\":\"Gorica - Bulwark of Europe\",\"isPartOf\":{\"@id\":\"https:\/\/vojnakrajina.ffzg.unizg.hr\/#website\"},\"primaryImageOfPage\":{\"@id\":\"https:\/\/vojnakrajina.ffzg.unizg.hr\/gorica\/#primaryimage\"},\"image\":{\"@id\":\"https:\/\/vojnakrajina.ffzg.unizg.hr\/gorica\/#primaryimage\"},\"thumbnailUrl\":\"https:\/\/vojnakrajina.ffzg.unizg.hr\/wp-content\/uploads\/2020\/03\/Gorica-tablica.jpg\",\"datePublished\":\"2020-03-29T17:00:10+00:00\",\"dateModified\":\"2022-07-05T13:37:26+00:00\",\"breadcrumb\":{\"@id\":\"https:\/\/vojnakrajina.ffzg.unizg.hr\/gorica\/#breadcrumb\"},\"inLanguage\":\"en-GB\",\"potentialAction\":[{\"@type\":\"ReadAction\",\"target\":[\"https:\/\/vojnakrajina.ffzg.unizg.hr\/gorica\/\"]}]},{\"@type\":\"ImageObject\",\"inLanguage\":\"en-GB\",\"@id\":\"https:\/\/vojnakrajina.ffzg.unizg.hr\/gorica\/#primaryimage\",\"url\":\"https:\/\/vojnakrajina.ffzg.unizg.hr\/wp-content\/uploads\/2020\/03\/Gorica-tablica.jpg\",\"contentUrl\":\"https:\/\/vojnakrajina.ffzg.unizg.hr\/wp-content\/uploads\/2020\/03\/Gorica-tablica.jpg\"},{\"@type\":\"BreadcrumbList\",\"@id\":\"https:\/\/vojnakrajina.ffzg.unizg.hr\/gorica\/#breadcrumb\",\"itemListElement\":[{\"@type\":\"ListItem\",\"position\":1,\"name\":\"Home\",\"item\":\"https:\/\/vojnakrajina.ffzg.unizg.hr\/\"},{\"@type\":\"ListItem\",\"position\":2,\"name\":\"Gorica\"}]},{\"@type\":\"WebSite\",\"@id\":\"https:\/\/vojnakrajina.ffzg.unizg.hr\/#website\",\"url\":\"https:\/\/vojnakrajina.ffzg.unizg.hr\/\",\"name\":\"Bulwark of Europe - Vojna krajina u 16. stolje\u0107u\",\"description\":\"Digitizing Habsburg-Ottoman Border\",\"potentialAction\":[{\"@type\":\"SearchAction\",\"target\":{\"@type\":\"EntryPoint\",\"urlTemplate\":\"https:\/\/vojnakrajina.ffzg.unizg.hr\/?s={search_term_string}\"},\"query-input\":{\"@type\":\"PropertyValueSpecification\",\"valueRequired\":true,\"valueName\":\"search_term_string\"}}],\"inLanguage\":\"en-GB\"}]}<\/script>\n<!-- \/ Yoast SEO plugin. -->","yoast_head_json":{"title":"Gorica - Bulwark of Europe","robots":{"index":"index","follow":"follow","max-snippet":"max-snippet:-1","max-image-preview":"max-image-preview:large","max-video-preview":"max-video-preview:-1"},"canonical":"https:\/\/vojnakrajina.ffzg.unizg.hr\/en\/gorica\/","og_locale":"en_GB","og_type":"article","og_title":"Gorica - Bulwark of Europe","og_description":"Gorica Slavonska krajina Pi\u0161e:\u00a0Nikola Ostoj\u010di\u0107(\u00a92019.) Dvorac Gorica smje\u0161ten je u kostelskoj nizini nedaleko od Pregrade, a prvotno je sagra\u0111en kao ka\u0161tel. Smje\u0161ten je na zaravanku niskog bre\u017euljka na nadmorskoj visini od 205m koji je sa SZ i JI strane usjecima odvojen od ostatka brijega. Kretanje broja kraji\u0161kih vojnika u utvrdi Gorica U gorici je 1573. [&hellip;]","og_url":"https:\/\/vojnakrajina.ffzg.unizg.hr\/en\/gorica\/","og_site_name":"Bulwark of Europe","article_modified_time":"2022-07-05T13:37:26+00:00","og_image":[{"url":"https:\/\/vojnakrajina.ffzg.unizg.hr\/wp-content\/uploads\/2020\/03\/Gorica-tablica.jpg","type":"","width":"","height":""}],"twitter_card":"summary_large_image","twitter_misc":{"Estimated reading time":"2 minutes"},"schema":{"@context":"https:\/\/schema.org","@graph":[{"@type":"WebPage","@id":"https:\/\/vojnakrajina.ffzg.unizg.hr\/gorica\/","url":"https:\/\/vojnakrajina.ffzg.unizg.hr\/gorica\/","name":"Gorica - Bulwark of Europe","isPartOf":{"@id":"https:\/\/vojnakrajina.ffzg.unizg.hr\/#website"},"primaryImageOfPage":{"@id":"https:\/\/vojnakrajina.ffzg.unizg.hr\/gorica\/#primaryimage"},"image":{"@id":"https:\/\/vojnakrajina.ffzg.unizg.hr\/gorica\/#primaryimage"},"thumbnailUrl":"https:\/\/vojnakrajina.ffzg.unizg.hr\/wp-content\/uploads\/2020\/03\/Gorica-tablica.jpg","datePublished":"2020-03-29T17:00:10+00:00","dateModified":"2022-07-05T13:37:26+00:00","breadcrumb":{"@id":"https:\/\/vojnakrajina.ffzg.unizg.hr\/gorica\/#breadcrumb"},"inLanguage":"en-GB","potentialAction":[{"@type":"ReadAction","target":["https:\/\/vojnakrajina.ffzg.unizg.hr\/gorica\/"]}]},{"@type":"ImageObject","inLanguage":"en-GB","@id":"https:\/\/vojnakrajina.ffzg.unizg.hr\/gorica\/#primaryimage","url":"https:\/\/vojnakrajina.ffzg.unizg.hr\/wp-content\/uploads\/2020\/03\/Gorica-tablica.jpg","contentUrl":"https:\/\/vojnakrajina.ffzg.unizg.hr\/wp-content\/uploads\/2020\/03\/Gorica-tablica.jpg"},{"@type":"BreadcrumbList","@id":"https:\/\/vojnakrajina.ffzg.unizg.hr\/gorica\/#breadcrumb","itemListElement":[{"@type":"ListItem","position":1,"name":"Home","item":"https:\/\/vojnakrajina.ffzg.unizg.hr\/"},{"@type":"ListItem","position":2,"name":"Gorica"}]},{"@type":"WebSite","@id":"https:\/\/vojnakrajina.ffzg.unizg.hr\/#website","url":"https:\/\/vojnakrajina.ffzg.unizg.hr\/","name":"Bulwark of Europe - Vojna krajina u 16. stolje\u0107u","description":"Digitizing Habsburg-Ottoman Border","potentialAction":[{"@type":"SearchAction","target":{"@type":"EntryPoint","urlTemplate":"https:\/\/vojnakrajina.ffzg.unizg.hr\/?s={search_term_string}"},"query-input":{"@type":"PropertyValueSpecification","valueRequired":true,"valueName":"search_term_string"}}],"inLanguage":"en-GB"}]}},"_links":{"self":[{"href":"https:\/\/vojnakrajina.ffzg.unizg.hr\/en\/wp-json\/wp\/v2\/pages\/1745","targetHints":{"allow":["GET"]}}],"collection":[{"href":"https:\/\/vojnakrajina.ffzg.unizg.hr\/en\/wp-json\/wp\/v2\/pages"}],"about":[{"href":"https:\/\/vojnakrajina.ffzg.unizg.hr\/en\/wp-json\/wp\/v2\/types\/page"}],"author":[{"embeddable":true,"href":"https:\/\/vojnakrajina.ffzg.unizg.hr\/en\/wp-json\/wp\/v2\/users\/1"}],"replies":[{"embeddable":true,"href":"https:\/\/vojnakrajina.ffzg.unizg.hr\/en\/wp-json\/wp\/v2\/comments?post=1745"}],"version-history":[{"count":7,"href":"https:\/\/vojnakrajina.ffzg.unizg.hr\/en\/wp-json\/wp\/v2\/pages\/1745\/revisions"}],"predecessor-version":[{"id":3400,"href":"https:\/\/vojnakrajina.ffzg.unizg.hr\/en\/wp-json\/wp\/v2\/pages\/1745\/revisions\/3400"}],"wp:attachment":[{"href":"https:\/\/vojnakrajina.ffzg.unizg.hr\/en\/wp-json\/wp\/v2\/media?parent=1745"}],"curies":[{"name":"wp","href":"https:\/\/api.w.org\/{rel}","templated":true}]}}