{"id":1847,"date":"2020-03-30T00:20:27","date_gmt":"2020-03-29T22:20:27","guid":{"rendered":"https:\/\/vojnakrajina.ffzg.unizg.hr\/?page_id=1847"},"modified":"2022-07-05T15:38:37","modified_gmt":"2022-07-05T13:38:37","slug":"ludbreg","status":"publish","type":"page","link":"https:\/\/vojnakrajina.ffzg.unizg.hr\/en\/ludbreg\/","title":{"rendered":"Ludbreg"},"content":{"rendered":"<div data-elementor-type=\"wp-page\" data-elementor-id=\"1847\" class=\"elementor elementor-1847\">\n\t\t\t\t\t\t<section class=\"elementor-section elementor-top-section elementor-element elementor-element-11d906c4 elementor-section-boxed elementor-section-height-default elementor-section-height-default\" data-id=\"11d906c4\" data-element_type=\"section\" data-settings=\"{&quot;background_background&quot;:&quot;classic&quot;}\">\n\t\t\t\t\t\t<div class=\"elementor-container elementor-column-gap-default\">\n\t\t\t\t\t<div class=\"elementor-column elementor-col-100 elementor-top-column elementor-element elementor-element-3e604f60\" data-id=\"3e604f60\" data-element_type=\"column\">\n\t\t\t<div class=\"elementor-widget-wrap elementor-element-populated\">\n\t\t\t\t\t\t<div class=\"elementor-element elementor-element-10aa686f elementor-widget elementor-widget-heading\" data-id=\"10aa686f\" data-element_type=\"widget\" data-widget_type=\"heading.default\">\n\t\t\t\t<div class=\"elementor-widget-container\">\n\t\t\t\t\t<h2 class=\"elementor-heading-title elementor-size-default\"><font color=\"#943616\"><span style=\"font-size: 40px\">Ludbreg<\/span><\/font><\/h2>\t\t\t\t<\/div>\n\t\t\t\t<\/div>\n\t\t\t\t<div class=\"elementor-element elementor-element-4156ee12 elementor-widget elementor-widget-heading\" data-id=\"4156ee12\" data-element_type=\"widget\" data-widget_type=\"heading.default\">\n\t\t\t\t<div class=\"elementor-widget-container\">\n\t\t\t\t\t<h2 class=\"elementor-heading-title elementor-size-default\">Slavonian Frontier<\/h2>\t\t\t\t<\/div>\n\t\t\t\t<\/div>\n\t\t\t\t<div class=\"elementor-element elementor-element-7b9bd655 elementor-widget elementor-widget-text-editor\" data-id=\"7b9bd655\" data-element_type=\"widget\" data-widget_type=\"text-editor.default\">\n\t\t\t\t<div class=\"elementor-widget-container\">\n\t\t\t\t\t\t\t\t\t<p><strong>Author:\u00a0<\/strong>Nikola Ostoj\u010di\u0107<br \/>(\u00a92019.)<\/p>\t\t\t\t\t\t\t\t<\/div>\n\t\t\t\t<\/div>\n\t\t\t\t\t<\/div>\n\t\t<\/div>\n\t\t\t\t\t<\/div>\n\t\t<\/section>\n\t\t\t\t<section class=\"elementor-section elementor-top-section elementor-element elementor-element-20c5e15 elementor-section-boxed elementor-section-height-default elementor-section-height-default\" data-id=\"20c5e15\" data-element_type=\"section\" data-settings=\"{&quot;background_background&quot;:&quot;classic&quot;}\">\n\t\t\t\t\t\t<div class=\"elementor-container elementor-column-gap-default\">\n\t\t\t\t\t<div class=\"elementor-column elementor-col-100 elementor-top-column elementor-element elementor-element-7322914b\" data-id=\"7322914b\" data-element_type=\"column\">\n\t\t\t<div class=\"elementor-widget-wrap elementor-element-populated\">\n\t\t\t\t\t\t<div class=\"elementor-element elementor-element-37462714 elementor-drop-cap-yes elementor-drop-cap-view-default elementor-widget elementor-widget-text-editor\" data-id=\"37462714\" data-element_type=\"widget\" data-settings=\"{&quot;drop_cap&quot;:&quot;yes&quot;}\" data-widget_type=\"text-editor.default\">\n\t\t\t\t<div class=\"elementor-widget-container\">\n\t\t\t\t\t\t\t\t\t<p>Burg Ludbreg nalazio se na dana\u0161njoj lokaciji baroknog dvorca Batthyanyja. Prvi spomen nalazimo 1320. godine, no vjerojatno je formiran i ranije, tijekom 13. stolje\u0107a.\u00a0 Burg se smjestio na nadmorskoj visini od 154 metara.<\/p>\t\t\t\t\t\t\t\t<\/div>\n\t\t\t\t<\/div>\n\t\t\t\t<div class=\"elementor-element elementor-element-85f1c38 elementor-widget elementor-widget-image\" data-id=\"85f1c38\" data-element_type=\"widget\" data-widget_type=\"image.default\">\n\t\t\t\t<div class=\"elementor-widget-container\">\n\t\t\t\t\t\t\t\t\t\t\t\t\t\t\t<img fetchpriority=\"high\" decoding=\"async\" width=\"572\" height=\"397\" src=\"https:\/\/vojnakrajina.ffzg.unizg.hr\/wp-content\/uploads\/2020\/03\/Ludbreg-graf.jpg\" class=\"attachment-large size-large wp-image-1845\" alt=\"Ludbreg\" srcset=\"https:\/\/vojnakrajina.ffzg.unizg.hr\/wp-content\/uploads\/2020\/03\/Ludbreg-graf.jpg 572w, https:\/\/vojnakrajina.ffzg.unizg.hr\/wp-content\/uploads\/2020\/03\/Ludbreg-graf-300x208.jpg 300w\" sizes=\"(max-width: 572px) 100vw, 572px\" \/>\t\t\t\t\t\t\t\t\t\t\t\t\t\t\t<\/div>\n\t\t\t\t<\/div>\n\t\t\t\t<div class=\"elementor-element elementor-element-245b79f0 elementor-widget elementor-widget-text-editor\" data-id=\"245b79f0\" data-element_type=\"widget\" data-widget_type=\"text-editor.default\">\n\t\t\t\t<div class=\"elementor-widget-container\">\n\t\t\t\t\t\t\t\t\t<p><strong>Kretanje broja kraji\u0161kih vojnika u utvrdi Ludbreg<\/strong><\/p>\t\t\t\t\t\t\t\t<\/div>\n\t\t\t\t<\/div>\n\t\t\t\t<div class=\"elementor-element elementor-element-6ba5dd25 elementor-drop-cap-yes elementor-drop-cap-view-default elementor-widget elementor-widget-text-editor\" data-id=\"6ba5dd25\" data-element_type=\"widget\" data-settings=\"{&quot;drop_cap&quot;:&quot;yes&quot;}\" data-widget_type=\"text-editor.default\">\n\t\t\t\t<div class=\"elementor-widget-container\">\n\t\t\t\t\t\t\t\t\t<p>Nalazi se u strukturi dana\u0161njeg dvorca Batthyanyja pa je tako u goti\u010dkom periodu izgra\u0111ena \u010detverokutna kula (sada sveti\u0161te barokne kapele u zapadnom krilu dvorca), palas (na mjestu dana\u0161njeg sjevernog krila), a najvjerojatnije se protezao i na mjestu dana\u0161njeg isto\u010dnog krila. Burg se svakako nalazio na lokaciji dana\u0161njeg baroknog dvorca \u010diji je neposredni okoli\u0161 do danas ostao neizgra\u0111en. Prema grafici I. Koupretza iz 18. st. vidi se da je dvorac u vrijeme bio okru\u017een zidom s kru\u017enim kulama i grabi\u0161tem, a pristupalo mu se s ju\u017ene strane mostom. Fortifikacijski karakter ove danas barokne gra\u0111evine mo\u017ee se naslutiti sjeverno i isto\u010dno uz dvorac gdje uo\u010davamo ostatke grabi\u0161ta. Danas je dvorac obnovljen i koristi se za potrebe Hrvatskog restauratorskog zavoda, Restauratorskog centra Ludbreg.<\/p><p>\u0160to se ti\u010de 16. stolje\u0107a, u Kruhekovom djelu saznajemo da od ukupnog broja konjanika (526) i pje\u0161aka (515) u slavonskim grani\u010dnim utvrdama prema popisu iz 1554 u Ludbregu se nalazilo 50 konjanika. Konjani\u0161tvom u utvrdi je zapovijedao Ivan Margeti\u0107. Ludbreg se spominje i u popisu utvrda iz 1576. godine kao jedna od utvrda koja je bila pod Vara\u017edinskom kapetanijom uz Remetinec, Toplice i Rasinju. U njima su popisana 2 duga topa (Singerin) od kojih jedan je o\u0161te\u0107en, 5 ve\u0107ih (Falkonen), 5 srednjeg kalibra (falkoneta), 2 manjeg kalibra, 4 mala \u017eeljezna topa, 122 pu\u0161ke kuka\u010de, 114 centi baruta te 760 kopalja. U popisu iz 1577. godine kada dolazi do preinaka u sistemu utvrda, Legrad potpada pod zapovjedni\u0161tvo koprivni\u010dkog kapetana uz\u00a0 Drnje, \u0110elekovac, Novigrad, \u0110ur\u0111evac, Topolovac, Cirkvenu i Apatovec.<\/p>\t\t\t\t\t\t\t\t<\/div>\n\t\t\t\t<\/div>\n\t\t\t\t<div class=\"elementor-element elementor-element-26b3f63 elementor-drop-cap-yes elementor-drop-cap-view-default elementor-widget elementor-widget-text-editor\" data-id=\"26b3f63\" data-element_type=\"widget\" data-settings=\"{&quot;drop_cap&quot;:&quot;yes&quot;}\" data-widget_type=\"text-editor.default\">\n\t\t\t\t<div class=\"elementor-widget-container\">\n\t\t\t\t\t\t\t\t\t<strong style=\"font-size: 20px;\"><u>Literatura:<\/u><\/strong>\n<ul>\n \t<li>Korunek, Marijana. <em>Pregled utvrda, burgova i ka\u0161tela na podru\u010dju Varazdinskezupanije<\/em>. (https:\/\/darkoantolkovic.wordpress.com\/2015\/07\/19\/pregled-utvrda-burgova-i-kastela-na-podrucju-varazdinske-zupanije\/)<\/li>\n \t<li>Kruhek, Milan. <em>Kraji\u0161ke utvrde Hrvatskog kraljevstva<\/em>. Zagreb: Institut za suvremenu povijest,\u00a01995.<\/span><\/li>\n<\/ul>\t\t\t\t\t\t\t\t<\/div>\n\t\t\t\t<\/div>\n\t\t\t\t\t<\/div>\n\t\t<\/div>\n\t\t\t\t\t<\/div>\n\t\t<\/section>\n\t\t\t\t<\/div>","protected":false},"excerpt":{"rendered":"<p>Ludbreg Slavonska krajina Pi\u0161e:\u00a0Nikola Ostoj\u010di\u0107(\u00a92019.) Burg Ludbreg nalazio se na dana\u0161njoj lokaciji baroknog dvorca Batthyanyja. Prvi spomen nalazimo 1320. godine, no vjerojatno je formiran i ranije, tijekom 13. stolje\u0107a.\u00a0 Burg se smjestio na nadmorskoj visini od 154 metara. Kretanje broja kraji\u0161kih vojnika u utvrdi Ludbreg Nalazi se u strukturi dana\u0161njeg dvorca Batthyanyja pa je tako [&hellip;]<\/p>","protected":false},"author":1,"featured_media":0,"parent":0,"menu_order":0,"comment_status":"closed","ping_status":"closed","template":"","meta":{"_acf_changed":false,"_monsterinsights_skip_tracking":false,"_monsterinsights_sitenote_active":false,"_monsterinsights_sitenote_note":"","_monsterinsights_sitenote_category":0,"site-sidebar-layout":"no-sidebar","site-content-layout":"page-builder","ast-site-content-layout":"default","site-content-style":"default","site-sidebar-style":"default","ast-global-header-display":"","ast-banner-title-visibility":"","ast-main-header-display":"","ast-hfb-above-header-display":"","ast-hfb-below-header-display":"","ast-hfb-mobile-header-display":"","site-post-title":"disabled","ast-breadcrumbs-content":"","ast-featured-img":"disabled","footer-sml-layout":"","ast-disable-related-posts":"","theme-transparent-header-meta":"default","adv-header-id-meta":"","stick-header-meta":"","header-above-stick-meta":"","header-main-stick-meta":"","header-below-stick-meta":"","astra-migrate-meta-layouts":"default","ast-page-background-enabled":"default","ast-page-background-meta":{"desktop":{"background-color":"","background-image":"","background-repeat":"repeat","background-position":"center center","background-size":"auto","background-attachment":"scroll","background-type":"","background-media":"","overlay-type":"","overlay-color":"","overlay-opacity":"","overlay-gradient":""},"tablet":{"background-color":"","background-image":"","background-repeat":"repeat","background-position":"center center","background-size":"auto","background-attachment":"scroll","background-type":"","background-media":"","overlay-type":"","overlay-color":"","overlay-opacity":"","overlay-gradient":""},"mobile":{"background-color":"","background-image":"","background-repeat":"repeat","background-position":"center center","background-size":"auto","background-attachment":"scroll","background-type":"","background-media":"","overlay-type":"","overlay-color":"","overlay-opacity":"","overlay-gradient":""}},"ast-content-background-meta":{"desktop":{"background-color":"var(--ast-global-color-5)","background-image":"","background-repeat":"repeat","background-position":"center center","background-size":"auto","background-attachment":"scroll","background-type":"","background-media":"","overlay-type":"","overlay-color":"","overlay-opacity":"","overlay-gradient":""},"tablet":{"background-color":"var(--ast-global-color-5)","background-image":"","background-repeat":"repeat","background-position":"center center","background-size":"auto","background-attachment":"scroll","background-type":"","background-media":"","overlay-type":"","overlay-color":"","overlay-opacity":"","overlay-gradient":""},"mobile":{"background-color":"var(--ast-global-color-5)","background-image":"","background-repeat":"repeat","background-position":"center center","background-size":"auto","background-attachment":"scroll","background-type":"","background-media":"","overlay-type":"","overlay-color":"","overlay-opacity":"","overlay-gradient":""}},"footnotes":""},"class_list":["post-1847","page","type-page","status-publish","hentry"],"acf":[],"yoast_head":"<!-- This site is optimized with the Yoast SEO plugin v26.6 - https:\/\/yoast.com\/wordpress\/plugins\/seo\/ -->\n<title>Ludbreg - Bulwark of Europe<\/title>\n<meta name=\"robots\" content=\"index, follow, max-snippet:-1, max-image-preview:large, max-video-preview:-1\" \/>\n<link rel=\"canonical\" href=\"https:\/\/vojnakrajina.ffzg.unizg.hr\/en\/ludbreg\/\" \/>\n<meta property=\"og:locale\" content=\"en_GB\" \/>\n<meta property=\"og:type\" content=\"article\" \/>\n<meta property=\"og:title\" content=\"Ludbreg - Bulwark of Europe\" \/>\n<meta property=\"og:description\" content=\"Ludbreg Slavonska krajina Pi\u0161e:\u00a0Nikola Ostoj\u010di\u0107(\u00a92019.) Burg Ludbreg nalazio se na dana\u0161njoj lokaciji baroknog dvorca Batthyanyja. Prvi spomen nalazimo 1320. godine, no vjerojatno je formiran i ranije, tijekom 13. stolje\u0107a.\u00a0 Burg se smjestio na nadmorskoj visini od 154 metara. Kretanje broja kraji\u0161kih vojnika u utvrdi Ludbreg Nalazi se u strukturi dana\u0161njeg dvorca Batthyanyja pa je tako [&hellip;]\" \/>\n<meta property=\"og:url\" content=\"https:\/\/vojnakrajina.ffzg.unizg.hr\/en\/ludbreg\/\" \/>\n<meta property=\"og:site_name\" content=\"Bulwark of Europe\" \/>\n<meta property=\"article:modified_time\" content=\"2022-07-05T13:38:37+00:00\" \/>\n<meta property=\"og:image\" content=\"https:\/\/vojnakrajina.ffzg.unizg.hr\/wp-content\/uploads\/2020\/03\/Ludbreg-graf.jpg\" \/>\n<meta name=\"twitter:card\" content=\"summary_large_image\" \/>\n<meta name=\"twitter:label1\" content=\"Estimated reading time\" \/>\n\t<meta name=\"twitter:data1\" content=\"2 minutes\" \/>\n<script type=\"application\/ld+json\" class=\"yoast-schema-graph\">{\"@context\":\"https:\/\/schema.org\",\"@graph\":[{\"@type\":\"WebPage\",\"@id\":\"https:\/\/vojnakrajina.ffzg.unizg.hr\/ludbreg\/\",\"url\":\"https:\/\/vojnakrajina.ffzg.unizg.hr\/ludbreg\/\",\"name\":\"Ludbreg - Bulwark of Europe\",\"isPartOf\":{\"@id\":\"https:\/\/vojnakrajina.ffzg.unizg.hr\/#website\"},\"primaryImageOfPage\":{\"@id\":\"https:\/\/vojnakrajina.ffzg.unizg.hr\/ludbreg\/#primaryimage\"},\"image\":{\"@id\":\"https:\/\/vojnakrajina.ffzg.unizg.hr\/ludbreg\/#primaryimage\"},\"thumbnailUrl\":\"https:\/\/vojnakrajina.ffzg.unizg.hr\/wp-content\/uploads\/2020\/03\/Ludbreg-graf.jpg\",\"datePublished\":\"2020-03-29T22:20:27+00:00\",\"dateModified\":\"2022-07-05T13:38:37+00:00\",\"breadcrumb\":{\"@id\":\"https:\/\/vojnakrajina.ffzg.unizg.hr\/ludbreg\/#breadcrumb\"},\"inLanguage\":\"en-GB\",\"potentialAction\":[{\"@type\":\"ReadAction\",\"target\":[\"https:\/\/vojnakrajina.ffzg.unizg.hr\/ludbreg\/\"]}]},{\"@type\":\"ImageObject\",\"inLanguage\":\"en-GB\",\"@id\":\"https:\/\/vojnakrajina.ffzg.unizg.hr\/ludbreg\/#primaryimage\",\"url\":\"https:\/\/vojnakrajina.ffzg.unizg.hr\/wp-content\/uploads\/2020\/03\/Ludbreg-graf.jpg\",\"contentUrl\":\"https:\/\/vojnakrajina.ffzg.unizg.hr\/wp-content\/uploads\/2020\/03\/Ludbreg-graf.jpg\"},{\"@type\":\"BreadcrumbList\",\"@id\":\"https:\/\/vojnakrajina.ffzg.unizg.hr\/ludbreg\/#breadcrumb\",\"itemListElement\":[{\"@type\":\"ListItem\",\"position\":1,\"name\":\"Home\",\"item\":\"https:\/\/vojnakrajina.ffzg.unizg.hr\/\"},{\"@type\":\"ListItem\",\"position\":2,\"name\":\"Ludbreg\"}]},{\"@type\":\"WebSite\",\"@id\":\"https:\/\/vojnakrajina.ffzg.unizg.hr\/#website\",\"url\":\"https:\/\/vojnakrajina.ffzg.unizg.hr\/\",\"name\":\"Bulwark of Europe - Vojna krajina u 16. stolje\u0107u\",\"description\":\"Digitizing Habsburg-Ottoman Border\",\"potentialAction\":[{\"@type\":\"SearchAction\",\"target\":{\"@type\":\"EntryPoint\",\"urlTemplate\":\"https:\/\/vojnakrajina.ffzg.unizg.hr\/?s={search_term_string}\"},\"query-input\":{\"@type\":\"PropertyValueSpecification\",\"valueRequired\":true,\"valueName\":\"search_term_string\"}}],\"inLanguage\":\"en-GB\"}]}<\/script>\n<!-- \/ Yoast SEO plugin. -->","yoast_head_json":{"title":"Ludbreg - Bulwark of Europe","robots":{"index":"index","follow":"follow","max-snippet":"max-snippet:-1","max-image-preview":"max-image-preview:large","max-video-preview":"max-video-preview:-1"},"canonical":"https:\/\/vojnakrajina.ffzg.unizg.hr\/en\/ludbreg\/","og_locale":"en_GB","og_type":"article","og_title":"Ludbreg - Bulwark of Europe","og_description":"Ludbreg Slavonska krajina Pi\u0161e:\u00a0Nikola Ostoj\u010di\u0107(\u00a92019.) Burg Ludbreg nalazio se na dana\u0161njoj lokaciji baroknog dvorca Batthyanyja. Prvi spomen nalazimo 1320. godine, no vjerojatno je formiran i ranije, tijekom 13. stolje\u0107a.\u00a0 Burg se smjestio na nadmorskoj visini od 154 metara. Kretanje broja kraji\u0161kih vojnika u utvrdi Ludbreg Nalazi se u strukturi dana\u0161njeg dvorca Batthyanyja pa je tako [&hellip;]","og_url":"https:\/\/vojnakrajina.ffzg.unizg.hr\/en\/ludbreg\/","og_site_name":"Bulwark of Europe","article_modified_time":"2022-07-05T13:38:37+00:00","og_image":[{"url":"https:\/\/vojnakrajina.ffzg.unizg.hr\/wp-content\/uploads\/2020\/03\/Ludbreg-graf.jpg","type":"","width":"","height":""}],"twitter_card":"summary_large_image","twitter_misc":{"Estimated reading time":"2 minutes"},"schema":{"@context":"https:\/\/schema.org","@graph":[{"@type":"WebPage","@id":"https:\/\/vojnakrajina.ffzg.unizg.hr\/ludbreg\/","url":"https:\/\/vojnakrajina.ffzg.unizg.hr\/ludbreg\/","name":"Ludbreg - Bulwark of Europe","isPartOf":{"@id":"https:\/\/vojnakrajina.ffzg.unizg.hr\/#website"},"primaryImageOfPage":{"@id":"https:\/\/vojnakrajina.ffzg.unizg.hr\/ludbreg\/#primaryimage"},"image":{"@id":"https:\/\/vojnakrajina.ffzg.unizg.hr\/ludbreg\/#primaryimage"},"thumbnailUrl":"https:\/\/vojnakrajina.ffzg.unizg.hr\/wp-content\/uploads\/2020\/03\/Ludbreg-graf.jpg","datePublished":"2020-03-29T22:20:27+00:00","dateModified":"2022-07-05T13:38:37+00:00","breadcrumb":{"@id":"https:\/\/vojnakrajina.ffzg.unizg.hr\/ludbreg\/#breadcrumb"},"inLanguage":"en-GB","potentialAction":[{"@type":"ReadAction","target":["https:\/\/vojnakrajina.ffzg.unizg.hr\/ludbreg\/"]}]},{"@type":"ImageObject","inLanguage":"en-GB","@id":"https:\/\/vojnakrajina.ffzg.unizg.hr\/ludbreg\/#primaryimage","url":"https:\/\/vojnakrajina.ffzg.unizg.hr\/wp-content\/uploads\/2020\/03\/Ludbreg-graf.jpg","contentUrl":"https:\/\/vojnakrajina.ffzg.unizg.hr\/wp-content\/uploads\/2020\/03\/Ludbreg-graf.jpg"},{"@type":"BreadcrumbList","@id":"https:\/\/vojnakrajina.ffzg.unizg.hr\/ludbreg\/#breadcrumb","itemListElement":[{"@type":"ListItem","position":1,"name":"Home","item":"https:\/\/vojnakrajina.ffzg.unizg.hr\/"},{"@type":"ListItem","position":2,"name":"Ludbreg"}]},{"@type":"WebSite","@id":"https:\/\/vojnakrajina.ffzg.unizg.hr\/#website","url":"https:\/\/vojnakrajina.ffzg.unizg.hr\/","name":"Bulwark of Europe - Vojna krajina u 16. stolje\u0107u","description":"Digitizing Habsburg-Ottoman Border","potentialAction":[{"@type":"SearchAction","target":{"@type":"EntryPoint","urlTemplate":"https:\/\/vojnakrajina.ffzg.unizg.hr\/?s={search_term_string}"},"query-input":{"@type":"PropertyValueSpecification","valueRequired":true,"valueName":"search_term_string"}}],"inLanguage":"en-GB"}]}},"_links":{"self":[{"href":"https:\/\/vojnakrajina.ffzg.unizg.hr\/en\/wp-json\/wp\/v2\/pages\/1847","targetHints":{"allow":["GET"]}}],"collection":[{"href":"https:\/\/vojnakrajina.ffzg.unizg.hr\/en\/wp-json\/wp\/v2\/pages"}],"about":[{"href":"https:\/\/vojnakrajina.ffzg.unizg.hr\/en\/wp-json\/wp\/v2\/types\/page"}],"author":[{"embeddable":true,"href":"https:\/\/vojnakrajina.ffzg.unizg.hr\/en\/wp-json\/wp\/v2\/users\/1"}],"replies":[{"embeddable":true,"href":"https:\/\/vojnakrajina.ffzg.unizg.hr\/en\/wp-json\/wp\/v2\/comments?post=1847"}],"version-history":[{"count":6,"href":"https:\/\/vojnakrajina.ffzg.unizg.hr\/en\/wp-json\/wp\/v2\/pages\/1847\/revisions"}],"predecessor-version":[{"id":3421,"href":"https:\/\/vojnakrajina.ffzg.unizg.hr\/en\/wp-json\/wp\/v2\/pages\/1847\/revisions\/3421"}],"wp:attachment":[{"href":"https:\/\/vojnakrajina.ffzg.unizg.hr\/en\/wp-json\/wp\/v2\/media?parent=1847"}],"curies":[{"name":"wp","href":"https:\/\/api.w.org\/{rel}","templated":true}]}}