{"id":1854,"date":"2020-03-30T00:28:53","date_gmt":"2020-03-29T22:28:53","guid":{"rendered":"https:\/\/vojnakrajina.ffzg.unizg.hr\/?page_id=1854"},"modified":"2022-07-05T15:38:33","modified_gmt":"2022-07-05T13:38:33","slug":"rasinja","status":"publish","type":"page","link":"https:\/\/vojnakrajina.ffzg.unizg.hr\/en\/rasinja\/","title":{"rendered":"Rasinja"},"content":{"rendered":"<div data-elementor-type=\"wp-page\" data-elementor-id=\"1854\" class=\"elementor elementor-1854\">\n\t\t\t\t\t\t<section class=\"elementor-section elementor-top-section elementor-element elementor-element-1e08d33d elementor-section-boxed elementor-section-height-default elementor-section-height-default\" data-id=\"1e08d33d\" data-element_type=\"section\" data-settings=\"{&quot;background_background&quot;:&quot;classic&quot;}\">\n\t\t\t\t\t\t<div class=\"elementor-container elementor-column-gap-default\">\n\t\t\t\t\t<div class=\"elementor-column elementor-col-100 elementor-top-column elementor-element elementor-element-77540306\" data-id=\"77540306\" data-element_type=\"column\">\n\t\t\t<div class=\"elementor-widget-wrap elementor-element-populated\">\n\t\t\t\t\t\t<div class=\"elementor-element elementor-element-14947db7 elementor-widget elementor-widget-heading\" data-id=\"14947db7\" data-element_type=\"widget\" data-widget_type=\"heading.default\">\n\t\t\t\t<div class=\"elementor-widget-container\">\n\t\t\t\t\t<h2 class=\"elementor-heading-title elementor-size-default\"><font color=\"#943616\"><span style=\"font-size: 40px\">Rasinja<\/span><\/font><\/h2>\t\t\t\t<\/div>\n\t\t\t\t<\/div>\n\t\t\t\t<div class=\"elementor-element elementor-element-1e761a78 elementor-widget elementor-widget-heading\" data-id=\"1e761a78\" data-element_type=\"widget\" data-widget_type=\"heading.default\">\n\t\t\t\t<div class=\"elementor-widget-container\">\n\t\t\t\t\t<h2 class=\"elementor-heading-title elementor-size-default\">Slavonian Frontier<\/h2>\t\t\t\t<\/div>\n\t\t\t\t<\/div>\n\t\t\t\t<div class=\"elementor-element elementor-element-1b868ad7 elementor-widget elementor-widget-text-editor\" data-id=\"1b868ad7\" data-element_type=\"widget\" data-widget_type=\"text-editor.default\">\n\t\t\t\t<div class=\"elementor-widget-container\">\n\t\t\t\t\t\t\t\t\t<p><strong>Author:\u00a0<\/strong>Nikola Ostoj\u010di\u0107<br \/>(\u00a92019.)<\/p>\t\t\t\t\t\t\t\t<\/div>\n\t\t\t\t<\/div>\n\t\t\t\t\t<\/div>\n\t\t<\/div>\n\t\t\t\t\t<\/div>\n\t\t<\/section>\n\t\t\t\t<section class=\"elementor-section elementor-top-section elementor-element elementor-element-27e32060 elementor-section-boxed elementor-section-height-default elementor-section-height-default\" data-id=\"27e32060\" data-element_type=\"section\" data-settings=\"{&quot;background_background&quot;:&quot;classic&quot;}\">\n\t\t\t\t\t\t<div class=\"elementor-container elementor-column-gap-default\">\n\t\t\t\t\t<div class=\"elementor-column elementor-col-100 elementor-top-column elementor-element elementor-element-4808a537\" data-id=\"4808a537\" data-element_type=\"column\">\n\t\t\t<div class=\"elementor-widget-wrap elementor-element-populated\">\n\t\t\t\t\t\t<div class=\"elementor-element elementor-element-2656563b elementor-drop-cap-yes elementor-drop-cap-view-default elementor-widget elementor-widget-text-editor\" data-id=\"2656563b\" data-element_type=\"widget\" data-settings=\"{&quot;drop_cap&quot;:&quot;yes&quot;}\" data-widget_type=\"text-editor.default\">\n\t\t\t\t<div class=\"elementor-widget-container\">\n\t\t\t\t\t\t\t\t\t<p><strong>Rasinja<\/strong> \u2013Desetak kilometara zapadno od Koprivnice, na prvim obroncima Kalni\u010dkog prigorja, nalazi se Rasinja, naselje \u010diju pro\u0161lost bilje\u017ee kulturno-povijesni spomenici poput dvorca barunske obitelj Inkey, \u017eupne crkve sv. Kri\u017ea i blijedi ostaci staroga grada i tragovi templarskog grada Opoja na obli\u017enjem bre\u017euljku Budim.<\/p>\t\t\t\t\t\t\t\t<\/div>\n\t\t\t\t<\/div>\n\t\t\t\t<div class=\"elementor-element elementor-element-1442253e elementor-widget elementor-widget-image\" data-id=\"1442253e\" data-element_type=\"widget\" data-widget_type=\"image.default\">\n\t\t\t\t<div class=\"elementor-widget-container\">\n\t\t\t\t\t\t\t\t\t\t\t\t\t\t\t<img fetchpriority=\"high\" decoding=\"async\" width=\"570\" height=\"398\" src=\"https:\/\/vojnakrajina.ffzg.unizg.hr\/wp-content\/uploads\/2020\/03\/Rasinja-graf.jpg\" class=\"attachment-large size-large wp-image-1852\" alt=\"Rasinja\" srcset=\"https:\/\/vojnakrajina.ffzg.unizg.hr\/wp-content\/uploads\/2020\/03\/Rasinja-graf.jpg 570w, https:\/\/vojnakrajina.ffzg.unizg.hr\/wp-content\/uploads\/2020\/03\/Rasinja-graf-300x209.jpg 300w\" sizes=\"(max-width: 570px) 100vw, 570px\" \/>\t\t\t\t\t\t\t\t\t\t\t\t\t\t\t<\/div>\n\t\t\t\t<\/div>\n\t\t\t\t<div class=\"elementor-element elementor-element-528a7aae elementor-widget elementor-widget-text-editor\" data-id=\"528a7aae\" data-element_type=\"widget\" data-widget_type=\"text-editor.default\">\n\t\t\t\t<div class=\"elementor-widget-container\">\n\t\t\t\t\t\t\t\t\t<p><strong>Kretanje broja kraji\u0161kih vojnika u utvrdi Rasinja<\/strong><\/p>\t\t\t\t\t\t\t\t<\/div>\n\t\t\t\t<\/div>\n\t\t\t\t<div class=\"elementor-element elementor-element-470ff11c elementor-drop-cap-yes elementor-drop-cap-view-default elementor-widget elementor-widget-text-editor\" data-id=\"470ff11c\" data-element_type=\"widget\" data-settings=\"{&quot;drop_cap&quot;:&quot;yes&quot;}\" data-widget_type=\"text-editor.default\">\n\t\t\t\t<div class=\"elementor-widget-container\">\n\t\t\t\t\t\t\t\t\t<p>Prvi put se spominje oko 1170. kada biskup Prodan daruje zemlji\u0161te oko Rasinje templarima. Opoj-grad se spominje jo\u0161 1236. kada je utvrda vjerojatno nastala, a rimokatoli\u010dka \u017eupa se biljezi od 1334. godine. Rasinja se spominje jo\u0161 u 20-im godinama 16. stolje\u0107a kada Ferdinand u Slavoniji vodi rat protiv \u201ezapoljevaca\u201c. Tada se ru\u0161e utvrde te knez Krsto Frankopan pali gradove i ka\u0161tele Ludovika Pekryja (Ferdinandove pristalice) me\u0111u kojima je uz Pakrac, Sveti Duh i Gu\u0161\u0107erovac bila i Rasinja. Od ukupnog broja konjanika (526) i pje\u0161aka (515) u slavonskim grani\u010dnim utvrdama prema popisu iz 1554 u Rasinji se nalazilo 65 konjanika. Konjani\u0161tvom u utvrdi je zapovijedao Pavao Ratkaj. Rasinja se spominje i 1576. kada je spadala pod Vara\u017edinsku kapetaniju uz Ludbreg, Toplice i Remetinec. U njima su popisana 2 duga topa (Singerin) od kojih jedan je o\u0161te\u0107en, 5 ve\u0107ih (Falkonen), 5 srednjeg kalibra (falkoneta), 2 manjeg kalibra, 4 mala \u017eeljezna topa, 122 pu\u0161ke kuka\u010de, 114 centi baruta te 760 kopalja. Opoj-grad ili <em>Castrum Apaywar <\/em>poru\u0161en je 1532. od osmanskih strana, a u 18. st. se spominje kao ru\u0161evina \u010diji tragovi su bili donekle vidljivi po\u010detkom 20. stolje\u0107a. Rasinja je u kratkom periodu stradavala od strane osmanske sile jo\u0161 1574., 1576., 1579. I 1603. Godine kada je spaljena i \u017eupna crkva. Sli\u010dna je situacija i sa srednjovjekovnim gradom Rasinja (<em>Kerestur<\/em>) koji nastaje vjerojatno u sli\u010dnom razdoblju kao i Opoj-grad, a ru\u0161i se tridesetih godina 20. stolje\u0107a. Barun Mirko III. Inkey prodaje Stari grad 1930. \u0110uri Taka\u010du koji ru\u0161i zgradu i od materijala gradi obiteljsku ku\u0107u. Opoj i Rasinja mijenjali su vlasnike pa tako u 16. Stolje\u0107u kao vlasnici se spominju Bo\u010dkaji, Ljudevit Pekri i ban Toma Erdody. Udajom su neko vrijeme vlasnici postali grofovi Auespergeri te na isti na\u010din i grofovi Geiszruk. Od njih su Rasinju kupili Inkeyji i dr\u017eali do 1945. godine. Stari grad bio je u tlocrtu nepravilna gra\u0111evina s 2 ili 3 manje obrambene kule i s jednom ve\u0107om, kvadrati\u010dnom. Gospodarske zgrade Staroga grada nalazile su se sjevernije, na mjestu dana\u0161njeg dvorca u Rasinji. \u017eupna crkva sv. Kri\u017ea u blizini dvorca, barokizirana je goti\u010dka gra\u0111evina iz 1790. te je nekoliko puta dogra\u0111ivana. Uz nju se nalazi groblje na kojem su pokopani \u010dlanovi obitelji Inkey.<\/p><p>Samo imanje mijenjao je gospodare me\u0111u kojima je obitelj Inkey bila najdugovje\u010dniji vlasnik. Na po\u010detku 16. stolje\u0107a, Opoj i Rasinju posjeduju plemi\u0107i Bo\u010dkaj. Ljudevit Pekri spominje se kao vlasni 1527., a nakon njega hrvatski ban Toma II. Erdody. Naslje\u0111uje ga njegova k\u0107i Elizabeta udana za grofa Herberta Auersperga. Rasinju dalje naslje\u0111uje njihova k\u0107er, grofica Marija Suzana Attems, a potom njezina k\u0107i Kristina udana za grofa Josipa Karla Geiszruka. Od grofovske obitelji Rasinju kupuje Baltazar Inkey. Ovo se doga\u0111a oko 1746. godine, a prema nekim drugim izvorima Ivan Jakob Geiszruk zalaze posjed 1778. na trideset godina za ne\u0161to vi\u0161e od 100000 forinti. Prema nekim izvorima, navodi se kako je Baltazarov sin Mirko I. postao vlasnik Rasinje 1808. kada je isplatio preostali dug od 20000 forinti. U vlasni\u0161tvu obitelji Inkey Rasinja ostaje do 1945. godine.<\/p><p>Najve\u0107i procvat vlastelinstva doga\u0111a se u drugoj polovici 19. stolje\u0107a za vrijeme Ferdinanda Inkeyja kada je ona najve\u0107e vlastelinstvo Kri\u017eeva\u010dke odnosno Vara\u017edinske \u017eupanije. Tamo je 1860. otvorena ciglana, a nedaleko i tvornica Zeste u Kuzmincu (jedan od majura). Na prijelazu 19. i 20. stolje\u0107a vlastelinstvo zauzima preko 4000 hektara i obuhva\u0107a 13 majura, no po\u010detkom 20. stolje\u0107a Mirko III. Inkey majure po\u010dinje prodavati i zemlji\u0161ta naseljavati seljacima. Kao \u0161to je to bio op\u0107enito slu\u010daj, posjed je nakon Prvog svjetskog rata smanjen u sklopu agrarne reforme. Novi dvorac u Rasinji izgra\u0111en za obitelj Inkey stajao je na mjestu stare kurije i gospodarskih zgrada Staroga grada Rasinje, koji je bio sjedi\u0161te vlastelinstva do izgradnje novog dvorca. Dogradnja, odnosno izgradnja, odvijala se od 1883. do 1885. za vrijeme Ferdinanda Inkeyja koji je za izgradnju djelomi\u010dno koristio gra\u0111evini materijal ru\u0161evina Opoj grada. Nastankom dvorca Stari grad postupno prestaje postojati te se ru\u0161i.<\/p>\t\t\t\t\t\t\t\t<\/div>\n\t\t\t\t<\/div>\n\t\t\t\t<div class=\"elementor-element elementor-element-25dfc91e elementor-drop-cap-yes elementor-drop-cap-view-default elementor-widget elementor-widget-text-editor\" data-id=\"25dfc91e\" data-element_type=\"widget\" data-settings=\"{&quot;drop_cap&quot;:&quot;yes&quot;}\" data-widget_type=\"text-editor.default\">\n\t\t\t\t<div class=\"elementor-widget-container\">\n\t\t\t\t\t\t\t\t\t<strong style=\"font-size: 20px;\"><u>Literatura:<\/u><\/strong>\n<ul>\n \t<li>Kruhek, Milan. <em>Kraji\u0161ke utvrde Hrvatskog kraljevstva<\/em>. Zagreb: Institut za suvremenu povijest, 1995.<\/li>\n \t<li>Mladen i Bojana Bojani\u0107, Obad \u0160\u0107itaroci. <em>Dvorci i perivoji u Slavoniji: Od Zagreba do Iloka.<\/em>\u00a0Zagreb: \u0160\u0107itaroci, 1998.<\/span><\/li>\n \t<li>Nodilo, Branko. \u201ePodravske utvrde u blizini Koprivnice.\u201c <em>Gra\u0111evinar <\/em>56 (2004): 575 &#8211; 583.<\/span><\/li>\n<\/ul>\t\t\t\t\t\t\t\t<\/div>\n\t\t\t\t<\/div>\n\t\t\t\t\t<\/div>\n\t\t<\/div>\n\t\t\t\t\t<\/div>\n\t\t<\/section>\n\t\t\t\t<\/div>","protected":false},"excerpt":{"rendered":"<p>Rasinja Slavonska krajina Pi\u0161e:\u00a0Nikola Ostoj\u010di\u0107(\u00a92019.) Rasinja \u2013Desetak kilometara zapadno od Koprivnice, na prvim obroncima Kalni\u010dkog prigorja, nalazi se Rasinja, naselje \u010diju pro\u0161lost bilje\u017ee kulturno-povijesni spomenici poput dvorca barunske obitelj Inkey, \u017eupne crkve sv. Kri\u017ea i blijedi ostaci staroga grada i tragovi templarskog grada Opoja na obli\u017enjem bre\u017euljku Budim. Kretanje broja kraji\u0161kih vojnika u utvrdi Rasinja [&hellip;]<\/p>","protected":false},"author":1,"featured_media":0,"parent":0,"menu_order":0,"comment_status":"closed","ping_status":"closed","template":"","meta":{"_acf_changed":false,"_monsterinsights_skip_tracking":false,"_monsterinsights_sitenote_active":false,"_monsterinsights_sitenote_note":"","_monsterinsights_sitenote_category":0,"site-sidebar-layout":"no-sidebar","site-content-layout":"page-builder","ast-site-content-layout":"default","site-content-style":"default","site-sidebar-style":"default","ast-global-header-display":"","ast-banner-title-visibility":"","ast-main-header-display":"","ast-hfb-above-header-display":"","ast-hfb-below-header-display":"","ast-hfb-mobile-header-display":"","site-post-title":"disabled","ast-breadcrumbs-content":"","ast-featured-img":"disabled","footer-sml-layout":"","ast-disable-related-posts":"","theme-transparent-header-meta":"default","adv-header-id-meta":"","stick-header-meta":"","header-above-stick-meta":"","header-main-stick-meta":"","header-below-stick-meta":"","astra-migrate-meta-layouts":"default","ast-page-background-enabled":"default","ast-page-background-meta":{"desktop":{"background-color":"","background-image":"","background-repeat":"repeat","background-position":"center center","background-size":"auto","background-attachment":"scroll","background-type":"","background-media":"","overlay-type":"","overlay-color":"","overlay-opacity":"","overlay-gradient":""},"tablet":{"background-color":"","background-image":"","background-repeat":"repeat","background-position":"center center","background-size":"auto","background-attachment":"scroll","background-type":"","background-media":"","overlay-type":"","overlay-color":"","overlay-opacity":"","overlay-gradient":""},"mobile":{"background-color":"","background-image":"","background-repeat":"repeat","background-position":"center center","background-size":"auto","background-attachment":"scroll","background-type":"","background-media":"","overlay-type":"","overlay-color":"","overlay-opacity":"","overlay-gradient":""}},"ast-content-background-meta":{"desktop":{"background-color":"var(--ast-global-color-5)","background-image":"","background-repeat":"repeat","background-position":"center center","background-size":"auto","background-attachment":"scroll","background-type":"","background-media":"","overlay-type":"","overlay-color":"","overlay-opacity":"","overlay-gradient":""},"tablet":{"background-color":"var(--ast-global-color-5)","background-image":"","background-repeat":"repeat","background-position":"center center","background-size":"auto","background-attachment":"scroll","background-type":"","background-media":"","overlay-type":"","overlay-color":"","overlay-opacity":"","overlay-gradient":""},"mobile":{"background-color":"var(--ast-global-color-5)","background-image":"","background-repeat":"repeat","background-position":"center center","background-size":"auto","background-attachment":"scroll","background-type":"","background-media":"","overlay-type":"","overlay-color":"","overlay-opacity":"","overlay-gradient":""}},"footnotes":""},"class_list":["post-1854","page","type-page","status-publish","hentry"],"acf":[],"yoast_head":"<!-- This site is optimized with the Yoast SEO plugin v26.6 - https:\/\/yoast.com\/wordpress\/plugins\/seo\/ -->\n<title>Rasinja - Bulwark of Europe<\/title>\n<meta name=\"robots\" content=\"index, follow, max-snippet:-1, max-image-preview:large, max-video-preview:-1\" \/>\n<link rel=\"canonical\" href=\"https:\/\/vojnakrajina.ffzg.unizg.hr\/en\/rasinja\/\" \/>\n<meta property=\"og:locale\" content=\"en_GB\" \/>\n<meta property=\"og:type\" content=\"article\" \/>\n<meta property=\"og:title\" content=\"Rasinja - Bulwark of Europe\" \/>\n<meta property=\"og:description\" content=\"Rasinja Slavonska krajina Pi\u0161e:\u00a0Nikola Ostoj\u010di\u0107(\u00a92019.) Rasinja \u2013Desetak kilometara zapadno od Koprivnice, na prvim obroncima Kalni\u010dkog prigorja, nalazi se Rasinja, naselje \u010diju pro\u0161lost bilje\u017ee kulturno-povijesni spomenici poput dvorca barunske obitelj Inkey, \u017eupne crkve sv. Kri\u017ea i blijedi ostaci staroga grada i tragovi templarskog grada Opoja na obli\u017enjem bre\u017euljku Budim. Kretanje broja kraji\u0161kih vojnika u utvrdi Rasinja [&hellip;]\" \/>\n<meta property=\"og:url\" content=\"https:\/\/vojnakrajina.ffzg.unizg.hr\/en\/rasinja\/\" \/>\n<meta property=\"og:site_name\" content=\"Bulwark of Europe\" \/>\n<meta property=\"article:modified_time\" content=\"2022-07-05T13:38:33+00:00\" \/>\n<meta property=\"og:image\" content=\"https:\/\/vojnakrajina.ffzg.unizg.hr\/wp-content\/uploads\/2020\/03\/Rasinja-graf.jpg\" \/>\n<meta name=\"twitter:card\" content=\"summary_large_image\" \/>\n<meta name=\"twitter:label1\" content=\"Estimated reading time\" \/>\n\t<meta name=\"twitter:data1\" content=\"4 minutes\" \/>\n<script type=\"application\/ld+json\" class=\"yoast-schema-graph\">{\"@context\":\"https:\/\/schema.org\",\"@graph\":[{\"@type\":\"WebPage\",\"@id\":\"https:\/\/vojnakrajina.ffzg.unizg.hr\/rasinja\/\",\"url\":\"https:\/\/vojnakrajina.ffzg.unizg.hr\/rasinja\/\",\"name\":\"Rasinja - Bulwark of Europe\",\"isPartOf\":{\"@id\":\"https:\/\/vojnakrajina.ffzg.unizg.hr\/#website\"},\"primaryImageOfPage\":{\"@id\":\"https:\/\/vojnakrajina.ffzg.unizg.hr\/rasinja\/#primaryimage\"},\"image\":{\"@id\":\"https:\/\/vojnakrajina.ffzg.unizg.hr\/rasinja\/#primaryimage\"},\"thumbnailUrl\":\"https:\/\/vojnakrajina.ffzg.unizg.hr\/wp-content\/uploads\/2020\/03\/Rasinja-graf.jpg\",\"datePublished\":\"2020-03-29T22:28:53+00:00\",\"dateModified\":\"2022-07-05T13:38:33+00:00\",\"breadcrumb\":{\"@id\":\"https:\/\/vojnakrajina.ffzg.unizg.hr\/rasinja\/#breadcrumb\"},\"inLanguage\":\"en-GB\",\"potentialAction\":[{\"@type\":\"ReadAction\",\"target\":[\"https:\/\/vojnakrajina.ffzg.unizg.hr\/rasinja\/\"]}]},{\"@type\":\"ImageObject\",\"inLanguage\":\"en-GB\",\"@id\":\"https:\/\/vojnakrajina.ffzg.unizg.hr\/rasinja\/#primaryimage\",\"url\":\"https:\/\/vojnakrajina.ffzg.unizg.hr\/wp-content\/uploads\/2020\/03\/Rasinja-graf.jpg\",\"contentUrl\":\"https:\/\/vojnakrajina.ffzg.unizg.hr\/wp-content\/uploads\/2020\/03\/Rasinja-graf.jpg\"},{\"@type\":\"BreadcrumbList\",\"@id\":\"https:\/\/vojnakrajina.ffzg.unizg.hr\/rasinja\/#breadcrumb\",\"itemListElement\":[{\"@type\":\"ListItem\",\"position\":1,\"name\":\"Home\",\"item\":\"https:\/\/vojnakrajina.ffzg.unizg.hr\/\"},{\"@type\":\"ListItem\",\"position\":2,\"name\":\"Rasinja\"}]},{\"@type\":\"WebSite\",\"@id\":\"https:\/\/vojnakrajina.ffzg.unizg.hr\/#website\",\"url\":\"https:\/\/vojnakrajina.ffzg.unizg.hr\/\",\"name\":\"Bulwark of Europe - Vojna krajina u 16. stolje\u0107u\",\"description\":\"Digitizing Habsburg-Ottoman Border\",\"potentialAction\":[{\"@type\":\"SearchAction\",\"target\":{\"@type\":\"EntryPoint\",\"urlTemplate\":\"https:\/\/vojnakrajina.ffzg.unizg.hr\/?s={search_term_string}\"},\"query-input\":{\"@type\":\"PropertyValueSpecification\",\"valueRequired\":true,\"valueName\":\"search_term_string\"}}],\"inLanguage\":\"en-GB\"}]}<\/script>\n<!-- \/ Yoast SEO plugin. -->","yoast_head_json":{"title":"Rasinja - Bulwark of Europe","robots":{"index":"index","follow":"follow","max-snippet":"max-snippet:-1","max-image-preview":"max-image-preview:large","max-video-preview":"max-video-preview:-1"},"canonical":"https:\/\/vojnakrajina.ffzg.unizg.hr\/en\/rasinja\/","og_locale":"en_GB","og_type":"article","og_title":"Rasinja - Bulwark of Europe","og_description":"Rasinja Slavonska krajina Pi\u0161e:\u00a0Nikola Ostoj\u010di\u0107(\u00a92019.) Rasinja \u2013Desetak kilometara zapadno od Koprivnice, na prvim obroncima Kalni\u010dkog prigorja, nalazi se Rasinja, naselje \u010diju pro\u0161lost bilje\u017ee kulturno-povijesni spomenici poput dvorca barunske obitelj Inkey, \u017eupne crkve sv. Kri\u017ea i blijedi ostaci staroga grada i tragovi templarskog grada Opoja na obli\u017enjem bre\u017euljku Budim. Kretanje broja kraji\u0161kih vojnika u utvrdi Rasinja [&hellip;]","og_url":"https:\/\/vojnakrajina.ffzg.unizg.hr\/en\/rasinja\/","og_site_name":"Bulwark of Europe","article_modified_time":"2022-07-05T13:38:33+00:00","og_image":[{"url":"https:\/\/vojnakrajina.ffzg.unizg.hr\/wp-content\/uploads\/2020\/03\/Rasinja-graf.jpg","type":"","width":"","height":""}],"twitter_card":"summary_large_image","twitter_misc":{"Estimated reading time":"4 minutes"},"schema":{"@context":"https:\/\/schema.org","@graph":[{"@type":"WebPage","@id":"https:\/\/vojnakrajina.ffzg.unizg.hr\/rasinja\/","url":"https:\/\/vojnakrajina.ffzg.unizg.hr\/rasinja\/","name":"Rasinja - Bulwark of Europe","isPartOf":{"@id":"https:\/\/vojnakrajina.ffzg.unizg.hr\/#website"},"primaryImageOfPage":{"@id":"https:\/\/vojnakrajina.ffzg.unizg.hr\/rasinja\/#primaryimage"},"image":{"@id":"https:\/\/vojnakrajina.ffzg.unizg.hr\/rasinja\/#primaryimage"},"thumbnailUrl":"https:\/\/vojnakrajina.ffzg.unizg.hr\/wp-content\/uploads\/2020\/03\/Rasinja-graf.jpg","datePublished":"2020-03-29T22:28:53+00:00","dateModified":"2022-07-05T13:38:33+00:00","breadcrumb":{"@id":"https:\/\/vojnakrajina.ffzg.unizg.hr\/rasinja\/#breadcrumb"},"inLanguage":"en-GB","potentialAction":[{"@type":"ReadAction","target":["https:\/\/vojnakrajina.ffzg.unizg.hr\/rasinja\/"]}]},{"@type":"ImageObject","inLanguage":"en-GB","@id":"https:\/\/vojnakrajina.ffzg.unizg.hr\/rasinja\/#primaryimage","url":"https:\/\/vojnakrajina.ffzg.unizg.hr\/wp-content\/uploads\/2020\/03\/Rasinja-graf.jpg","contentUrl":"https:\/\/vojnakrajina.ffzg.unizg.hr\/wp-content\/uploads\/2020\/03\/Rasinja-graf.jpg"},{"@type":"BreadcrumbList","@id":"https:\/\/vojnakrajina.ffzg.unizg.hr\/rasinja\/#breadcrumb","itemListElement":[{"@type":"ListItem","position":1,"name":"Home","item":"https:\/\/vojnakrajina.ffzg.unizg.hr\/"},{"@type":"ListItem","position":2,"name":"Rasinja"}]},{"@type":"WebSite","@id":"https:\/\/vojnakrajina.ffzg.unizg.hr\/#website","url":"https:\/\/vojnakrajina.ffzg.unizg.hr\/","name":"Bulwark of Europe - Vojna krajina u 16. stolje\u0107u","description":"Digitizing Habsburg-Ottoman Border","potentialAction":[{"@type":"SearchAction","target":{"@type":"EntryPoint","urlTemplate":"https:\/\/vojnakrajina.ffzg.unizg.hr\/?s={search_term_string}"},"query-input":{"@type":"PropertyValueSpecification","valueRequired":true,"valueName":"search_term_string"}}],"inLanguage":"en-GB"}]}},"_links":{"self":[{"href":"https:\/\/vojnakrajina.ffzg.unizg.hr\/en\/wp-json\/wp\/v2\/pages\/1854","targetHints":{"allow":["GET"]}}],"collection":[{"href":"https:\/\/vojnakrajina.ffzg.unizg.hr\/en\/wp-json\/wp\/v2\/pages"}],"about":[{"href":"https:\/\/vojnakrajina.ffzg.unizg.hr\/en\/wp-json\/wp\/v2\/types\/page"}],"author":[{"embeddable":true,"href":"https:\/\/vojnakrajina.ffzg.unizg.hr\/en\/wp-json\/wp\/v2\/users\/1"}],"replies":[{"embeddable":true,"href":"https:\/\/vojnakrajina.ffzg.unizg.hr\/en\/wp-json\/wp\/v2\/comments?post=1854"}],"version-history":[{"count":6,"href":"https:\/\/vojnakrajina.ffzg.unizg.hr\/en\/wp-json\/wp\/v2\/pages\/1854\/revisions"}],"predecessor-version":[{"id":3418,"href":"https:\/\/vojnakrajina.ffzg.unizg.hr\/en\/wp-json\/wp\/v2\/pages\/1854\/revisions\/3418"}],"wp:attachment":[{"href":"https:\/\/vojnakrajina.ffzg.unizg.hr\/en\/wp-json\/wp\/v2\/media?parent=1854"}],"curies":[{"name":"wp","href":"https:\/\/api.w.org\/{rel}","templated":true}]}}