{"id":1859,"date":"2020-03-30T00:37:35","date_gmt":"2020-03-29T22:37:35","guid":{"rendered":"https:\/\/vojnakrajina.ffzg.unizg.hr\/?page_id=1859"},"modified":"2022-07-05T15:38:28","modified_gmt":"2022-07-05T13:38:28","slug":"remetinec","status":"publish","type":"page","link":"https:\/\/vojnakrajina.ffzg.unizg.hr\/en\/remetinec\/","title":{"rendered":"Remetinec"},"content":{"rendered":"<div data-elementor-type=\"wp-page\" data-elementor-id=\"1859\" class=\"elementor elementor-1859\">\n\t\t\t\t\t\t<section class=\"elementor-section elementor-top-section elementor-element elementor-element-cd99a0a elementor-section-boxed elementor-section-height-default elementor-section-height-default\" data-id=\"cd99a0a\" data-element_type=\"section\" data-settings=\"{&quot;background_background&quot;:&quot;classic&quot;}\">\n\t\t\t\t\t\t<div class=\"elementor-container elementor-column-gap-default\">\n\t\t\t\t\t<div class=\"elementor-column elementor-col-100 elementor-top-column elementor-element elementor-element-753baa02\" data-id=\"753baa02\" data-element_type=\"column\">\n\t\t\t<div class=\"elementor-widget-wrap elementor-element-populated\">\n\t\t\t\t\t\t<div class=\"elementor-element elementor-element-71087458 elementor-widget elementor-widget-heading\" data-id=\"71087458\" data-element_type=\"widget\" data-widget_type=\"heading.default\">\n\t\t\t\t<div class=\"elementor-widget-container\">\n\t\t\t\t\t<h2 class=\"elementor-heading-title elementor-size-default\"><font color=\"#943616\"><span style=\"font-size: 40px\">Remetinec<\/span><\/font><\/h2>\t\t\t\t<\/div>\n\t\t\t\t<\/div>\n\t\t\t\t<div class=\"elementor-element elementor-element-7cf77b6b elementor-widget elementor-widget-heading\" data-id=\"7cf77b6b\" data-element_type=\"widget\" data-widget_type=\"heading.default\">\n\t\t\t\t<div class=\"elementor-widget-container\">\n\t\t\t\t\t<h2 class=\"elementor-heading-title elementor-size-default\">Slavonian Frontier<\/h2>\t\t\t\t<\/div>\n\t\t\t\t<\/div>\n\t\t\t\t<div class=\"elementor-element elementor-element-20334927 elementor-widget elementor-widget-text-editor\" data-id=\"20334927\" data-element_type=\"widget\" data-widget_type=\"text-editor.default\">\n\t\t\t\t<div class=\"elementor-widget-container\">\n\t\t\t\t\t\t\t\t\t<p><strong>Author:\u00a0<\/strong>Nikola Ostoj\u010di\u0107<br \/>(\u00a92019.)<\/p>\t\t\t\t\t\t\t\t<\/div>\n\t\t\t\t<\/div>\n\t\t\t\t\t<\/div>\n\t\t<\/div>\n\t\t\t\t\t<\/div>\n\t\t<\/section>\n\t\t\t\t<section class=\"elementor-section elementor-top-section elementor-element elementor-element-47a412e4 elementor-section-boxed elementor-section-height-default elementor-section-height-default\" data-id=\"47a412e4\" data-element_type=\"section\" data-settings=\"{&quot;background_background&quot;:&quot;classic&quot;}\">\n\t\t\t\t\t\t<div class=\"elementor-container elementor-column-gap-default\">\n\t\t\t\t\t<div class=\"elementor-column elementor-col-100 elementor-top-column elementor-element elementor-element-791bd77f\" data-id=\"791bd77f\" data-element_type=\"column\">\n\t\t\t<div class=\"elementor-widget-wrap elementor-element-populated\">\n\t\t\t\t\t\t<div class=\"elementor-element elementor-element-343fc919 elementor-drop-cap-yes elementor-drop-cap-view-default elementor-widget elementor-widget-text-editor\" data-id=\"343fc919\" data-element_type=\"widget\" data-settings=\"{&quot;drop_cap&quot;:&quot;yes&quot;}\" data-widget_type=\"text-editor.default\">\n\t\t\t\t<div class=\"elementor-widget-container\">\n\t\t\t\t\t\t\t\t\t<p><strong>Remetinec<\/strong> \u2013 nedaleko od Novog Marofa nalazi se srednjovjekovni franjeva\u010dki samostan, a u srednjem i novom vijeku nalazio se u sastavu grebengradskog vlastelinstva u sklopu koje je ostao sve do 1789. kada je ukinut.<\/p>\t\t\t\t\t\t\t\t<\/div>\n\t\t\t\t<\/div>\n\t\t\t\t<div class=\"elementor-element elementor-element-65b0ed1b elementor-widget elementor-widget-image\" data-id=\"65b0ed1b\" data-element_type=\"widget\" data-widget_type=\"image.default\">\n\t\t\t\t<div class=\"elementor-widget-container\">\n\t\t\t\t\t\t\t\t\t\t\t\t\t\t\t<img fetchpriority=\"high\" decoding=\"async\" width=\"572\" height=\"398\" src=\"https:\/\/vojnakrajina.ffzg.unizg.hr\/wp-content\/uploads\/2020\/03\/Remetinec-graf.jpg\" class=\"attachment-large size-large wp-image-1858\" alt=\"Remetinec\" srcset=\"https:\/\/vojnakrajina.ffzg.unizg.hr\/wp-content\/uploads\/2020\/03\/Remetinec-graf.jpg 572w, https:\/\/vojnakrajina.ffzg.unizg.hr\/wp-content\/uploads\/2020\/03\/Remetinec-graf-300x209.jpg 300w\" sizes=\"(max-width: 572px) 100vw, 572px\" \/>\t\t\t\t\t\t\t\t\t\t\t\t\t\t\t<\/div>\n\t\t\t\t<\/div>\n\t\t\t\t<div class=\"elementor-element elementor-element-79506bb1 elementor-widget elementor-widget-text-editor\" data-id=\"79506bb1\" data-element_type=\"widget\" data-widget_type=\"text-editor.default\">\n\t\t\t\t<div class=\"elementor-widget-container\">\n\t\t\t\t\t\t\t\t\t<p><strong>Kretanje broja kraji\u0161kih vojnika u utvrdi Remetinec<\/strong><\/p>\t\t\t\t\t\t\t\t<\/div>\n\t\t\t\t<\/div>\n\t\t\t\t<div class=\"elementor-element elementor-element-23778bd3 elementor-drop-cap-yes elementor-drop-cap-view-default elementor-widget elementor-widget-text-editor\" data-id=\"23778bd3\" data-element_type=\"widget\" data-settings=\"{&quot;drop_cap&quot;:&quot;yes&quot;}\" data-widget_type=\"text-editor.default\">\n\t\t\t\t<div class=\"elementor-widget-container\">\n\t\t\t\t\t\t\t\t\t<p>Sude\u0107i po nazivu i popisima poreza iz 15. st. kao samostan pavlina gradi ga zagorski grof Ivan Vitovec, a u izvorima se prvi put spominje 1467. u nj pismu papi Pavlu II. u kojem ga moli da posjetiteljima crkve i samostana podijeli oproste. Zbog izdaje Vitovci 1488. gube Zagorsku grofoviju (posljedi\u010dno i grebengradsko vlastelinstvo) njegovi novi gospodari postaju Ivani\u0161 Korvi\u0161 i Beatrica Frankopan koji kompleks dovr\u0161avaju (postoje teorije o tome tko je prije franjevaca tamo bio pa tako Kr\u010deli\u0107 navodi premonstranate, Toma Kova\u010devi\u0107 templarske nastambe, a Sakcinski i Laszowski ivanovce). Kako se samostan na\u0161ao na putu osmanskih plja\u010dka\u0161kih pohoda, pavlini ga napu\u0161taju sredinom 16. st. Potom ga je Kristofor Batthyanyi utvrdio zbog \u010dega ga je pohvalio i hrvatsko ugarski kralj Ferdinand I. 1552. godine. Uz to, za \u010duvanje samostana mu je dodijelio i haramije te se takvo stanje odr\u017ealo sve do polovice 17. st. kada izme\u0111u 1646. i 1657. Elizabeta Batthyany i njezin suprug grof Juraj Erdody ga obnavljaju i dovode u njega franjevce. Remetinec se spominje i 1576. kada je spadala pod Vara\u017edinsku kapetaniju uz Ludbreg, Toplice i Rasinju. U njima su popisana 2 duga topa (Singerin) od kojih jedan je o\u0161te\u0107en, 5 ve\u0107ih (Falkonen), 5 srednjeg kalibra (falkoneta), 2 manjeg kalibra, 4 mala \u017eeljezna topa, 122 pu\u0161ke kuka\u010de, 114 centi baruta te 760 kopalja. Pokretna vojska koja je dr\u017eala stra\u017ee po gorama, putovima, rije\u010dnim prijelazima te prenosila po\u0161tu bila je sastavljena od 150 konjanika i 176 pje\u0161aka. Konjanici su boravili izme\u0111u Vara\u017edina i Rakovca, a pje\u0161aci, haramije, u Toplicama, Remetincu, Apatovcu i Topolovcu. Tamo su djelovale, uz prekide, franjeva\u010dka filozofska \u0161kola (1699.-1750.), \u0161kola moralnoga mudroslovlja (1704. \u2013 1768.) i \u0161kola crkvenog govorni\u0161tva (1780. \u2013 1783.). Nakon \u0161to je ukinut 1789. postaje \u017eupnom crkvom Bla\u017eene Djevice Marije sv. krunice novoutemeljene \u017eupe Remetinec te poznato zagorsko hodo\u010dasni\u010dko mjesto. Ona je velika jednobrodna kasnogoti\u010dka gra\u0111evina obnovljena u baroknom stilu s izdu\u017eenim poligonalnim sveti\u0161tem poduprtim potpornjima. Uz brod se nalazi bo\u010dna kapela sv. Antuna koju je 1704. podignuo Baltazar II. Pata\u010di\u0107, a uz sveti\u0161te sakristija i zvonik koji zatvoreno\u0161\u0107u i masivno\u0161\u0107u ukazuju na obrambenu svrhu gra\u0111evine. Prema ugaonim klesancima pretpostavlja se da je imao razinu manje. Analogijom s utvr\u0111enim zvonikom u njega se moglo ulaziti kroz vrata na prvom katu do kojih je vodilo drveno stubi\u0161te. O obrambenoj svrsi govore i mali uski prozori na pro\u010deljima zvonika, izuzev zadnje razine koja je na sve 4 strane otvorena ve\u0107im \u0161iljatim goti\u010dkim otvorima. O ulozi nam govori i sa\u010duvana pu\u0161karnica kru\u0161kolikog otvora na glavnom, zapadnom pro\u010delju crkve. Na temelju visine u odnosu na krovi\u0161te zaklju\u010duje se da je iznad svoda postojala obrambena razina, no ne znamo je li na zidovima potkrovlja imala pu\u0161karnice kao na zapadnom pro\u010delju, ili je za obranu crkve duz krova bio konzolno izba\u010den drveni obrambeni hodnik s ugaonim pu\u0161karnicama. Nije najjasnije je li u vrijeme funkcije crkve i samostana kao utvrde cijeli kompleks bio utvr\u0111enim kamenim zidom koji i danas sa svih osim sjeverne strane opasuje crkvu. Crte\u017e presjeka iz 1911. jasno ukazuje na SZ bedem samostana s \u010detiri pu\u0161karnice, katastarska snimka iz 1862. te postoje\u0107i bedemi govore kako je crkva bila s tih strana utvr\u0111ena bedemom dok se dana\u0161nje isto\u010dno krilo nalazilo izvan sastava utvrde.<\/p><p>Druga razvojna faza ovog samostana prema prostoru, vrsti terena i tipologiji tlocrta svrstava se u skupinu protuosmanskih pribjezi\u0161ta koja se ne podru\u010dju zagorja podi\u017eu drugom polovicom 15. pa sve do 17. st. Odre\u0111uje se kao renesansni pseudoka\u0161tel, a zvonik je tipi\u010dan predstavnik zatvorenog renesansnog tipa kule \u2013 zvonika.<\/p>\t\t\t\t\t\t\t\t<\/div>\n\t\t\t\t<\/div>\n\t\t\t\t<div class=\"elementor-element elementor-element-4eb16f5d elementor-drop-cap-yes elementor-drop-cap-view-default elementor-widget elementor-widget-text-editor\" data-id=\"4eb16f5d\" data-element_type=\"widget\" data-settings=\"{&quot;drop_cap&quot;:&quot;yes&quot;}\" data-widget_type=\"text-editor.default\">\n\t\t\t\t<div class=\"elementor-widget-container\">\n\t\t\t\t\t\t\t\t\t<strong style=\"font-size: 20px;\"><u>Literatura:<\/u><\/strong>\n<ul>\n \t<li>Kruhek, Milan. <em>Kraji\u0161ke utvrde Hrvatskog kraljevstva<\/em>. Zagreb: Institut za suvremenu povijest, 1995.<\/li>\n \t<li>Regan, Kre\u0161imir. <em>Srednjovjekovne i renesansne utvrde Hrvatskog zagorja.\u00a0<\/em>Donja Stubica: Kajkaviana, 2017.<\/span><\/li>\n<\/ul>\t\t\t\t\t\t\t\t<\/div>\n\t\t\t\t<\/div>\n\t\t\t\t\t<\/div>\n\t\t<\/div>\n\t\t\t\t\t<\/div>\n\t\t<\/section>\n\t\t\t\t<\/div>","protected":false},"excerpt":{"rendered":"<p>Remetinec Slavonska krajina Pi\u0161e:\u00a0Nikola Ostoj\u010di\u0107(\u00a92019.) Remetinec \u2013 nedaleko od Novog Marofa nalazi se srednjovjekovni franjeva\u010dki samostan, a u srednjem i novom vijeku nalazio se u sastavu grebengradskog vlastelinstva u sklopu koje je ostao sve do 1789. kada je ukinut. Kretanje broja kraji\u0161kih vojnika u utvrdi Remetinec Sude\u0107i po nazivu i popisima poreza iz 15. st. [&hellip;]<\/p>","protected":false},"author":1,"featured_media":0,"parent":0,"menu_order":0,"comment_status":"closed","ping_status":"closed","template":"","meta":{"_monsterinsights_skip_tracking":false,"_monsterinsights_sitenote_active":false,"_monsterinsights_sitenote_note":"","_monsterinsights_sitenote_category":0,"site-sidebar-layout":"no-sidebar","site-content-layout":"page-builder","ast-site-content-layout":"default","site-content-style":"default","site-sidebar-style":"default","ast-global-header-display":"","ast-banner-title-visibility":"","ast-main-header-display":"","ast-hfb-above-header-display":"","ast-hfb-below-header-display":"","ast-hfb-mobile-header-display":"","site-post-title":"disabled","ast-breadcrumbs-content":"","ast-featured-img":"disabled","footer-sml-layout":"","ast-disable-related-posts":"","theme-transparent-header-meta":"default","adv-header-id-meta":"","stick-header-meta":"","header-above-stick-meta":"","header-main-stick-meta":"","header-below-stick-meta":"","astra-migrate-meta-layouts":"default","ast-page-background-enabled":"default","ast-page-background-meta":{"desktop":{"background-color":"","background-image":"","background-repeat":"repeat","background-position":"center center","background-size":"auto","background-attachment":"scroll","background-type":"","background-media":"","overlay-type":"","overlay-color":"","overlay-opacity":"","overlay-gradient":""},"tablet":{"background-color":"","background-image":"","background-repeat":"repeat","background-position":"center center","background-size":"auto","background-attachment":"scroll","background-type":"","background-media":"","overlay-type":"","overlay-color":"","overlay-opacity":"","overlay-gradient":""},"mobile":{"background-color":"","background-image":"","background-repeat":"repeat","background-position":"center center","background-size":"auto","background-attachment":"scroll","background-type":"","background-media":"","overlay-type":"","overlay-color":"","overlay-opacity":"","overlay-gradient":""}},"ast-content-background-meta":{"desktop":{"background-color":"var(--ast-global-color-5)","background-image":"","background-repeat":"repeat","background-position":"center center","background-size":"auto","background-attachment":"scroll","background-type":"","background-media":"","overlay-type":"","overlay-color":"","overlay-opacity":"","overlay-gradient":""},"tablet":{"background-color":"var(--ast-global-color-5)","background-image":"","background-repeat":"repeat","background-position":"center center","background-size":"auto","background-attachment":"scroll","background-type":"","background-media":"","overlay-type":"","overlay-color":"","overlay-opacity":"","overlay-gradient":""},"mobile":{"background-color":"var(--ast-global-color-5)","background-image":"","background-repeat":"repeat","background-position":"center center","background-size":"auto","background-attachment":"scroll","background-type":"","background-media":"","overlay-type":"","overlay-color":"","overlay-opacity":"","overlay-gradient":""}},"footnotes":""},"class_list":["post-1859","page","type-page","status-publish","hentry"],"yoast_head":"<!-- This site is optimized with the Yoast SEO plugin v26.6 - https:\/\/yoast.com\/wordpress\/plugins\/seo\/ -->\n<title>Remetinec - Bulwark of Europe<\/title>\n<meta name=\"robots\" content=\"index, follow, max-snippet:-1, max-image-preview:large, max-video-preview:-1\" \/>\n<link rel=\"canonical\" href=\"https:\/\/vojnakrajina.ffzg.unizg.hr\/en\/remetinec\/\" \/>\n<meta property=\"og:locale\" content=\"en_GB\" \/>\n<meta property=\"og:type\" content=\"article\" \/>\n<meta property=\"og:title\" content=\"Remetinec - Bulwark of Europe\" \/>\n<meta property=\"og:description\" content=\"Remetinec Slavonska krajina Pi\u0161e:\u00a0Nikola Ostoj\u010di\u0107(\u00a92019.) Remetinec \u2013 nedaleko od Novog Marofa nalazi se srednjovjekovni franjeva\u010dki samostan, a u srednjem i novom vijeku nalazio se u sastavu grebengradskog vlastelinstva u sklopu koje je ostao sve do 1789. kada je ukinut. Kretanje broja kraji\u0161kih vojnika u utvrdi Remetinec Sude\u0107i po nazivu i popisima poreza iz 15. st. [&hellip;]\" \/>\n<meta property=\"og:url\" content=\"https:\/\/vojnakrajina.ffzg.unizg.hr\/en\/remetinec\/\" \/>\n<meta property=\"og:site_name\" content=\"Bulwark of Europe\" \/>\n<meta property=\"article:modified_time\" content=\"2022-07-05T13:38:28+00:00\" \/>\n<meta property=\"og:image\" content=\"https:\/\/vojnakrajina.ffzg.unizg.hr\/wp-content\/uploads\/2020\/03\/Remetinec-graf.jpg\" \/>\n<meta name=\"twitter:card\" content=\"summary_large_image\" \/>\n<meta name=\"twitter:label1\" content=\"Estimated reading time\" \/>\n\t<meta name=\"twitter:data1\" content=\"4 minutes\" \/>\n<script type=\"application\/ld+json\" class=\"yoast-schema-graph\">{\"@context\":\"https:\/\/schema.org\",\"@graph\":[{\"@type\":\"WebPage\",\"@id\":\"https:\/\/vojnakrajina.ffzg.unizg.hr\/remetinec\/\",\"url\":\"https:\/\/vojnakrajina.ffzg.unizg.hr\/remetinec\/\",\"name\":\"Remetinec - Bulwark of Europe\",\"isPartOf\":{\"@id\":\"https:\/\/vojnakrajina.ffzg.unizg.hr\/#website\"},\"primaryImageOfPage\":{\"@id\":\"https:\/\/vojnakrajina.ffzg.unizg.hr\/remetinec\/#primaryimage\"},\"image\":{\"@id\":\"https:\/\/vojnakrajina.ffzg.unizg.hr\/remetinec\/#primaryimage\"},\"thumbnailUrl\":\"https:\/\/vojnakrajina.ffzg.unizg.hr\/wp-content\/uploads\/2020\/03\/Remetinec-graf.jpg\",\"datePublished\":\"2020-03-29T22:37:35+00:00\",\"dateModified\":\"2022-07-05T13:38:28+00:00\",\"breadcrumb\":{\"@id\":\"https:\/\/vojnakrajina.ffzg.unizg.hr\/remetinec\/#breadcrumb\"},\"inLanguage\":\"en-GB\",\"potentialAction\":[{\"@type\":\"ReadAction\",\"target\":[\"https:\/\/vojnakrajina.ffzg.unizg.hr\/remetinec\/\"]}]},{\"@type\":\"ImageObject\",\"inLanguage\":\"en-GB\",\"@id\":\"https:\/\/vojnakrajina.ffzg.unizg.hr\/remetinec\/#primaryimage\",\"url\":\"https:\/\/vojnakrajina.ffzg.unizg.hr\/wp-content\/uploads\/2020\/03\/Remetinec-graf.jpg\",\"contentUrl\":\"https:\/\/vojnakrajina.ffzg.unizg.hr\/wp-content\/uploads\/2020\/03\/Remetinec-graf.jpg\"},{\"@type\":\"BreadcrumbList\",\"@id\":\"https:\/\/vojnakrajina.ffzg.unizg.hr\/remetinec\/#breadcrumb\",\"itemListElement\":[{\"@type\":\"ListItem\",\"position\":1,\"name\":\"Home\",\"item\":\"https:\/\/vojnakrajina.ffzg.unizg.hr\/\"},{\"@type\":\"ListItem\",\"position\":2,\"name\":\"Remetinec\"}]},{\"@type\":\"WebSite\",\"@id\":\"https:\/\/vojnakrajina.ffzg.unizg.hr\/#website\",\"url\":\"https:\/\/vojnakrajina.ffzg.unizg.hr\/\",\"name\":\"Bulwark of Europe - Vojna krajina u 16. stolje\u0107u\",\"description\":\"Digitizing Habsburg-Ottoman Border\",\"potentialAction\":[{\"@type\":\"SearchAction\",\"target\":{\"@type\":\"EntryPoint\",\"urlTemplate\":\"https:\/\/vojnakrajina.ffzg.unizg.hr\/?s={search_term_string}\"},\"query-input\":{\"@type\":\"PropertyValueSpecification\",\"valueRequired\":true,\"valueName\":\"search_term_string\"}}],\"inLanguage\":\"en-GB\"}]}<\/script>\n<!-- \/ Yoast SEO plugin. -->","yoast_head_json":{"title":"Remetinec - Bulwark of Europe","robots":{"index":"index","follow":"follow","max-snippet":"max-snippet:-1","max-image-preview":"max-image-preview:large","max-video-preview":"max-video-preview:-1"},"canonical":"https:\/\/vojnakrajina.ffzg.unizg.hr\/en\/remetinec\/","og_locale":"en_GB","og_type":"article","og_title":"Remetinec - Bulwark of Europe","og_description":"Remetinec Slavonska krajina Pi\u0161e:\u00a0Nikola Ostoj\u010di\u0107(\u00a92019.) Remetinec \u2013 nedaleko od Novog Marofa nalazi se srednjovjekovni franjeva\u010dki samostan, a u srednjem i novom vijeku nalazio se u sastavu grebengradskog vlastelinstva u sklopu koje je ostao sve do 1789. kada je ukinut. Kretanje broja kraji\u0161kih vojnika u utvrdi Remetinec Sude\u0107i po nazivu i popisima poreza iz 15. st. [&hellip;]","og_url":"https:\/\/vojnakrajina.ffzg.unizg.hr\/en\/remetinec\/","og_site_name":"Bulwark of Europe","article_modified_time":"2022-07-05T13:38:28+00:00","og_image":[{"url":"https:\/\/vojnakrajina.ffzg.unizg.hr\/wp-content\/uploads\/2020\/03\/Remetinec-graf.jpg","type":"","width":"","height":""}],"twitter_card":"summary_large_image","twitter_misc":{"Estimated reading time":"4 minutes"},"schema":{"@context":"https:\/\/schema.org","@graph":[{"@type":"WebPage","@id":"https:\/\/vojnakrajina.ffzg.unizg.hr\/remetinec\/","url":"https:\/\/vojnakrajina.ffzg.unizg.hr\/remetinec\/","name":"Remetinec - Bulwark of Europe","isPartOf":{"@id":"https:\/\/vojnakrajina.ffzg.unizg.hr\/#website"},"primaryImageOfPage":{"@id":"https:\/\/vojnakrajina.ffzg.unizg.hr\/remetinec\/#primaryimage"},"image":{"@id":"https:\/\/vojnakrajina.ffzg.unizg.hr\/remetinec\/#primaryimage"},"thumbnailUrl":"https:\/\/vojnakrajina.ffzg.unizg.hr\/wp-content\/uploads\/2020\/03\/Remetinec-graf.jpg","datePublished":"2020-03-29T22:37:35+00:00","dateModified":"2022-07-05T13:38:28+00:00","breadcrumb":{"@id":"https:\/\/vojnakrajina.ffzg.unizg.hr\/remetinec\/#breadcrumb"},"inLanguage":"en-GB","potentialAction":[{"@type":"ReadAction","target":["https:\/\/vojnakrajina.ffzg.unizg.hr\/remetinec\/"]}]},{"@type":"ImageObject","inLanguage":"en-GB","@id":"https:\/\/vojnakrajina.ffzg.unizg.hr\/remetinec\/#primaryimage","url":"https:\/\/vojnakrajina.ffzg.unizg.hr\/wp-content\/uploads\/2020\/03\/Remetinec-graf.jpg","contentUrl":"https:\/\/vojnakrajina.ffzg.unizg.hr\/wp-content\/uploads\/2020\/03\/Remetinec-graf.jpg"},{"@type":"BreadcrumbList","@id":"https:\/\/vojnakrajina.ffzg.unizg.hr\/remetinec\/#breadcrumb","itemListElement":[{"@type":"ListItem","position":1,"name":"Home","item":"https:\/\/vojnakrajina.ffzg.unizg.hr\/"},{"@type":"ListItem","position":2,"name":"Remetinec"}]},{"@type":"WebSite","@id":"https:\/\/vojnakrajina.ffzg.unizg.hr\/#website","url":"https:\/\/vojnakrajina.ffzg.unizg.hr\/","name":"Bulwark of Europe - Vojna krajina u 16. stolje\u0107u","description":"Digitizing Habsburg-Ottoman Border","potentialAction":[{"@type":"SearchAction","target":{"@type":"EntryPoint","urlTemplate":"https:\/\/vojnakrajina.ffzg.unizg.hr\/?s={search_term_string}"},"query-input":{"@type":"PropertyValueSpecification","valueRequired":true,"valueName":"search_term_string"}}],"inLanguage":"en-GB"}]}},"_links":{"self":[{"href":"https:\/\/vojnakrajina.ffzg.unizg.hr\/en\/wp-json\/wp\/v2\/pages\/1859","targetHints":{"allow":["GET"]}}],"collection":[{"href":"https:\/\/vojnakrajina.ffzg.unizg.hr\/en\/wp-json\/wp\/v2\/pages"}],"about":[{"href":"https:\/\/vojnakrajina.ffzg.unizg.hr\/en\/wp-json\/wp\/v2\/types\/page"}],"author":[{"embeddable":true,"href":"https:\/\/vojnakrajina.ffzg.unizg.hr\/en\/wp-json\/wp\/v2\/users\/1"}],"replies":[{"embeddable":true,"href":"https:\/\/vojnakrajina.ffzg.unizg.hr\/en\/wp-json\/wp\/v2\/comments?post=1859"}],"version-history":[{"count":6,"href":"https:\/\/vojnakrajina.ffzg.unizg.hr\/en\/wp-json\/wp\/v2\/pages\/1859\/revisions"}],"predecessor-version":[{"id":3415,"href":"https:\/\/vojnakrajina.ffzg.unizg.hr\/en\/wp-json\/wp\/v2\/pages\/1859\/revisions\/3415"}],"wp:attachment":[{"href":"https:\/\/vojnakrajina.ffzg.unizg.hr\/en\/wp-json\/wp\/v2\/media?parent=1859"}],"curies":[{"name":"wp","href":"https:\/\/api.w.org\/{rel}","templated":true}]}}