{"id":3034,"date":"2021-05-12T01:19:38","date_gmt":"2021-05-11T23:19:38","guid":{"rendered":"https:\/\/vojnakrajina.ffzg.unizg.hr\/?page_id=3034"},"modified":"2023-01-19T16:32:08","modified_gmt":"2023-01-19T15:32:08","slug":"izlozba-bulwark-of-europe","status":"publish","type":"page","link":"https:\/\/vojnakrajina.ffzg.unizg.hr\/en\/izlozba-bulwark-of-europe\/","title":{"rendered":"Izlo\u017eba &#8220;Bulwark of Europe&#8221;"},"content":{"rendered":"<div data-elementor-type=\"wp-page\" data-elementor-id=\"3034\" class=\"elementor elementor-3034\">\n\t\t\t\t\t\t<section class=\"elementor-section elementor-top-section elementor-element elementor-element-23a4efea elementor-section-boxed elementor-section-height-default elementor-section-height-default\" data-id=\"23a4efea\" data-element_type=\"section\" data-settings=\"{&quot;background_background&quot;:&quot;classic&quot;}\">\n\t\t\t\t\t\t<div class=\"elementor-container elementor-column-gap-default\">\n\t\t\t\t\t<div class=\"elementor-column elementor-col-100 elementor-top-column elementor-element elementor-element-42fb8e40\" data-id=\"42fb8e40\" data-element_type=\"column\">\n\t\t\t<div class=\"elementor-widget-wrap elementor-element-populated\">\n\t\t\t\t\t\t<div class=\"elementor-element elementor-element-660d2fa7 elementor-widget elementor-widget-heading\" data-id=\"660d2fa7\" data-element_type=\"widget\" data-widget_type=\"heading.default\">\n\t\t\t\t<div class=\"elementor-widget-container\">\n\t\t\t\t\t<h2 class=\"elementor-heading-title elementor-size-default\"><font color=\"#943616\">Izlo\u017eba \"Bulwark of Europe\"<\/font><br>18. No\u0107 muzeja (Muzej Ivani\u0107-Grada)<\/h2>\t\t\t\t<\/div>\n\t\t\t\t<\/div>\n\t\t\t\t<div class=\"elementor-element elementor-element-4327de66 elementor-widget elementor-widget-text-editor\" data-id=\"4327de66\" data-element_type=\"widget\" data-widget_type=\"text-editor.default\">\n\t\t\t\t<div class=\"elementor-widget-container\">\n\t\t\t\t\t\t\t\t\t<p style=\"text-align: justify;\"><em>Izlo\u017eba od 17 plakata predstavlja projekt \u201cBulwark of Europe \u2013 Digitizing the Habsburg-Ottoman Frontier\u201d. Izlo\u017eba je zami\u0161ljena u \u010detiri cjeline. <\/em><em><strong>Prva cjelina (plakati 1-4)<\/strong> ukratko prezentira osnovne ciljeve projekta te pru\u017ea uvid u okolnosti hrvatsko-slavonskog vojnokraji\u0161kog prostora u 16. stolje\u0107u. <strong>Druga cjelina (plakati 5-9)<\/strong> na primjeru pet utvrde (Zagreba\u010dki Gradec, Kaptol u Zagrebu, Konj\u0161\u010dina, Senj i Nehaj) egzemplificira mogu\u0107nosti 3D rekonstrukcija i digitalnih pristupa u okviru historiografije. <strong>Tre\u0107a cjelina (plakati 10-13)<\/strong> pru\u017ea uvid u bogatu vojnokraji\u0161ku povijest Ivani\u0107ke kapetanije. <strong>Zadnja cjelina (plakati 14-17)<\/strong> prikaz je web-stranice projekta te aktivnosti projekta na dru\u0161tvenim mre\u017eama.<\/em><\/p>\t\t\t\t\t\t\t\t<\/div>\n\t\t\t\t<\/div>\n\t\t\t\t<div class=\"elementor-element elementor-element-c82710f elementor-widget elementor-widget-text-editor\" data-id=\"c82710f\" data-element_type=\"widget\" data-widget_type=\"text-editor.default\">\n\t\t\t\t<div class=\"elementor-widget-container\">\n\t\t\t\t\t\t\t\t\t<p style=\"text-align: left;\"><strong>Upute za pregled izlo\u017ebe:<\/strong><\/p>\n<ul>\n<li style=\"text-align: left;\">Izlo\u017ebu najbolje <b>otvoriti u pregledu punog ekrana<\/b> (donji desni kut)<\/li>\n<li style=\"text-align: left;\"><b>Ra\u010dunalo:&nbsp;<\/b>Nakon otvaranja plakata <strong>slike je mogu\u0107e pove\u0107ati pomicanjem razine pove\u0107anja u donjem desnom kutu<\/strong><strong>&nbsp;<\/strong>ili&nbsp;<strong>dvostrukim lijevim klikom mi\u0161a<\/strong><\/li>\n<li style=\"text-align: left;\"><b>Mobilni ure\u0111aji: <\/b>Nakon otvaranja plakata&nbsp;<strong>slike je mogu\u0107e pove\u0107ati<\/strong> <strong>dijagonalnim pokretom prstiju<\/strong><\/li>\n<li style=\"text-align: left;\">Nakon pove\u0107anja slike po plakatu se mogu\u0107e pomicati dr\u017eanjem lijeve tipke mi\u0161a (ra\u010dunalo) odnosno pomo\u0107u prsta (mobilni ure\u0111aji)&nbsp;<\/li>\n<\/ul>\t\t\t\t\t\t\t\t<\/div>\n\t\t\t\t<\/div>\n\t\t\t\t\t<\/div>\n\t\t<\/div>\n\t\t\t\t\t<\/div>\n\t\t<\/section>\n\t\t\t\t<section class=\"elementor-section elementor-top-section elementor-element elementor-element-11f2fb1a elementor-section-boxed elementor-section-height-default elementor-section-height-default\" data-id=\"11f2fb1a\" data-element_type=\"section\" data-settings=\"{&quot;background_background&quot;:&quot;classic&quot;}\">\n\t\t\t\t\t\t<div class=\"elementor-container elementor-column-gap-default\">\n\t\t\t\t\t<div class=\"elementor-column elementor-col-100 elementor-top-column elementor-element elementor-element-2c6ad67b\" data-id=\"2c6ad67b\" data-element_type=\"column\">\n\t\t\t<div class=\"elementor-widget-wrap elementor-element-populated\">\n\t\t\t\t\t\t<div class=\"elementor-element elementor-element-2fa501c elementor-widget elementor-widget-text-editor\" data-id=\"2fa501c\" data-element_type=\"widget\" data-widget_type=\"text-editor.default\">\n\t\t\t\t<div class=\"elementor-widget-container\">\n\t\t\t\t\t\t\t\t\t<iframe src=\"https:\/\/player.flipsnack.com?hash=RTk3RjhBODhCN0EraGo1ZzU5dGd2dQ==\" width=\"100%\" height=\"800\" seamless=\"seamless\" scrolling=\"no\" frameborder=\"0\" allowfullscreen allow=\"autoplay; clipboard-read; clipboard-write\"><\/iframe>\t\t\t\t\t\t\t\t<\/div>\n\t\t\t\t<\/div>\n\t\t\t\t\t<\/div>\n\t\t<\/div>\n\t\t\t\t\t<\/div>\n\t\t<\/section>\n\t\t\t\t<\/div>","protected":false},"excerpt":{"rendered":"<p>Izlo\u017eba &#8220;Bulwark of Europe&#8221;18. No\u0107 muzeja (Muzej Ivani\u0107-Grada) Izlo\u017eba od 17 plakata predstavlja projekt \u201cBulwark of Europe \u2013 Digitizing the Habsburg-Ottoman Frontier\u201d. Izlo\u017eba je zami\u0161ljena u \u010detiri cjeline. Prva cjelina (plakati 1-4) ukratko prezentira osnovne ciljeve projekta te pru\u017ea uvid u okolnosti hrvatsko-slavonskog vojnokraji\u0161kog prostora u 16. stolje\u0107u. Druga cjelina (plakati 5-9) na primjeru pet [&hellip;]<\/p>","protected":false},"author":1,"featured_media":1162,"parent":0,"menu_order":0,"comment_status":"closed","ping_status":"closed","template":"","meta":{"_acf_changed":false,"_monsterinsights_skip_tracking":false,"_monsterinsights_sitenote_active":false,"_monsterinsights_sitenote_note":"","_monsterinsights_sitenote_category":0,"site-sidebar-layout":"no-sidebar","site-content-layout":"page-builder","ast-site-content-layout":"default","site-content-style":"default","site-sidebar-style":"default","ast-global-header-display":"","ast-banner-title-visibility":"","ast-main-header-display":"","ast-hfb-above-header-display":"","ast-hfb-below-header-display":"","ast-hfb-mobile-header-display":"","site-post-title":"disabled","ast-breadcrumbs-content":"","ast-featured-img":"disabled","footer-sml-layout":"","ast-disable-related-posts":"","theme-transparent-header-meta":"default","adv-header-id-meta":"","stick-header-meta":"","header-above-stick-meta":"","header-main-stick-meta":"","header-below-stick-meta":"","astra-migrate-meta-layouts":"default","ast-page-background-enabled":"default","ast-page-background-meta":{"desktop":{"background-color":"","background-image":"","background-repeat":"repeat","background-position":"center center","background-size":"auto","background-attachment":"scroll","background-type":"","background-media":"","overlay-type":"","overlay-color":"","overlay-opacity":"","overlay-gradient":""},"tablet":{"background-color":"","background-image":"","background-repeat":"repeat","background-position":"center center","background-size":"auto","background-attachment":"scroll","background-type":"","background-media":"","overlay-type":"","overlay-color":"","overlay-opacity":"","overlay-gradient":""},"mobile":{"background-color":"","background-image":"","background-repeat":"repeat","background-position":"center center","background-size":"auto","background-attachment":"scroll","background-type":"","background-media":"","overlay-type":"","overlay-color":"","overlay-opacity":"","overlay-gradient":""}},"ast-content-background-meta":{"desktop":{"background-color":"var(--ast-global-color-5)","background-image":"","background-repeat":"repeat","background-position":"center center","background-size":"auto","background-attachment":"scroll","background-type":"","background-media":"","overlay-type":"","overlay-color":"","overlay-opacity":"","overlay-gradient":""},"tablet":{"background-color":"var(--ast-global-color-5)","background-image":"","background-repeat":"repeat","background-position":"center center","background-size":"auto","background-attachment":"scroll","background-type":"","background-media":"","overlay-type":"","overlay-color":"","overlay-opacity":"","overlay-gradient":""},"mobile":{"background-color":"var(--ast-global-color-5)","background-image":"","background-repeat":"repeat","background-position":"center center","background-size":"auto","background-attachment":"scroll","background-type":"","background-media":"","overlay-type":"","overlay-color":"","overlay-opacity":"","overlay-gradient":""}},"footnotes":""},"class_list":["post-3034","page","type-page","status-publish","has-post-thumbnail","hentry"],"acf":[],"yoast_head":"<!-- This site is optimized with the Yoast SEO plugin v26.6 - https:\/\/yoast.com\/wordpress\/plugins\/seo\/ -->\n<title>Izlo\u017eba projekta &quot;Bulwark of Europe&quot; - Bulwark of Europe<\/title>\n<meta name=\"description\" content=\"Izlo\u017eba projekta &quot;Bulwark of Europe&quot; u 10 plakata koja prikazuje glavne aktivnosti projekta na polju digitalne i javne povijesti. Kliofest.\" \/>\n<meta name=\"robots\" content=\"index, follow, max-snippet:-1, max-image-preview:large, max-video-preview:-1\" \/>\n<link rel=\"canonical\" href=\"https:\/\/vojnakrajina.ffzg.unizg.hr\/en\/izlozba-bulwark-of-europe\/\" \/>\n<meta property=\"og:locale\" content=\"en_GB\" \/>\n<meta property=\"og:type\" content=\"article\" \/>\n<meta property=\"og:title\" content=\"Izlo\u017eba projekta &quot;Bulwark of Europe&quot; - Bulwark of Europe\" \/>\n<meta property=\"og:description\" content=\"Izlo\u017eba projekta &quot;Bulwark of Europe&quot; u 10 plakata koja prikazuje glavne aktivnosti projekta na polju digitalne i javne povijesti. Kliofest.\" \/>\n<meta property=\"og:url\" content=\"https:\/\/vojnakrajina.ffzg.unizg.hr\/en\/izlozba-bulwark-of-europe\/\" \/>\n<meta property=\"og:site_name\" content=\"Bulwark of Europe\" \/>\n<meta property=\"article:modified_time\" content=\"2023-01-19T15:32:08+00:00\" \/>\n<meta property=\"og:image\" content=\"https:\/\/vojnakrajina.ffzg.unizg.hr\/wp-content\/uploads\/2019\/07\/Featureddd-slika.jpg\" \/>\n\t<meta property=\"og:image:width\" content=\"1201\" \/>\n\t<meta property=\"og:image:height\" content=\"720\" \/>\n\t<meta property=\"og:image:type\" content=\"image\/jpeg\" \/>\n<meta name=\"twitter:card\" content=\"summary_large_image\" \/>\n<meta name=\"twitter:label1\" content=\"Estimated reading time\" \/>\n\t<meta name=\"twitter:data1\" content=\"1 minute\" \/>\n<script type=\"application\/ld+json\" class=\"yoast-schema-graph\">{\"@context\":\"https:\/\/schema.org\",\"@graph\":[{\"@type\":\"WebPage\",\"@id\":\"https:\/\/vojnakrajina.ffzg.unizg.hr\/izlozba-bulwark-of-europe\/\",\"url\":\"https:\/\/vojnakrajina.ffzg.unizg.hr\/izlozba-bulwark-of-europe\/\",\"name\":\"Izlo\u017eba projekta \\\"Bulwark of Europe\\\" - Bulwark of Europe\",\"isPartOf\":{\"@id\":\"https:\/\/vojnakrajina.ffzg.unizg.hr\/#website\"},\"primaryImageOfPage\":{\"@id\":\"https:\/\/vojnakrajina.ffzg.unizg.hr\/izlozba-bulwark-of-europe\/#primaryimage\"},\"image\":{\"@id\":\"https:\/\/vojnakrajina.ffzg.unizg.hr\/izlozba-bulwark-of-europe\/#primaryimage\"},\"thumbnailUrl\":\"https:\/\/vojnakrajina.ffzg.unizg.hr\/wp-content\/uploads\/2019\/07\/Featureddd-slika.jpg\",\"datePublished\":\"2021-05-11T23:19:38+00:00\",\"dateModified\":\"2023-01-19T15:32:08+00:00\",\"description\":\"Izlo\u017eba projekta \\\"Bulwark of Europe\\\" u 10 plakata koja prikazuje glavne aktivnosti projekta na polju digitalne i javne povijesti. Kliofest.\",\"breadcrumb\":{\"@id\":\"https:\/\/vojnakrajina.ffzg.unizg.hr\/izlozba-bulwark-of-europe\/#breadcrumb\"},\"inLanguage\":\"en-GB\",\"potentialAction\":[{\"@type\":\"ReadAction\",\"target\":[\"https:\/\/vojnakrajina.ffzg.unizg.hr\/izlozba-bulwark-of-europe\/\"]}]},{\"@type\":\"ImageObject\",\"inLanguage\":\"en-GB\",\"@id\":\"https:\/\/vojnakrajina.ffzg.unizg.hr\/izlozba-bulwark-of-europe\/#primaryimage\",\"url\":\"https:\/\/vojnakrajina.ffzg.unizg.hr\/wp-content\/uploads\/2019\/07\/Featureddd-slika.jpg\",\"contentUrl\":\"https:\/\/vojnakrajina.ffzg.unizg.hr\/wp-content\/uploads\/2019\/07\/Featureddd-slika.jpg\",\"width\":1201,\"height\":720,\"caption\":\"Bulwark of Europe - Digitizing the Habsburg-Ottoman Frontier\"},{\"@type\":\"BreadcrumbList\",\"@id\":\"https:\/\/vojnakrajina.ffzg.unizg.hr\/izlozba-bulwark-of-europe\/#breadcrumb\",\"itemListElement\":[{\"@type\":\"ListItem\",\"position\":1,\"name\":\"Home\",\"item\":\"https:\/\/vojnakrajina.ffzg.unizg.hr\/\"},{\"@type\":\"ListItem\",\"position\":2,\"name\":\"Izlo\u017eba &#8220;Bulwark of Europe&#8221;\"}]},{\"@type\":\"WebSite\",\"@id\":\"https:\/\/vojnakrajina.ffzg.unizg.hr\/#website\",\"url\":\"https:\/\/vojnakrajina.ffzg.unizg.hr\/\",\"name\":\"Bulwark of Europe - Vojna krajina u 16. stolje\u0107u\",\"description\":\"Digitizing Habsburg-Ottoman Border\",\"potentialAction\":[{\"@type\":\"SearchAction\",\"target\":{\"@type\":\"EntryPoint\",\"urlTemplate\":\"https:\/\/vojnakrajina.ffzg.unizg.hr\/?s={search_term_string}\"},\"query-input\":{\"@type\":\"PropertyValueSpecification\",\"valueRequired\":true,\"valueName\":\"search_term_string\"}}],\"inLanguage\":\"en-GB\"}]}<\/script>\n<!-- \/ Yoast SEO plugin. -->","yoast_head_json":{"title":"Izlo\u017eba projekta \"Bulwark of Europe\" - Bulwark of Europe","description":"Izlo\u017eba projekta \"Bulwark of Europe\" u 10 plakata koja prikazuje glavne aktivnosti projekta na polju digitalne i javne povijesti. Kliofest.","robots":{"index":"index","follow":"follow","max-snippet":"max-snippet:-1","max-image-preview":"max-image-preview:large","max-video-preview":"max-video-preview:-1"},"canonical":"https:\/\/vojnakrajina.ffzg.unizg.hr\/en\/izlozba-bulwark-of-europe\/","og_locale":"en_GB","og_type":"article","og_title":"Izlo\u017eba projekta \"Bulwark of Europe\" - Bulwark of Europe","og_description":"Izlo\u017eba projekta \"Bulwark of Europe\" u 10 plakata koja prikazuje glavne aktivnosti projekta na polju digitalne i javne povijesti. Kliofest.","og_url":"https:\/\/vojnakrajina.ffzg.unizg.hr\/en\/izlozba-bulwark-of-europe\/","og_site_name":"Bulwark of Europe","article_modified_time":"2023-01-19T15:32:08+00:00","og_image":[{"width":1201,"height":720,"url":"https:\/\/vojnakrajina.ffzg.unizg.hr\/wp-content\/uploads\/2019\/07\/Featureddd-slika.jpg","type":"image\/jpeg"}],"twitter_card":"summary_large_image","twitter_misc":{"Estimated reading time":"1 minute"},"schema":{"@context":"https:\/\/schema.org","@graph":[{"@type":"WebPage","@id":"https:\/\/vojnakrajina.ffzg.unizg.hr\/izlozba-bulwark-of-europe\/","url":"https:\/\/vojnakrajina.ffzg.unizg.hr\/izlozba-bulwark-of-europe\/","name":"Izlo\u017eba projekta \"Bulwark of Europe\" - Bulwark of Europe","isPartOf":{"@id":"https:\/\/vojnakrajina.ffzg.unizg.hr\/#website"},"primaryImageOfPage":{"@id":"https:\/\/vojnakrajina.ffzg.unizg.hr\/izlozba-bulwark-of-europe\/#primaryimage"},"image":{"@id":"https:\/\/vojnakrajina.ffzg.unizg.hr\/izlozba-bulwark-of-europe\/#primaryimage"},"thumbnailUrl":"https:\/\/vojnakrajina.ffzg.unizg.hr\/wp-content\/uploads\/2019\/07\/Featureddd-slika.jpg","datePublished":"2021-05-11T23:19:38+00:00","dateModified":"2023-01-19T15:32:08+00:00","description":"Izlo\u017eba projekta \"Bulwark of Europe\" u 10 plakata koja prikazuje glavne aktivnosti projekta na polju digitalne i javne povijesti. Kliofest.","breadcrumb":{"@id":"https:\/\/vojnakrajina.ffzg.unizg.hr\/izlozba-bulwark-of-europe\/#breadcrumb"},"inLanguage":"en-GB","potentialAction":[{"@type":"ReadAction","target":["https:\/\/vojnakrajina.ffzg.unizg.hr\/izlozba-bulwark-of-europe\/"]}]},{"@type":"ImageObject","inLanguage":"en-GB","@id":"https:\/\/vojnakrajina.ffzg.unizg.hr\/izlozba-bulwark-of-europe\/#primaryimage","url":"https:\/\/vojnakrajina.ffzg.unizg.hr\/wp-content\/uploads\/2019\/07\/Featureddd-slika.jpg","contentUrl":"https:\/\/vojnakrajina.ffzg.unizg.hr\/wp-content\/uploads\/2019\/07\/Featureddd-slika.jpg","width":1201,"height":720,"caption":"Bulwark of Europe - Digitizing the Habsburg-Ottoman Frontier"},{"@type":"BreadcrumbList","@id":"https:\/\/vojnakrajina.ffzg.unizg.hr\/izlozba-bulwark-of-europe\/#breadcrumb","itemListElement":[{"@type":"ListItem","position":1,"name":"Home","item":"https:\/\/vojnakrajina.ffzg.unizg.hr\/"},{"@type":"ListItem","position":2,"name":"Izlo\u017eba &#8220;Bulwark of Europe&#8221;"}]},{"@type":"WebSite","@id":"https:\/\/vojnakrajina.ffzg.unizg.hr\/#website","url":"https:\/\/vojnakrajina.ffzg.unizg.hr\/","name":"Bulwark of Europe - Vojna krajina u 16. stolje\u0107u","description":"Digitizing Habsburg-Ottoman Border","potentialAction":[{"@type":"SearchAction","target":{"@type":"EntryPoint","urlTemplate":"https:\/\/vojnakrajina.ffzg.unizg.hr\/?s={search_term_string}"},"query-input":{"@type":"PropertyValueSpecification","valueRequired":true,"valueName":"search_term_string"}}],"inLanguage":"en-GB"}]}},"_links":{"self":[{"href":"https:\/\/vojnakrajina.ffzg.unizg.hr\/en\/wp-json\/wp\/v2\/pages\/3034","targetHints":{"allow":["GET"]}}],"collection":[{"href":"https:\/\/vojnakrajina.ffzg.unizg.hr\/en\/wp-json\/wp\/v2\/pages"}],"about":[{"href":"https:\/\/vojnakrajina.ffzg.unizg.hr\/en\/wp-json\/wp\/v2\/types\/page"}],"author":[{"embeddable":true,"href":"https:\/\/vojnakrajina.ffzg.unizg.hr\/en\/wp-json\/wp\/v2\/users\/1"}],"replies":[{"embeddable":true,"href":"https:\/\/vojnakrajina.ffzg.unizg.hr\/en\/wp-json\/wp\/v2\/comments?post=3034"}],"version-history":[{"count":77,"href":"https:\/\/vojnakrajina.ffzg.unizg.hr\/en\/wp-json\/wp\/v2\/pages\/3034\/revisions"}],"predecessor-version":[{"id":3554,"href":"https:\/\/vojnakrajina.ffzg.unizg.hr\/en\/wp-json\/wp\/v2\/pages\/3034\/revisions\/3554"}],"wp:featuredmedia":[{"embeddable":true,"href":"https:\/\/vojnakrajina.ffzg.unizg.hr\/en\/wp-json\/wp\/v2\/media\/1162"}],"wp:attachment":[{"href":"https:\/\/vojnakrajina.ffzg.unizg.hr\/en\/wp-json\/wp\/v2\/media?parent=3034"}],"curies":[{"name":"wp","href":"https:\/\/api.w.org\/{rel}","templated":true}]}}