{"id":452,"date":"2019-07-02T12:51:44","date_gmt":"2019-07-02T12:51:44","guid":{"rendered":"https:\/\/vojnakrajina.ffzg.unizg.hr\/?page_id=452"},"modified":"2020-06-15T18:03:13","modified_gmt":"2020-06-15T16:03:13","slug":"dodaci","status":"publish","type":"page","link":"https:\/\/vojnakrajina.ffzg.unizg.hr\/en\/dodaci\/","title":{"rendered":"Extras"},"content":{"rendered":"<div data-elementor-type=\"wp-post\" data-elementor-id=\"452\" class=\"elementor elementor-452\">\n\t\t\t\t\t\t<section class=\"elementor-section elementor-top-section elementor-element elementor-element-5969a393 elementor-section-boxed elementor-section-height-default elementor-section-height-default\" data-id=\"5969a393\" data-element_type=\"section\" data-settings=\"{&quot;background_background&quot;:&quot;classic&quot;}\">\n\t\t\t\t\t\t<div class=\"elementor-container elementor-column-gap-default\">\n\t\t\t\t\t<div class=\"elementor-column elementor-col-100 elementor-top-column elementor-element elementor-element-10f5f2b6\" data-id=\"10f5f2b6\" data-element_type=\"column\">\n\t\t\t<div class=\"elementor-widget-wrap elementor-element-populated\">\n\t\t\t\t\t\t<div class=\"elementor-element elementor-element-42cd4d9a elementor-widget elementor-widget-heading\" data-id=\"42cd4d9a\" data-element_type=\"widget\" data-widget_type=\"heading.default\">\n\t\t\t\t<div class=\"elementor-widget-container\">\n\t\t\t\t\t<h2 class=\"elementor-heading-title elementor-size-default\">Extras<\/h2>\t\t\t\t<\/div>\n\t\t\t\t<\/div>\n\t\t\t\t<div class=\"elementor-element elementor-element-9c2e23 elementor-widget elementor-widget-heading\" data-id=\"9c2e23\" data-element_type=\"widget\" data-widget_type=\"heading.default\">\n\t\t\t\t<div class=\"elementor-widget-container\">\n\t\t\t\t\t<h2 class=\"elementor-heading-title elementor-size-default\">Maps, literature, sources<\/h2>\t\t\t\t<\/div>\n\t\t\t\t<\/div>\n\t\t\t\t\t<\/div>\n\t\t<\/div>\n\t\t\t\t\t<\/div>\n\t\t<\/section>\n\t\t\t\t<section class=\"elementor-section elementor-inner-section elementor-element elementor-element-78ae8321 elementor-section-boxed elementor-section-height-default elementor-section-height-default\" data-id=\"78ae8321\" data-element_type=\"section\" data-settings=\"{&quot;background_background&quot;:&quot;classic&quot;}\">\n\t\t\t\t\t\t<div class=\"elementor-container elementor-column-gap-default\">\n\t\t\t\t\t<div class=\"elementor-column elementor-col-50 elementor-inner-column elementor-element elementor-element-3d45526b elementor-invisible\" data-id=\"3d45526b\" data-element_type=\"column\" data-settings=\"{&quot;animation&quot;:&quot;slideInLeft&quot;}\">\n\t\t\t<div class=\"elementor-widget-wrap elementor-element-populated\">\n\t\t\t\t\t\t<div class=\"elementor-element elementor-element-5f5d561 elementor-widget elementor-widget-image-box\" data-id=\"5f5d561\" data-element_type=\"widget\" data-widget_type=\"image-box.default\">\n\t\t\t\t<div class=\"elementor-widget-container\">\n\t\t\t\t\t<div class=\"elementor-image-box-wrapper\"><div class=\"elementor-image-box-content\"><h5 class=\"elementor-image-box-title\"><span style=\"font-style: normal\"><span style=\"color: #943616\"><b>CARTOGRAPHIC SOURCES<\/b><\/span><\/span><\/h5><p class=\"elementor-image-box-description\">Many Frontier fortresses have been destroyed and no traces remain of them. <\/br>In order to locate such fortresses, researchers turn to contemporary cartographic sources. Click here to accesses and explore them.<\/p><\/div><\/div>\t\t\t\t<\/div>\n\t\t\t\t<\/div>\n\t\t\t\t<div class=\"elementor-element elementor-element-2c4f5fb5 elementor-widget elementor-widget-image\" data-id=\"2c4f5fb5\" data-element_type=\"widget\" data-widget_type=\"image.default\">\n\t\t\t\t<div class=\"elementor-widget-container\">\n\t\t\t\t\t\t\t\t\t\t\t\t\t\t\t\t<a href=\"https:\/\/vojnakrajina.ffzg.unizg.hr\/en\/kartografski-izvori\/\">\n\t\t\t\t\t\t\t<img fetchpriority=\"high\" decoding=\"async\" width=\"620\" height=\"800\" src=\"https:\/\/vojnakrajina.ffzg.unizg.hr\/wp-content\/uploads\/2019\/07\/dodaci-icon-2.png\" class=\"elementor-animation-grow attachment-large size-large wp-image-877\" alt=\"Dodatci\" srcset=\"https:\/\/vojnakrajina.ffzg.unizg.hr\/wp-content\/uploads\/2019\/07\/dodaci-icon-2.png 620w, https:\/\/vojnakrajina.ffzg.unizg.hr\/wp-content\/uploads\/2019\/07\/dodaci-icon-2-233x300.png 233w\" sizes=\"(max-width: 620px) 100vw, 620px\" \/>\t\t\t\t\t\t\t\t<\/a>\n\t\t\t\t\t\t\t\t\t\t\t\t\t\t\t<\/div>\n\t\t\t\t<\/div>\n\t\t\t\t\t<\/div>\n\t\t<\/div>\n\t\t\t\t<div class=\"elementor-column elementor-col-50 elementor-inner-column elementor-element elementor-element-783d0758 elementor-invisible\" data-id=\"783d0758\" data-element_type=\"column\" data-settings=\"{&quot;animation&quot;:&quot;slideInRight&quot;}\">\n\t\t\t<div class=\"elementor-widget-wrap elementor-element-populated\">\n\t\t\t\t\t\t<div class=\"elementor-element elementor-element-fe3ddfe elementor-widget elementor-widget-image-box\" data-id=\"fe3ddfe\" data-element_type=\"widget\" data-widget_type=\"image-box.default\">\n\t\t\t\t<div class=\"elementor-widget-container\">\n\t\t\t\t\t<div class=\"elementor-image-box-wrapper\"><div class=\"elementor-image-box-content\"><h5 class=\"elementor-image-box-title\"><span style=\"font-style: normal\"><span style=\"color: #943616\"><b>LITERATURE<\/b><\/span><\/span><\/h5><p class=\"elementor-image-box-description\">The Military Frontier is a unique phenomenon which has forever changed the history of Croatian lands. It has fascinated and continues to fascinate many researchers. Click here to access a list of recommended literature, websites, and projects on the subject. <\/p><\/div><\/div>\t\t\t\t<\/div>\n\t\t\t\t<\/div>\n\t\t\t\t<div class=\"elementor-element elementor-element-6711c2f4 elementor-widget elementor-widget-image\" data-id=\"6711c2f4\" data-element_type=\"widget\" data-widget_type=\"image.default\">\n\t\t\t\t<div class=\"elementor-widget-container\">\n\t\t\t\t\t\t\t\t\t\t\t\t\t\t\t\t<a href=\"https:\/\/vojnakrajina.ffzg.unizg.hr\/en\/literatura\/\">\n\t\t\t\t\t\t\t<img decoding=\"async\" width=\"620\" height=\"800\" src=\"https:\/\/vojnakrajina.ffzg.unizg.hr\/wp-content\/uploads\/2019\/07\/dodaci-icon-1.png\" class=\"elementor-animation-grow attachment-large size-large wp-image-876\" alt=\"Dodatci\" srcset=\"https:\/\/vojnakrajina.ffzg.unizg.hr\/wp-content\/uploads\/2019\/07\/dodaci-icon-1.png 620w, https:\/\/vojnakrajina.ffzg.unizg.hr\/wp-content\/uploads\/2019\/07\/dodaci-icon-1-233x300.png 233w\" sizes=\"(max-width: 620px) 100vw, 620px\" \/>\t\t\t\t\t\t\t\t<\/a>\n\t\t\t\t\t\t\t\t\t\t\t\t\t\t\t<\/div>\n\t\t\t\t<\/div>\n\t\t\t\t\t<\/div>\n\t\t<\/div>\n\t\t\t\t\t<\/div>\n\t\t<\/section>\n\t\t\t\t<section class=\"elementor-section elementor-inner-section elementor-element elementor-element-2d088b1 elementor-section-boxed elementor-section-height-default elementor-section-height-default\" data-id=\"2d088b1\" data-element_type=\"section\" data-settings=\"{&quot;background_background&quot;:&quot;classic&quot;}\">\n\t\t\t\t\t\t<div class=\"elementor-container elementor-column-gap-default\">\n\t\t\t\t\t<div class=\"elementor-column elementor-col-50 elementor-inner-column elementor-element elementor-element-5a4f9d7 elementor-invisible\" data-id=\"5a4f9d7\" data-element_type=\"column\" data-settings=\"{&quot;animation&quot;:&quot;slideInLeft&quot;}\">\n\t\t\t<div class=\"elementor-widget-wrap elementor-element-populated\">\n\t\t\t\t\t\t<div class=\"elementor-element elementor-element-1c1accd elementor-widget elementor-widget-image-box\" data-id=\"1c1accd\" data-element_type=\"widget\" data-widget_type=\"image-box.default\">\n\t\t\t\t<div class=\"elementor-widget-container\">\n\t\t\t\t\t<div class=\"elementor-image-box-wrapper\"><div class=\"elementor-image-box-content\"><h5 class=\"elementor-image-box-title\"><span style=\"font-style: normal\"><span style=\"color: #943616\"><b>SCANNED LITERATURE<\/b><\/span><\/span><\/h5><p class=\"elementor-image-box-description\">Much has been written about the Military Frontier and frontiersmen. Click here to access scans of relevant articles and book chapters on the Military Frontier and 16th century history.<\/p><\/div><\/div>\t\t\t\t<\/div>\n\t\t\t\t<\/div>\n\t\t\t\t<div class=\"elementor-element elementor-element-5890d83 elementor-widget elementor-widget-image\" data-id=\"5890d83\" data-element_type=\"widget\" data-widget_type=\"image.default\">\n\t\t\t\t<div class=\"elementor-widget-container\">\n\t\t\t\t\t\t\t\t\t\t\t\t\t\t\t\t<a href=\"https:\/\/vojnakrajina.ffzg.unizg.hr\/en\/skenirana-literatura\/\">\n\t\t\t\t\t\t\t<img decoding=\"async\" width=\"740\" height=\"1024\" src=\"https:\/\/vojnakrajina.ffzg.unizg.hr\/wp-content\/uploads\/2020\/03\/Literatura-strelica-740x1024.png\" class=\"elementor-animation-grow attachment-large size-large wp-image-1620\" alt=\"Literatura\" srcset=\"https:\/\/vojnakrajina.ffzg.unizg.hr\/wp-content\/uploads\/2020\/03\/Literatura-strelica-740x1024.png 740w, https:\/\/vojnakrajina.ffzg.unizg.hr\/wp-content\/uploads\/2020\/03\/Literatura-strelica-217x300.png 217w, https:\/\/vojnakrajina.ffzg.unizg.hr\/wp-content\/uploads\/2020\/03\/Literatura-strelica.png 745w\" sizes=\"(max-width: 740px) 100vw, 740px\" \/>\t\t\t\t\t\t\t\t<\/a>\n\t\t\t\t\t\t\t\t\t\t\t\t\t\t\t<\/div>\n\t\t\t\t<\/div>\n\t\t\t\t\t<\/div>\n\t\t<\/div>\n\t\t\t\t<div class=\"elementor-column elementor-col-50 elementor-inner-column elementor-element elementor-element-439e480 elementor-invisible\" data-id=\"439e480\" data-element_type=\"column\" data-settings=\"{&quot;animation&quot;:&quot;slideInRight&quot;}\">\n\t\t\t<div class=\"elementor-widget-wrap elementor-element-populated\">\n\t\t\t\t\t\t<div class=\"elementor-element elementor-element-cec3a9a elementor-widget elementor-widget-image-box\" data-id=\"cec3a9a\" data-element_type=\"widget\" data-widget_type=\"image-box.default\">\n\t\t\t\t<div class=\"elementor-widget-container\">\n\t\t\t\t\t<div class=\"elementor-image-box-wrapper\"><div class=\"elementor-image-box-content\"><h5 class=\"elementor-image-box-title\"><span style=\"font-style: normal\"><span style=\"color: #943616\"><b>SCANNED SOURCES<\/b><\/span><\/span><\/h5><p class=\"elementor-image-box-description translation-block\">Sources on the Military Frontier were available by exceptional individuals such as Radoslav Lopa\u0161i\u0107 and Emilij Laszowski, among others. Click here to access scans of selected sources pertaining to the Military Frontier.<\/p><\/div><\/div>\t\t\t\t<\/div>\n\t\t\t\t<\/div>\n\t\t\t\t<div class=\"elementor-element elementor-element-cd6b568 elementor-widget elementor-widget-image\" data-id=\"cd6b568\" data-element_type=\"widget\" data-widget_type=\"image.default\">\n\t\t\t\t<div class=\"elementor-widget-container\">\n\t\t\t\t\t\t\t\t\t\t\t\t\t\t\t\t<a href=\"https:\/\/vojnakrajina.ffzg.unizg.hr\/en\/skenirani-izvori\/\">\n\t\t\t\t\t\t\t<img loading=\"lazy\" decoding=\"async\" width=\"740\" height=\"1024\" src=\"https:\/\/vojnakrajina.ffzg.unizg.hr\/wp-content\/uploads\/2020\/03\/Izvori-SIVI-strelica-740x1024.png\" class=\"elementor-animation-grow attachment-large size-large wp-image-1625\" alt=\"Izvori\" srcset=\"https:\/\/vojnakrajina.ffzg.unizg.hr\/wp-content\/uploads\/2020\/03\/Izvori-SIVI-strelica-740x1024.png 740w, https:\/\/vojnakrajina.ffzg.unizg.hr\/wp-content\/uploads\/2020\/03\/Izvori-SIVI-strelica-217x300.png 217w, https:\/\/vojnakrajina.ffzg.unizg.hr\/wp-content\/uploads\/2020\/03\/Izvori-SIVI-strelica.png 745w\" sizes=\"(max-width: 740px) 100vw, 740px\" \/>\t\t\t\t\t\t\t\t<\/a>\n\t\t\t\t\t\t\t\t\t\t\t\t\t\t\t<\/div>\n\t\t\t\t<\/div>\n\t\t\t\t\t<\/div>\n\t\t<\/div>\n\t\t\t\t\t<\/div>\n\t\t<\/section>\n\t\t\t\t<\/div>","protected":false},"excerpt":{"rendered":"<p>Dodaci Karte, literatura, izvori&#8230; Kartografski izvori Mnoge kraji\u0161ke utvrde su potpuno uni\u0161tene i danas im nema traga &#8211; u takvim slu\u010dajevima za ubiciranje je potrebno konzultirati onovremene kartografske izvore. U nastavku donosimo nekoliko karata koje mo\u017eete i sami istra\u017eiti. Literatura o vojnoj krajini Vojna krajina je specifi\u010dan fenomen koji je zauvijek promijenio povijest hrvatskog prostora. [&hellip;]<\/p>","protected":false},"author":1,"featured_media":0,"parent":0,"menu_order":0,"comment_status":"closed","ping_status":"closed","template":"","meta":{"_monsterinsights_skip_tracking":false,"_monsterinsights_sitenote_active":false,"_monsterinsights_sitenote_note":"","_monsterinsights_sitenote_category":0,"site-sidebar-layout":"no-sidebar","site-content-layout":"page-builder","ast-site-content-layout":"default","site-content-style":"default","site-sidebar-style":"default","ast-global-header-display":"","ast-banner-title-visibility":"","ast-main-header-display":"","ast-hfb-above-header-display":"","ast-hfb-below-header-display":"","ast-hfb-mobile-header-display":"","site-post-title":"disabled","ast-breadcrumbs-content":"","ast-featured-img":"disabled","footer-sml-layout":"","ast-disable-related-posts":"","theme-transparent-header-meta":"disabled","adv-header-id-meta":"","stick-header-meta":"","header-above-stick-meta":"","header-main-stick-meta":"","header-below-stick-meta":"","astra-migrate-meta-layouts":"default","ast-page-background-enabled":"default","ast-page-background-meta":{"desktop":{"background-color":"","background-image":"","background-repeat":"repeat","background-position":"center center","background-size":"auto","background-attachment":"scroll","background-type":"","background-media":"","overlay-type":"","overlay-color":"","overlay-opacity":"","overlay-gradient":""},"tablet":{"background-color":"","background-image":"","background-repeat":"repeat","background-position":"center center","background-size":"auto","background-attachment":"scroll","background-type":"","background-media":"","overlay-type":"","overlay-color":"","overlay-opacity":"","overlay-gradient":""},"mobile":{"background-color":"","background-image":"","background-repeat":"repeat","background-position":"center center","background-size":"auto","background-attachment":"scroll","background-type":"","background-media":"","overlay-type":"","overlay-color":"","overlay-opacity":"","overlay-gradient":""}},"ast-content-background-meta":{"desktop":{"background-color":"var(--ast-global-color-5)","background-image":"","background-repeat":"repeat","background-position":"center center","background-size":"auto","background-attachment":"scroll","background-type":"","background-media":"","overlay-type":"","overlay-color":"","overlay-opacity":"","overlay-gradient":""},"tablet":{"background-color":"var(--ast-global-color-5)","background-image":"","background-repeat":"repeat","background-position":"center center","background-size":"auto","background-attachment":"scroll","background-type":"","background-media":"","overlay-type":"","overlay-color":"","overlay-opacity":"","overlay-gradient":""},"mobile":{"background-color":"var(--ast-global-color-5)","background-image":"","background-repeat":"repeat","background-position":"center center","background-size":"auto","background-attachment":"scroll","background-type":"","background-media":"","overlay-type":"","overlay-color":"","overlay-opacity":"","overlay-gradient":""}},"footnotes":""},"class_list":["post-452","page","type-page","status-publish","hentry"],"yoast_head":"<!-- This site is optimized with the Yoast SEO plugin v26.6 - https:\/\/yoast.com\/wordpress\/plugins\/seo\/ -->\n<title>Bulwark of Europe - Vojna krajina u 16. stolje\u0107u - Dodaci<\/title>\n<meta name=\"description\" content=\"Bulwark of Europe - digitalizirana povijest Vojne krajine. Istra\u017eite povijest Hrvatske i Slavonske vojne krajine u 16. stolje\u0107u.\" \/>\n<meta name=\"robots\" content=\"index, follow, max-snippet:-1, max-image-preview:large, max-video-preview:-1\" \/>\n<link rel=\"canonical\" href=\"https:\/\/vojnakrajina.ffzg.unizg.hr\/en\/dodaci\/\" \/>\n<meta property=\"og:locale\" content=\"en_GB\" \/>\n<meta property=\"og:type\" content=\"article\" \/>\n<meta property=\"og:title\" content=\"Bulwark of Europe - Vojna krajina u 16. stolje\u0107u - Dodaci\" \/>\n<meta property=\"og:description\" content=\"Bulwark of Europe - digitalizirana povijest Vojne krajine. Istra\u017eite povijest Hrvatske i Slavonske vojne krajine u 16. stolje\u0107u.\" \/>\n<meta property=\"og:url\" content=\"https:\/\/vojnakrajina.ffzg.unizg.hr\/en\/dodaci\/\" \/>\n<meta property=\"og:site_name\" content=\"Bulwark of Europe\" \/>\n<meta property=\"article:modified_time\" content=\"2020-06-15T16:03:13+00:00\" \/>\n<meta property=\"og:image\" content=\"https:\/\/vojnakrajina.ffzg.unizg.hr\/wp-content\/uploads\/2019\/07\/dodaci-icon-2.png\" \/>\n<meta name=\"twitter:card\" content=\"summary_large_image\" \/>\n<meta name=\"twitter:label1\" content=\"Estimated reading time\" \/>\n\t<meta name=\"twitter:data1\" content=\"1 minute\" \/>\n<script type=\"application\/ld+json\" class=\"yoast-schema-graph\">{\"@context\":\"https:\/\/schema.org\",\"@graph\":[{\"@type\":\"WebPage\",\"@id\":\"https:\/\/vojnakrajina.ffzg.unizg.hr\/dodaci\/\",\"url\":\"https:\/\/vojnakrajina.ffzg.unizg.hr\/dodaci\/\",\"name\":\"Bulwark of Europe - Vojna krajina u 16. stolje\u0107u - Dodaci\",\"isPartOf\":{\"@id\":\"https:\/\/vojnakrajina.ffzg.unizg.hr\/#website\"},\"primaryImageOfPage\":{\"@id\":\"https:\/\/vojnakrajina.ffzg.unizg.hr\/dodaci\/#primaryimage\"},\"image\":{\"@id\":\"https:\/\/vojnakrajina.ffzg.unizg.hr\/dodaci\/#primaryimage\"},\"thumbnailUrl\":\"https:\/\/vojnakrajina.ffzg.unizg.hr\/wp-content\/uploads\/2019\/07\/dodaci-icon-2.png\",\"datePublished\":\"2019-07-02T12:51:44+00:00\",\"dateModified\":\"2020-06-15T16:03:13+00:00\",\"description\":\"Bulwark of Europe - digitalizirana povijest Vojne krajine. Istra\u017eite povijest Hrvatske i Slavonske vojne krajine u 16. stolje\u0107u.\",\"breadcrumb\":{\"@id\":\"https:\/\/vojnakrajina.ffzg.unizg.hr\/dodaci\/#breadcrumb\"},\"inLanguage\":\"en-GB\",\"potentialAction\":[{\"@type\":\"ReadAction\",\"target\":[\"https:\/\/vojnakrajina.ffzg.unizg.hr\/dodaci\/\"]}]},{\"@type\":\"ImageObject\",\"inLanguage\":\"en-GB\",\"@id\":\"https:\/\/vojnakrajina.ffzg.unizg.hr\/dodaci\/#primaryimage\",\"url\":\"https:\/\/vojnakrajina.ffzg.unizg.hr\/wp-content\/uploads\/2019\/07\/dodaci-icon-2.png\",\"contentUrl\":\"https:\/\/vojnakrajina.ffzg.unizg.hr\/wp-content\/uploads\/2019\/07\/dodaci-icon-2.png\"},{\"@type\":\"BreadcrumbList\",\"@id\":\"https:\/\/vojnakrajina.ffzg.unizg.hr\/dodaci\/#breadcrumb\",\"itemListElement\":[{\"@type\":\"ListItem\",\"position\":1,\"name\":\"Home\",\"item\":\"https:\/\/vojnakrajina.ffzg.unizg.hr\/\"},{\"@type\":\"ListItem\",\"position\":2,\"name\":\"Dodaci\"}]},{\"@type\":\"WebSite\",\"@id\":\"https:\/\/vojnakrajina.ffzg.unizg.hr\/#website\",\"url\":\"https:\/\/vojnakrajina.ffzg.unizg.hr\/\",\"name\":\"Bulwark of Europe - Vojna krajina u 16. stolje\u0107u\",\"description\":\"Digitizing Habsburg-Ottoman Border\",\"potentialAction\":[{\"@type\":\"SearchAction\",\"target\":{\"@type\":\"EntryPoint\",\"urlTemplate\":\"https:\/\/vojnakrajina.ffzg.unizg.hr\/?s={search_term_string}\"},\"query-input\":{\"@type\":\"PropertyValueSpecification\",\"valueRequired\":true,\"valueName\":\"search_term_string\"}}],\"inLanguage\":\"en-GB\"}]}<\/script>\n<!-- \/ Yoast SEO plugin. -->","yoast_head_json":{"title":"Bulwark of Europe - Vojna krajina u 16. stolje\u0107u - Dodaci","description":"Bulwark of Europe - digitalizirana povijest Vojne krajine. Istra\u017eite povijest Hrvatske i Slavonske vojne krajine u 16. stolje\u0107u.","robots":{"index":"index","follow":"follow","max-snippet":"max-snippet:-1","max-image-preview":"max-image-preview:large","max-video-preview":"max-video-preview:-1"},"canonical":"https:\/\/vojnakrajina.ffzg.unizg.hr\/en\/dodaci\/","og_locale":"en_GB","og_type":"article","og_title":"Bulwark of Europe - Vojna krajina u 16. stolje\u0107u - Dodaci","og_description":"Bulwark of Europe - digitalizirana povijest Vojne krajine. Istra\u017eite povijest Hrvatske i Slavonske vojne krajine u 16. stolje\u0107u.","og_url":"https:\/\/vojnakrajina.ffzg.unizg.hr\/en\/dodaci\/","og_site_name":"Bulwark of Europe","article_modified_time":"2020-06-15T16:03:13+00:00","og_image":[{"url":"https:\/\/vojnakrajina.ffzg.unizg.hr\/wp-content\/uploads\/2019\/07\/dodaci-icon-2.png","type":"","width":"","height":""}],"twitter_card":"summary_large_image","twitter_misc":{"Estimated reading time":"1 minute"},"schema":{"@context":"https:\/\/schema.org","@graph":[{"@type":"WebPage","@id":"https:\/\/vojnakrajina.ffzg.unizg.hr\/dodaci\/","url":"https:\/\/vojnakrajina.ffzg.unizg.hr\/dodaci\/","name":"Bulwark of Europe - Vojna krajina u 16. stolje\u0107u - Dodaci","isPartOf":{"@id":"https:\/\/vojnakrajina.ffzg.unizg.hr\/#website"},"primaryImageOfPage":{"@id":"https:\/\/vojnakrajina.ffzg.unizg.hr\/dodaci\/#primaryimage"},"image":{"@id":"https:\/\/vojnakrajina.ffzg.unizg.hr\/dodaci\/#primaryimage"},"thumbnailUrl":"https:\/\/vojnakrajina.ffzg.unizg.hr\/wp-content\/uploads\/2019\/07\/dodaci-icon-2.png","datePublished":"2019-07-02T12:51:44+00:00","dateModified":"2020-06-15T16:03:13+00:00","description":"Bulwark of Europe - digitalizirana povijest Vojne krajine. Istra\u017eite povijest Hrvatske i Slavonske vojne krajine u 16. stolje\u0107u.","breadcrumb":{"@id":"https:\/\/vojnakrajina.ffzg.unizg.hr\/dodaci\/#breadcrumb"},"inLanguage":"en-GB","potentialAction":[{"@type":"ReadAction","target":["https:\/\/vojnakrajina.ffzg.unizg.hr\/dodaci\/"]}]},{"@type":"ImageObject","inLanguage":"en-GB","@id":"https:\/\/vojnakrajina.ffzg.unizg.hr\/dodaci\/#primaryimage","url":"https:\/\/vojnakrajina.ffzg.unizg.hr\/wp-content\/uploads\/2019\/07\/dodaci-icon-2.png","contentUrl":"https:\/\/vojnakrajina.ffzg.unizg.hr\/wp-content\/uploads\/2019\/07\/dodaci-icon-2.png"},{"@type":"BreadcrumbList","@id":"https:\/\/vojnakrajina.ffzg.unizg.hr\/dodaci\/#breadcrumb","itemListElement":[{"@type":"ListItem","position":1,"name":"Home","item":"https:\/\/vojnakrajina.ffzg.unizg.hr\/"},{"@type":"ListItem","position":2,"name":"Dodaci"}]},{"@type":"WebSite","@id":"https:\/\/vojnakrajina.ffzg.unizg.hr\/#website","url":"https:\/\/vojnakrajina.ffzg.unizg.hr\/","name":"Bulwark of Europe - Vojna krajina u 16. stolje\u0107u","description":"Digitizing Habsburg-Ottoman Border","potentialAction":[{"@type":"SearchAction","target":{"@type":"EntryPoint","urlTemplate":"https:\/\/vojnakrajina.ffzg.unizg.hr\/?s={search_term_string}"},"query-input":{"@type":"PropertyValueSpecification","valueRequired":true,"valueName":"search_term_string"}}],"inLanguage":"en-GB"}]}},"_links":{"self":[{"href":"https:\/\/vojnakrajina.ffzg.unizg.hr\/en\/wp-json\/wp\/v2\/pages\/452","targetHints":{"allow":["GET"]}}],"collection":[{"href":"https:\/\/vojnakrajina.ffzg.unizg.hr\/en\/wp-json\/wp\/v2\/pages"}],"about":[{"href":"https:\/\/vojnakrajina.ffzg.unizg.hr\/en\/wp-json\/wp\/v2\/types\/page"}],"author":[{"embeddable":true,"href":"https:\/\/vojnakrajina.ffzg.unizg.hr\/en\/wp-json\/wp\/v2\/users\/1"}],"replies":[{"embeddable":true,"href":"https:\/\/vojnakrajina.ffzg.unizg.hr\/en\/wp-json\/wp\/v2\/comments?post=452"}],"version-history":[{"count":16,"href":"https:\/\/vojnakrajina.ffzg.unizg.hr\/en\/wp-json\/wp\/v2\/pages\/452\/revisions"}],"predecessor-version":[{"id":2312,"href":"https:\/\/vojnakrajina.ffzg.unizg.hr\/en\/wp-json\/wp\/v2\/pages\/452\/revisions\/2312"}],"wp:attachment":[{"href":"https:\/\/vojnakrajina.ffzg.unizg.hr\/en\/wp-json\/wp\/v2\/media?parent=452"}],"curies":[{"name":"wp","href":"https:\/\/api.w.org\/{rel}","templated":true}]}}